{"id":7698,"date":"2024-07-12T17:40:15","date_gmt":"2024-07-12T21:40:15","guid":{"rendered":"https:\/\/artejoven.org\/?page_id=7698"},"modified":"2024-07-17T11:33:47","modified_gmt":"2024-07-17T15:33:47","slug":"yeinier-nunez-wajiro","status":"publish","type":"page","link":"https:\/\/artejoven.org\/fr\/beneficiarios\/yeinier-nunez-wajiro\/","title":{"rendered":"Yeinier N\u00fa\u00f1ez (Wajiro)"},"content":{"rendered":"","protected":false},"excerpt":{"rendered":"<p>Dipl\u00f4m\u00e9 de l'Universit\u00e9 des arts (ISA) \u00e0 Cuba. Il enseigne la sculpture \u00e0 la facult\u00e9 de restauration de l'ISA et, depuis 2019, il est assistant de production dans l'atelier du sculpteur Jos\u00e9 Villa Sober\u00f3n.<\/p>","protected":false},"author":1,"featured_media":7829,"parent":931,"menu_order":0,"comment_status":"closed","ping_status":"closed","template":"","meta":{"_acf_changed":false,"footnotes":"","_links_to":"","_links_to_target":""},"categories":[32,13],"tags":[63],"class_list":["post-7698","page","type-page","status-publish","has-post-thumbnail","hentry","category-artes-visuales-beneficiarios","category-beneficiarios","tag-63","post","post-with-thumbnail","post-with-thumbnail-large"],"acf":[],"aioseo_notices":[],"jetpack-related-posts":[{"id":6528,"url":"https:\/\/artejoven.org\/fr\/beneficiarios\/daniel-anton\/","url_meta":{"origin":7698,"position":0},"title":"Daniel Ant\u00f3n","author":"Ren\u00e9 Manuel Puig","date":"6 de d\u00e9cembre de 2023","format":false,"excerpt":"Daniel Ant\u00f3n (Cienfuegos, 1999). Dipl\u00f4m\u00e9 de l'\u00e9cole d'art Benny Mor\u00e9 de Cienfuegos (2014- 2018). Il est actuellement en troisi\u00e8me ann\u00e9e d'arts visuels \u00e0 l'Instituto Superior de Artes (ISA).","rel":"","context":"Dans &quot;Artes Visuales&quot;","block_context":{"text":"Artes Visuales","link":"https:\/\/artejoven.org\/fr\/category\/beneficiarios\/artes-visuales-beneficiarios\/"},"img":{"alt_text":"Daniel Ant\u00f3n","src":"https:\/\/i0.wp.com\/artejoven.org\/wp-content\/uploads\/2023\/12\/Daniel-Anton-jpg.webp?resize=350%2C200&ssl=1","width":350,"height":200,"srcset":"https:\/\/i0.wp.com\/artejoven.org\/wp-content\/uploads\/2023\/12\/Daniel-Anton-jpg.webp?resize=350%2C200&ssl=1 1x, https:\/\/i0.wp.com\/artejoven.org\/wp-content\/uploads\/2023\/12\/Daniel-Anton-jpg.webp?resize=525%2C300&ssl=1 1.5x"},"classes":[]},{"id":2291,"url":"https:\/\/artejoven.org\/fr\/beneficiarios\/olivia-torres\/","url_meta":{"origin":7698,"position":1},"title":"Olivia Torres","author":"Ren\u00e9 Manuel Puig","date":"22 de mai de 2023","format":false,"excerpt":"Olivia Torres D\u00edaz (La Havane, 1999) est titulaire d'un dipl\u00f4me en conservation du patrimoine culturel de l'Universit\u00e9 des arts (ISA) depuis 2022.","rel":"","context":"Dans &quot;Artes Visuales&quot;","block_context":{"text":"Artes Visuales","link":"https:\/\/artejoven.org\/fr\/category\/beneficiarios\/artes-visuales-beneficiarios\/"},"img":{"alt_text":"Olivia Torres","src":"https:\/\/i0.wp.com\/artejoven.org\/wp-content\/uploads\/2023\/06\/Olivia-Torres-1-jpg.webp?resize=350%2C200&ssl=1","width":350,"height":200,"srcset":"https:\/\/i0.wp.com\/artejoven.org\/wp-content\/uploads\/2023\/06\/Olivia-Torres-1-jpg.webp?resize=350%2C200&ssl=1 1x, https:\/\/i0.wp.com\/artejoven.org\/wp-content\/uploads\/2023\/06\/Olivia-Torres-1-jpg.webp?resize=525%2C300&ssl=1 1.5x"},"classes":[]},{"id":2815,"url":"https:\/\/artejoven.org\/fr\/beneficiarios\/rolando-galindo\/","url_meta":{"origin":7698,"position":2},"title":"Rolando Galindo","author":"Ren\u00e9 Manuel Puig","date":"24 de mai de 2023","format":false,"excerpt":"Rolando Galindo P\u00e9rez (Artemisa, 1993) est dipl\u00f4m\u00e9 en peinture de l'Acad\u00e9mie provinciale d'arts plastiques Eduardo Abela et est en troisi\u00e8me ann\u00e9e d'arts visuels \u00e0 l'Universit\u00e9 des arts (ISA).","rel":"","context":"Dans &quot;Artes Visuales&quot;","block_context":{"text":"Artes Visuales","link":"https:\/\/artejoven.org\/fr\/category\/beneficiarios\/artes-visuales-beneficiarios\/"},"img":{"alt_text":"Rolando Galindo","src":"https:\/\/i0.wp.com\/artejoven.org\/wp-content\/uploads\/2023\/06\/Rolando-Galindo-jpg.webp?resize=350%2C200&ssl=1","width":350,"height":200,"srcset":"https:\/\/i0.wp.com\/artejoven.org\/wp-content\/uploads\/2023\/06\/Rolando-Galindo-jpg.webp?resize=350%2C200&ssl=1 1x, https:\/\/i0.wp.com\/artejoven.org\/wp-content\/uploads\/2023\/06\/Rolando-Galindo-jpg.webp?resize=525%2C300&ssl=1 1.5x, https:\/\/i0.wp.com\/artejoven.org\/wp-content\/uploads\/2023\/06\/Rolando-Galindo-jpg.webp?resize=700%2C400&ssl=1 2x"},"classes":[]},{"id":2882,"url":"https:\/\/artejoven.org\/fr\/beneficiarios\/harold-ramirez\/","url_meta":{"origin":7698,"position":3},"title":"Harold Ramirez\u00a0","author":"Ren\u00e9 Manuel Puig","date":"17 de mai de 2023","format":false,"excerpt":"Harold Ram\u00edrez Veliz (La Havane, 1997) est dipl\u00f4m\u00e9 de l'Academia Nacional de Bellas Artes San Alejandro et \u00e9tudie actuellement les arts visuels \u00e0 l'Universidad de las Artes (ISA).","rel":"","context":"Dans &quot;Artes Visuales&quot;","block_context":{"text":"Artes Visuales","link":"https:\/\/artejoven.org\/fr\/category\/beneficiarios\/artes-visuales-beneficiarios\/"},"img":{"alt_text":"Harold Ram\u00edrez","src":"https:\/\/i0.wp.com\/artejoven.org\/wp-content\/uploads\/2023\/06\/Harold-Ramirez-jpg.webp?resize=350%2C200&ssl=1","width":350,"height":200,"srcset":"https:\/\/i0.wp.com\/artejoven.org\/wp-content\/uploads\/2023\/06\/Harold-Ramirez-jpg.webp?resize=350%2C200&ssl=1 1x, https:\/\/i0.wp.com\/artejoven.org\/wp-content\/uploads\/2023\/06\/Harold-Ramirez-jpg.webp?resize=525%2C300&ssl=1 1.5x"},"classes":[]},{"id":8837,"url":"https:\/\/artejoven.org\/fr\/beneficiarios\/karla-betancourt\/","url_meta":{"origin":7698,"position":4},"title":"Karla Betancourt","author":"Ren\u00e9 Manuel Puig","date":"20 de f\u00e9vrier de 2025","format":false,"excerpt":"Karla Betancourt (Sancti Sp\u00edritus, 1992) a obtenu un dipl\u00f4me d'or \u00e0 l'Universit\u00e9 des arts (ISA) de Cuba dans le profil Conservation et restauration des biens meubles (2017).","rel":"","context":"Dans &quot;Artes Visuales&quot;","block_context":{"text":"Artes Visuales","link":"https:\/\/artejoven.org\/fr\/category\/beneficiarios\/artes-visuales-beneficiarios\/"},"img":{"alt_text":"Karla Betancourt","src":"https:\/\/i0.wp.com\/artejoven.org\/wp-content\/uploads\/2025\/02\/Karla-Betancourt.webp?resize=350%2C200&ssl=1","width":350,"height":200,"srcset":"https:\/\/i0.wp.com\/artejoven.org\/wp-content\/uploads\/2025\/02\/Karla-Betancourt.webp?resize=350%2C200&ssl=1 1x, https:\/\/i0.wp.com\/artejoven.org\/wp-content\/uploads\/2025\/02\/Karla-Betancourt.webp?resize=525%2C300&ssl=1 1.5x"},"classes":[]},{"id":7708,"url":"https:\/\/artejoven.org\/fr\/beneficiarios\/jhonatan-moreno\/","url_meta":{"origin":7698,"position":5},"title":"Jhonatan Moreno","author":"Ren\u00e9 Manuel Puig","date":"12 de juillet de 2024","format":false,"excerpt":"Jhonatan Moreno (Matanzas, 1998) est un jeune artiste visuel dipl\u00f4m\u00e9 de l'universit\u00e9 des arts (ISA) \u00e0 Cuba.","rel":"","context":"Dans &quot;Artes Visuales&quot;","block_context":{"text":"Artes Visuales","link":"https:\/\/artejoven.org\/fr\/category\/beneficiarios\/artes-visuales-beneficiarios\/"},"img":{"alt_text":"Jhonatan Moreno","src":"https:\/\/i0.wp.com\/artejoven.org\/wp-content\/uploads\/2024\/07\/Jhonatan-Moreno-jpg.webp?resize=350%2C200&ssl=1","width":350,"height":200,"srcset":"https:\/\/i0.wp.com\/artejoven.org\/wp-content\/uploads\/2024\/07\/Jhonatan-Moreno-jpg.webp?resize=350%2C200&ssl=1 1x, https:\/\/i0.wp.com\/artejoven.org\/wp-content\/uploads\/2024\/07\/Jhonatan-Moreno-jpg.webp?resize=525%2C300&ssl=1 1.5x"},"classes":[]}],"jetpack_sharing_enabled":true,"_links":{"self":[{"href":"https:\/\/artejoven.org\/fr\/wp-json\/wp\/v2\/pages\/7698","targetHints":{"allow":["GET"]}}],"collection":[{"href":"https:\/\/artejoven.org\/fr\/wp-json\/wp\/v2\/pages"}],"about":[{"href":"https:\/\/artejoven.org\/fr\/wp-json\/wp\/v2\/types\/page"}],"author":[{"embeddable":true,"href":"https:\/\/artejoven.org\/fr\/wp-json\/wp\/v2\/users\/1"}],"replies":[{"embeddable":true,"href":"https:\/\/artejoven.org\/fr\/wp-json\/wp\/v2\/comments?post=7698"}],"version-history":[{"count":0,"href":"https:\/\/artejoven.org\/fr\/wp-json\/wp\/v2\/pages\/7698\/revisions"}],"up":[{"embeddable":true,"href":"https:\/\/artejoven.org\/fr\/wp-json\/wp\/v2\/pages\/931"}],"wp:featuredmedia":[{"embeddable":true,"href":"https:\/\/artejoven.org\/fr\/wp-json\/wp\/v2\/media\/7829"}],"wp:attachment":[{"href":"https:\/\/artejoven.org\/fr\/wp-json\/wp\/v2\/media?parent=7698"}],"wp:term":[{"taxonomy":"category","embeddable":true,"href":"https:\/\/artejoven.org\/fr\/wp-json\/wp\/v2\/categories?post=7698"},{"taxonomy":"post_tag","embeddable":true,"href":"https:\/\/artejoven.org\/fr\/wp-json\/wp\/v2\/tags?post=7698"}],"curies":[{"name":"wp","href":"https:\/\/api.w.org\/{rel}","templated":true}]}}