{"id":8737,"date":"2025-02-11T11:22:55","date_gmt":"2025-02-11T16:22:55","guid":{"rendered":"https:\/\/artejoven.org\/?page_id=8737"},"modified":"2025-02-11T11:27:31","modified_gmt":"2025-02-11T16:27:31","slug":"ronny-yunior-lopez-vega","status":"publish","type":"page","link":"https:\/\/artejoven.org\/fr\/beneficiarios\/ronny-yunior-lopez-vega\/","title":{"rendered":"Ronny Yunior L\u00f3pez Vega"},"content":{"rendered":"","protected":false},"excerpt":{"rendered":"<p>(La Havane, 2010) \u00c9tudiante en piano \u00e0 l'Escuela Elemental de M\u00fasica, Manuel Saumell, La Havane.<\/p>","protected":false},"author":1,"featured_media":8744,"parent":931,"menu_order":0,"comment_status":"closed","ping_status":"closed","template":"","meta":{"_acf_changed":false,"footnotes":"","_links_to":"","_links_to_target":""},"categories":[13,66],"tags":[63],"class_list":["post-8737","page","type-page","status-publish","has-post-thumbnail","hentry","category-beneficiarios","category-concurso-nacional-de-musica","tag-63","post","post-with-thumbnail","post-with-thumbnail-large"],"acf":[],"aioseo_notices":[],"jetpack-related-posts":[{"id":7764,"url":"https:\/\/www.instagram.com\/tempohabana\/?hl=es%20","url_meta":{"origin":8737,"position":0},"title":"Tempo Havane","author":"Ren\u00e9 Manuel Puig","date":"24 de juillet de 2024","format":false,"excerpt":"Un espace de mise en r\u00e9seau et de promotion des jeunes musiciens, avec des repr\u00e9sentations en direct.","rel":"","context":"Dans &quot;Aliados&quot;","block_context":{"text":"Aliados","link":"https:\/\/artejoven.org\/fr\/category\/aliados\/"},"img":{"alt_text":"","src":"https:\/\/i0.wp.com\/artejoven.org\/wp-content\/uploads\/2024\/07\/Tempo-Habana-jpg.webp?resize=350%2C200&ssl=1","width":350,"height":200},"classes":[]},{"id":5979,"url":"https:\/\/artejoven.org\/fr\/beneficiarios\/lyceum-mozartino-de-la-habana\/","url_meta":{"origin":8737,"position":1},"title":"Lyceum Mozartiano de La Habana","author":"Ren\u00e9 Manuel Puig","date":"28 de septembre de 2023","format":false,"excerpt":"Le Fondo de Arte Joven (FAJ) a particip\u00e9 \u00e0 la cr\u00e9ation de l'Acad\u00e9mie de l'Orchestre des Jeunes du Lyc\u00e9e de La Havane du Bureau de l'Historien de la Ville.","rel":"","context":"Dans &quot;Beneficiarios&quot;","block_context":{"text":"Beneficiarios","link":"https:\/\/artejoven.org\/fr\/category\/beneficiarios\/"},"img":{"alt_text":"Lyceum Mozartino de La Habana","src":"https:\/\/i0.wp.com\/artejoven.org\/wp-content\/uploads\/2023\/09\/Lyceum-jpg.webp?resize=350%2C200&ssl=1","width":350,"height":200},"classes":[]},{"id":8754,"url":"https:\/\/artejoven.org\/fr\/beneficiarios\/laura-diaz-la-o\/","url_meta":{"origin":8737,"position":2},"title":"Laura D\u00edaz La O","author":"Ren\u00e9 Manuel Puig","date":"11 de f\u00e9vrier de 2025","format":false,"excerpt":"(La Havane, 2007) \u00c9tudiant en violon au conservatoire de musique \"Amadeo Rold\u00e1n\", La Havane.","rel":"","context":"Dans &quot;Beneficiarios&quot;","block_context":{"text":"Beneficiarios","link":"https:\/\/artejoven.org\/fr\/category\/beneficiarios\/"},"img":{"alt_text":"Laura D\u00edaz La O","src":"https:\/\/i0.wp.com\/artejoven.org\/wp-content\/uploads\/2025\/02\/Laura-Diaz.webp?resize=350%2C200&ssl=1","width":350,"height":200,"srcset":"https:\/\/i0.wp.com\/artejoven.org\/wp-content\/uploads\/2025\/02\/Laura-Diaz.webp?resize=350%2C200&ssl=1 1x, https:\/\/i0.wp.com\/artejoven.org\/wp-content\/uploads\/2025\/02\/Laura-Diaz.webp?resize=525%2C300&ssl=1 1.5x"},"classes":[]},{"id":6686,"url":"http:\/\/www.festivalhabanaclasica.org","url_meta":{"origin":8737,"position":3},"title":"La Havane classique","author":"Ren\u00e9 Manuel Puig","date":"21 de ao\u00fbt de 2023","format":false,"excerpt":"Le Festival Internacional de M\u00fasica Habana Cl\u00e1sica a \u00e9t\u00e9 fond\u00e9 en 2017 \u00e0 l'initiative du pianiste cubain Marcos Madrigal. L'intention est de r\u00e9unir des interpr\u00e8tes locaux et \u00e9trangers exceptionnels sur le circuit culturel de la ville.","rel":"","context":"Dans &quot;Espacios&quot;","block_context":{"text":"Espacios","link":"https:\/\/artejoven.org\/fr\/category\/espacios\/"},"img":{"alt_text":"Habana Cl\u00e1sica","src":"https:\/\/i0.wp.com\/artejoven.org\/wp-content\/uploads\/2023\/11\/Habana-Clasica-jpg.webp?resize=350%2C200&ssl=1","width":350,"height":200,"srcset":"https:\/\/i0.wp.com\/artejoven.org\/wp-content\/uploads\/2023\/11\/Habana-Clasica-jpg.webp?resize=350%2C200&ssl=1 1x, https:\/\/i0.wp.com\/artejoven.org\/wp-content\/uploads\/2023\/11\/Habana-Clasica-jpg.webp?resize=525%2C300&ssl=1 1.5x, https:\/\/i0.wp.com\/artejoven.org\/wp-content\/uploads\/2023\/11\/Habana-Clasica-jpg.webp?resize=700%2C400&ssl=1 2x, https:\/\/i0.wp.com\/artejoven.org\/wp-content\/uploads\/2023\/11\/Habana-Clasica-jpg.webp?resize=1050%2C600&ssl=1 3x"},"classes":[]},{"id":8936,"url":"https:\/\/artejoven.org\/fr\/beneficiarios\/elias-alexander-ferrer-duverger\/","url_meta":{"origin":8737,"position":4},"title":"El\u00edas Alexander Ferrer Duverger","author":"Ren\u00e9 Manuel Puig","date":"24 de f\u00e9vrier de 2025","format":false,"excerpt":"(La Havane, 2006) \u00c9tudiant en percussion \u00e0 la Escuela Nacional de M\u00fasica, \u00e0 La Havane.","rel":"","context":"Dans &quot;Beneficiarios&quot;","block_context":{"text":"Beneficiarios","link":"https:\/\/artejoven.org\/fr\/category\/beneficiarios\/"},"img":{"alt_text":"El\u00edas Alexander Ferrer Duverger","src":"https:\/\/i0.wp.com\/artejoven.org\/wp-content\/uploads\/2025\/02\/Duve-Elias.webp?resize=350%2C200&ssl=1","width":350,"height":200,"srcset":"https:\/\/i0.wp.com\/artejoven.org\/wp-content\/uploads\/2025\/02\/Duve-Elias.webp?resize=350%2C200&ssl=1 1x, https:\/\/i0.wp.com\/artejoven.org\/wp-content\/uploads\/2025\/02\/Duve-Elias.webp?resize=525%2C300&ssl=1 1.5x"},"classes":[]},{"id":10539,"url":"https:\/\/artejoven.org\/fr\/beneficiarios\/alvaro-perez-ruiz\/","url_meta":{"origin":8737,"position":5},"title":"Alvaro P\u00e9rez Ruiz","author":"Ren\u00e9 Manuel Puig","date":"6 de mars de 2026","format":false,"excerpt":"(La Havane, 2013) Pianiste en formation, \u00e9tudiant \u00e0 l'Escuela Elemental de M\u00fasica Alejandro Garc\u00eda Caturla, \u00e0 La Havane, o\u00f9 il \u00e9tudie les bases du piano depuis 2021.","rel":"","context":"Dans &quot;Beneficiarios&quot;","block_context":{"text":"Beneficiarios","link":"https:\/\/artejoven.org\/fr\/category\/beneficiarios\/"},"img":{"alt_text":"Alvaro P\u00e9rez Ruiz","src":"https:\/\/i0.wp.com\/artejoven.org\/wp-content\/uploads\/2026\/03\/Alvaro-1.webp?resize=350%2C200&ssl=1","width":350,"height":200,"srcset":"https:\/\/i0.wp.com\/artejoven.org\/wp-content\/uploads\/2026\/03\/Alvaro-1.webp?resize=350%2C200&ssl=1 1x, https:\/\/i0.wp.com\/artejoven.org\/wp-content\/uploads\/2026\/03\/Alvaro-1.webp?resize=525%2C300&ssl=1 1.5x"},"classes":[]}],"jetpack_sharing_enabled":true,"_links":{"self":[{"href":"https:\/\/artejoven.org\/fr\/wp-json\/wp\/v2\/pages\/8737","targetHints":{"allow":["GET"]}}],"collection":[{"href":"https:\/\/artejoven.org\/fr\/wp-json\/wp\/v2\/pages"}],"about":[{"href":"https:\/\/artejoven.org\/fr\/wp-json\/wp\/v2\/types\/page"}],"author":[{"embeddable":true,"href":"https:\/\/artejoven.org\/fr\/wp-json\/wp\/v2\/users\/1"}],"replies":[{"embeddable":true,"href":"https:\/\/artejoven.org\/fr\/wp-json\/wp\/v2\/comments?post=8737"}],"version-history":[{"count":0,"href":"https:\/\/artejoven.org\/fr\/wp-json\/wp\/v2\/pages\/8737\/revisions"}],"up":[{"embeddable":true,"href":"https:\/\/artejoven.org\/fr\/wp-json\/wp\/v2\/pages\/931"}],"wp:featuredmedia":[{"embeddable":true,"href":"https:\/\/artejoven.org\/fr\/wp-json\/wp\/v2\/media\/8744"}],"wp:attachment":[{"href":"https:\/\/artejoven.org\/fr\/wp-json\/wp\/v2\/media?parent=8737"}],"wp:term":[{"taxonomy":"category","embeddable":true,"href":"https:\/\/artejoven.org\/fr\/wp-json\/wp\/v2\/categories?post=8737"},{"taxonomy":"post_tag","embeddable":true,"href":"https:\/\/artejoven.org\/fr\/wp-json\/wp\/v2\/tags?post=8737"}],"curies":[{"name":"wp","href":"https:\/\/api.w.org\/{rel}","templated":true}]}}