{"id":8912,"date":"2025-02-24T18:39:19","date_gmt":"2025-02-24T23:39:19","guid":{"rendered":"https:\/\/artejoven.org\/?page_id=8912"},"modified":"2025-02-25T09:07:08","modified_gmt":"2025-02-25T14:07:08","slug":"la-tribu","status":"publish","type":"page","link":"https:\/\/artejoven.org\/fr\/beneficiarios\/la-tribu\/","title":{"rendered":"La Tribu"},"content":{"rendered":"","protected":false},"excerpt":{"rendered":"<p>Projet socioculturel ax\u00e9 sur la musique \u00e9lectronique, o\u00f9 se m\u00ealent diff\u00e9rentes manifestations artistiques. <\/p>","protected":false},"author":1,"featured_media":8943,"parent":931,"menu_order":0,"comment_status":"closed","ping_status":"closed","template":"","meta":{"_acf_changed":false,"footnotes":"","_links_to":"","_links_to_target":""},"categories":[13,33],"tags":[63,58],"class_list":["post-8912","page","type-page","status-publish","has-post-thumbnail","hentry","category-beneficiarios","category-emprendimientos-beneficiarios","tag-63","tag-segundo-programa","post","post-with-thumbnail","post-with-thumbnail-large"],"acf":[],"aioseo_notices":[],"jetpack-related-posts":[{"id":9396,"url":"https:\/\/festivalhabanaclasica.org\/","url_meta":{"origin":8912,"position":0},"title":"Association culturelle classique de La Havane (ACHC)","author":"Ren\u00e9 Manuel Puig","date":"3 de mai de 2025","format":false,"excerpt":"L'Asociaci\u00f3n Cultural Habana Cl\u00e1sica a \u00e9t\u00e9 fond\u00e9e en 2017 \u00e0 l'initiative du pianiste cubain Marcos Madrigal.","rel":"","context":"Dans &quot;Socios&quot;","block_context":{"text":"Socios","link":"https:\/\/artejoven.org\/fr\/category\/socios\/"},"img":{"alt_text":"","src":"https:\/\/i0.wp.com\/artejoven.org\/wp-content\/uploads\/2025\/05\/Habana-Clasica.webp?resize=350%2C200&ssl=1","width":350,"height":200},"classes":[]},{"id":12,"url":"https:\/\/artejoven.org\/fr\/","url_meta":{"origin":8912,"position":1},"title":"Accueil","author":"Ren\u00e9 Manuel Puig","date":"15 de mars de 2023","format":false,"excerpt":"Nous sommes une plateforme culturelle qui soutient et promeut l'art cubain \u00e9mergent et les entreprises culturelles qui r\u00e9alisent leurs projets cr\u00e9atifs \u00e0 partir de Cuba.","rel":"","context":"Article similaire","block_context":{"text":"Article similaire","link":""},"img":{"alt_text":"CIERIC","src":"https:\/\/i0.wp.com\/artejoven.org\/wp-content\/uploads\/2025\/03\/CIERIC-png.webp?resize=350%2C200&ssl=1","width":350,"height":200,"srcset":"https:\/\/i0.wp.com\/artejoven.org\/wp-content\/uploads\/2025\/03\/CIERIC-png.webp?resize=350%2C200&ssl=1 1x, https:\/\/i0.wp.com\/artejoven.org\/wp-content\/uploads\/2025\/03\/CIERIC-png.webp?resize=525%2C300&ssl=1 1.5x, https:\/\/i0.wp.com\/artejoven.org\/wp-content\/uploads\/2025\/03\/CIERIC-png.webp?resize=700%2C400&ssl=1 2x"},"classes":[]},{"id":8919,"url":"https:\/\/artejoven.org\/fr\/beneficiarios\/aguacero\/","url_meta":{"origin":8912,"position":2},"title":"L'averse","author":"Ren\u00e9 Manuel Puig","date":"24 de f\u00e9vrier de 2025","format":false,"excerpt":"Il s'agit d'un projet de promotion culturelle et d'un lieu de rencontre pour les amateurs d'art.","rel":"","context":"Dans &quot;Beneficiarios&quot;","block_context":{"text":"Beneficiarios","link":"https:\/\/artejoven.org\/fr\/category\/beneficiarios\/"},"img":{"alt_text":"Aguacero","src":"https:\/\/i0.wp.com\/artejoven.org\/wp-content\/uploads\/2025\/02\/Aguacero.webp?resize=350%2C200&ssl=1","width":350,"height":200,"srcset":"https:\/\/i0.wp.com\/artejoven.org\/wp-content\/uploads\/2025\/02\/Aguacero.webp?resize=350%2C200&ssl=1 1x, https:\/\/i0.wp.com\/artejoven.org\/wp-content\/uploads\/2025\/02\/Aguacero.webp?resize=525%2C300&ssl=1 1.5x"},"classes":[]},{"id":8922,"url":"https:\/\/artejoven.org\/fr\/beneficiarios\/zarpe\/","url_meta":{"origin":8912,"position":3},"title":"ZARPE","author":"Ren\u00e9 Manuel Puig","date":"24 de f\u00e9vrier de 2025","format":false,"excerpt":"Une plateforme culturelle qui vise \u00e0 contribuer \u00e0 la promotion des carri\u00e8res musicales des jeunes.","rel":"","context":"Dans &quot;Beneficiarios&quot;","block_context":{"text":"Beneficiarios","link":"https:\/\/artejoven.org\/fr\/category\/beneficiarios\/"},"img":{"alt_text":"ZARPE","src":"https:\/\/i0.wp.com\/artejoven.org\/wp-content\/uploads\/2025\/02\/ZARPE.webp?resize=350%2C200&ssl=1","width":350,"height":200,"srcset":"https:\/\/i0.wp.com\/artejoven.org\/wp-content\/uploads\/2025\/02\/ZARPE.webp?resize=350%2C200&ssl=1 1x, https:\/\/i0.wp.com\/artejoven.org\/wp-content\/uploads\/2025\/02\/ZARPE.webp?resize=525%2C300&ssl=1 1.5x"},"classes":[]},{"id":9398,"url":"#","url_meta":{"origin":8912,"position":4},"title":"Zones de cr\u00e9ativit\u00e9","author":"Ren\u00e9 Manuel Puig","date":"3 de mai de 2025","format":false,"excerpt":"Un projet qui vise \u00e0 promouvoir les industries culturelles et cr\u00e9atives, en encourageant la valorisation du patrimoine historique et culturel.","rel":"","context":"Dans &quot;Socios&quot;","block_context":{"text":"Socios","link":"https:\/\/artejoven.org\/fr\/category\/socios\/"},"img":{"alt_text":"","src":"https:\/\/i0.wp.com\/artejoven.org\/wp-content\/uploads\/2025\/05\/Zonas-Creativas.webp?resize=350%2C200&ssl=1","width":350,"height":200},"classes":[]},{"id":9769,"url":"#","url_meta":{"origin":8912,"position":5},"title":"Alejandro Rojas Blaquier","author":"Ren\u00e9 Manuel Puig","date":"28 de ao\u00fbt de 2025","format":false,"excerpt":"Licence en \u00e9ducation et ma\u00eetrise en d\u00e9veloppement culturel (La Havane, 1960)","rel":"","context":"Dans &quot;Jurados&quot;","block_context":{"text":"Jurados","link":"https:\/\/artejoven.org\/fr\/category\/jurados\/"},"img":{"alt_text":"","src":"https:\/\/i0.wp.com\/artejoven.org\/wp-content\/uploads\/2025\/08\/Alejandro-Rojas-Blaquier.webp?resize=350%2C200&ssl=1","width":350,"height":200},"classes":[]}],"jetpack_sharing_enabled":true,"_links":{"self":[{"href":"https:\/\/artejoven.org\/fr\/wp-json\/wp\/v2\/pages\/8912","targetHints":{"allow":["GET"]}}],"collection":[{"href":"https:\/\/artejoven.org\/fr\/wp-json\/wp\/v2\/pages"}],"about":[{"href":"https:\/\/artejoven.org\/fr\/wp-json\/wp\/v2\/types\/page"}],"author":[{"embeddable":true,"href":"https:\/\/artejoven.org\/fr\/wp-json\/wp\/v2\/users\/1"}],"replies":[{"embeddable":true,"href":"https:\/\/artejoven.org\/fr\/wp-json\/wp\/v2\/comments?post=8912"}],"version-history":[{"count":0,"href":"https:\/\/artejoven.org\/fr\/wp-json\/wp\/v2\/pages\/8912\/revisions"}],"up":[{"embeddable":true,"href":"https:\/\/artejoven.org\/fr\/wp-json\/wp\/v2\/pages\/931"}],"wp:featuredmedia":[{"embeddable":true,"href":"https:\/\/artejoven.org\/fr\/wp-json\/wp\/v2\/media\/8943"}],"wp:attachment":[{"href":"https:\/\/artejoven.org\/fr\/wp-json\/wp\/v2\/media?parent=8912"}],"wp:term":[{"taxonomy":"category","embeddable":true,"href":"https:\/\/artejoven.org\/fr\/wp-json\/wp\/v2\/categories?post=8912"},{"taxonomy":"post_tag","embeddable":true,"href":"https:\/\/artejoven.org\/fr\/wp-json\/wp\/v2\/tags?post=8912"}],"curies":[{"name":"wp","href":"https:\/\/api.w.org\/{rel}","templated":true}]}}