{"id":8914,"date":"2025-02-24T18:41:37","date_gmt":"2025-02-24T23:41:37","guid":{"rendered":"https:\/\/artejoven.org\/?page_id=8914"},"modified":"2025-02-27T13:22:47","modified_gmt":"2025-02-27T18:22:47","slug":"le-triangle","status":"publish","type":"page","link":"https:\/\/artejoven.org\/fr\/beneficiarios\/el-triangulo\/","title":{"rendered":"Le triangle"},"content":{"rendered":"","protected":false},"excerpt":{"rendered":"<p>Projet de d\u00e9veloppement local bas\u00e9 \u00e0 La G\u00fcinera, \u00e0 La Havane.<\/p>","protected":false},"author":1,"featured_media":8951,"parent":931,"menu_order":0,"comment_status":"closed","ping_status":"closed","template":"","meta":{"_acf_changed":false,"footnotes":"","_links_to":"","_links_to_target":""},"categories":[13,33],"tags":[63,58],"class_list":["post-8914","page","type-page","status-publish","has-post-thumbnail","hentry","category-beneficiarios","category-emprendimientos-beneficiarios","tag-63","tag-segundo-programa","post","post-with-thumbnail","post-with-thumbnail-large"],"acf":[],"aioseo_notices":[],"jetpack-related-posts":[{"id":8925,"url":"https:\/\/artejoven.org\/fr\/beneficiarios\/jazz-emprende\/","url_meta":{"origin":8914,"position":0},"title":"Jazz Emprende","author":"Ren\u00e9 Manuel Puig","date":"24 de f\u00e9vrier de 2025","format":false,"excerpt":"Premier \u00e9v\u00e9nement du projet de d\u00e9veloppement local, Emprendo y Existo, qui contribue \u00e0 promouvoir la cr\u00e9ativit\u00e9 \u00e0 partir des industries cr\u00e9atives, en int\u00e9grant les objectifs des musiciens et des entrepreneurs.","rel":"","context":"Dans &quot;Beneficiarios&quot;","block_context":{"text":"Beneficiarios","link":"https:\/\/artejoven.org\/fr\/category\/beneficiarios\/"},"img":{"alt_text":"Jazz Emprende","src":"https:\/\/i0.wp.com\/artejoven.org\/wp-content\/uploads\/2025\/02\/Jazz-Emprende.webp?resize=350%2C200&ssl=1","width":350,"height":200,"srcset":"https:\/\/i0.wp.com\/artejoven.org\/wp-content\/uploads\/2025\/02\/Jazz-Emprende.webp?resize=350%2C200&ssl=1 1x, https:\/\/i0.wp.com\/artejoven.org\/wp-content\/uploads\/2025\/02\/Jazz-Emprende.webp?resize=525%2C300&ssl=1 1.5x"},"classes":[]},{"id":3031,"url":"https:\/\/artejoven.org\/fr\/beneficiarios\/la-timba-crea-lab-jovenes-fotografos-del-barrio\/","url_meta":{"origin":8914,"position":1},"title":"La Timba Crea Lab : jeunes photographes du quartier\u00a0","author":"Ren\u00e9 Manuel Puig","date":"19 de mai de 2023","format":false,"excerpt":"\u00c0 La Havane depuis 2023. Initiative con\u00e7ue par le Centro Cultural y Creativo La Manigua, un projet de d\u00e9veloppement local en cours de cr\u00e9ation et compos\u00e9 de 4 employ\u00e9s permanents et de 4 collaborateurs.","rel":"","context":"Dans &quot;Beneficiarios&quot;","block_context":{"text":"Beneficiarios","link":"https:\/\/artejoven.org\/fr\/category\/beneficiarios\/"},"img":{"alt_text":"La Timba Crea Lab","src":"https:\/\/i0.wp.com\/artejoven.org\/wp-content\/uploads\/2023\/06\/La-Timba-CreaLab-jpg.webp?resize=350%2C200&ssl=1","width":350,"height":200},"classes":[]},{"id":8930,"url":"https:\/\/artejoven.org\/fr\/beneficiarios\/cultura-del-vinilo-en-cuba\/","url_meta":{"origin":8914,"position":2},"title":"La culture du vinyle \u00e0 Cuba","author":"Ren\u00e9 Manuel Puig","date":"24 de f\u00e9vrier de 2025","format":false,"excerpt":"Projet con\u00e7u par Gu\u00e1mpara Music pour promouvoir le d\u00e9veloppement de la culture du vinyle en tant que support musical et historiographique pour Cuba.","rel":"","context":"Dans &quot;Beneficiarios&quot;","block_context":{"text":"Beneficiarios","link":"https:\/\/artejoven.org\/fr\/category\/beneficiarios\/"},"img":{"alt_text":"Cultura del vinilo en Cuba","src":"https:\/\/i0.wp.com\/artejoven.org\/wp-content\/uploads\/2025\/02\/Cultura-del-vinilo-en-Cuba.webp?resize=350%2C200&ssl=1","width":350,"height":200,"srcset":"https:\/\/i0.wp.com\/artejoven.org\/wp-content\/uploads\/2025\/02\/Cultura-del-vinilo-en-Cuba.webp?resize=350%2C200&ssl=1 1x, https:\/\/i0.wp.com\/artejoven.org\/wp-content\/uploads\/2025\/02\/Cultura-del-vinilo-en-Cuba.webp?resize=525%2C300&ssl=1 1.5x"},"classes":[]},{"id":8919,"url":"https:\/\/artejoven.org\/fr\/beneficiarios\/aguacero\/","url_meta":{"origin":8914,"position":3},"title":"L'averse","author":"Ren\u00e9 Manuel Puig","date":"24 de f\u00e9vrier de 2025","format":false,"excerpt":"Il s'agit d'un projet de promotion culturelle et d'un lieu de rencontre pour les amateurs d'art.","rel":"","context":"Dans &quot;Beneficiarios&quot;","block_context":{"text":"Beneficiarios","link":"https:\/\/artejoven.org\/fr\/category\/beneficiarios\/"},"img":{"alt_text":"Aguacero","src":"https:\/\/i0.wp.com\/artejoven.org\/wp-content\/uploads\/2025\/02\/Aguacero.webp?resize=350%2C200&ssl=1","width":350,"height":200,"srcset":"https:\/\/i0.wp.com\/artejoven.org\/wp-content\/uploads\/2025\/02\/Aguacero.webp?resize=350%2C200&ssl=1 1x, https:\/\/i0.wp.com\/artejoven.org\/wp-content\/uploads\/2025\/02\/Aguacero.webp?resize=525%2C300&ssl=1 1.5x"},"classes":[]},{"id":8912,"url":"https:\/\/artejoven.org\/fr\/beneficiarios\/la-tribu\/","url_meta":{"origin":8914,"position":4},"title":"La Tribu","author":"Ren\u00e9 Manuel Puig","date":"24 de f\u00e9vrier de 2025","format":false,"excerpt":"Projet socioculturel ax\u00e9 sur la musique \u00e9lectronique, o\u00f9 se m\u00ealent diff\u00e9rentes manifestations artistiques.","rel":"","context":"Dans &quot;Beneficiarios&quot;","block_context":{"text":"Beneficiarios","link":"https:\/\/artejoven.org\/fr\/category\/beneficiarios\/"},"img":{"alt_text":"La Tribu","src":"https:\/\/i0.wp.com\/artejoven.org\/wp-content\/uploads\/2025\/02\/La-Tribu.webp?resize=350%2C200&ssl=1","width":350,"height":200,"srcset":"https:\/\/i0.wp.com\/artejoven.org\/wp-content\/uploads\/2025\/02\/La-Tribu.webp?resize=350%2C200&ssl=1 1x, https:\/\/i0.wp.com\/artejoven.org\/wp-content\/uploads\/2025\/02\/La-Tribu.webp?resize=525%2C300&ssl=1 1.5x"},"classes":[]},{"id":8907,"url":"https:\/\/artejoven.org\/fr\/beneficiarios\/el-parqueo\/","url_meta":{"origin":8914,"position":5},"title":"Le parking","author":"Ren\u00e9 Manuel Puig","date":"24 de f\u00e9vrier de 2025","format":false,"excerpt":"Fond\u00e9 par un groupe de jeunes cin\u00e9astes, le projet vise \u00e0 transformer un ancien parking en un espace de divertissement en plein air.","rel":"","context":"Dans &quot;Beneficiarios&quot;","block_context":{"text":"Beneficiarios","link":"https:\/\/artejoven.org\/fr\/category\/beneficiarios\/"},"img":{"alt_text":"El parqueo","src":"https:\/\/i0.wp.com\/artejoven.org\/wp-content\/uploads\/2025\/02\/El-Parqueo.webp?resize=350%2C200&ssl=1","width":350,"height":200,"srcset":"https:\/\/i0.wp.com\/artejoven.org\/wp-content\/uploads\/2025\/02\/El-Parqueo.webp?resize=350%2C200&ssl=1 1x, https:\/\/i0.wp.com\/artejoven.org\/wp-content\/uploads\/2025\/02\/El-Parqueo.webp?resize=525%2C300&ssl=1 1.5x"},"classes":[]}],"jetpack_sharing_enabled":true,"_links":{"self":[{"href":"https:\/\/artejoven.org\/fr\/wp-json\/wp\/v2\/pages\/8914","targetHints":{"allow":["GET"]}}],"collection":[{"href":"https:\/\/artejoven.org\/fr\/wp-json\/wp\/v2\/pages"}],"about":[{"href":"https:\/\/artejoven.org\/fr\/wp-json\/wp\/v2\/types\/page"}],"author":[{"embeddable":true,"href":"https:\/\/artejoven.org\/fr\/wp-json\/wp\/v2\/users\/1"}],"replies":[{"embeddable":true,"href":"https:\/\/artejoven.org\/fr\/wp-json\/wp\/v2\/comments?post=8914"}],"version-history":[{"count":0,"href":"https:\/\/artejoven.org\/fr\/wp-json\/wp\/v2\/pages\/8914\/revisions"}],"up":[{"embeddable":true,"href":"https:\/\/artejoven.org\/fr\/wp-json\/wp\/v2\/pages\/931"}],"wp:featuredmedia":[{"embeddable":true,"href":"https:\/\/artejoven.org\/fr\/wp-json\/wp\/v2\/media\/8951"}],"wp:attachment":[{"href":"https:\/\/artejoven.org\/fr\/wp-json\/wp\/v2\/media?parent=8914"}],"wp:term":[{"taxonomy":"category","embeddable":true,"href":"https:\/\/artejoven.org\/fr\/wp-json\/wp\/v2\/categories?post=8914"},{"taxonomy":"post_tag","embeddable":true,"href":"https:\/\/artejoven.org\/fr\/wp-json\/wp\/v2\/tags?post=8914"}],"curies":[{"name":"wp","href":"https:\/\/api.w.org\/{rel}","templated":true}]}}