{"id":8916,"date":"2025-02-24T18:51:21","date_gmt":"2025-02-24T23:51:21","guid":{"rendered":"https:\/\/artejoven.org\/?page_id=8916"},"modified":"2025-02-24T18:51:24","modified_gmt":"2025-02-24T23:51:24","slug":"productions-claudiovisuelles","status":"publish","type":"page","link":"https:\/\/artejoven.org\/fr\/beneficiarios\/claudiovisual-producciones\/","title":{"rendered":"Claudiovisual Productions"},"content":{"rendered":"","protected":false},"excerpt":{"rendered":"<p>Soci\u00e9t\u00e9 de production audiovisuelle fond\u00e9e par le journaliste Claudio Pelaez Sordo, dont l'objectif est de rendre visible et de documenter les groupes minoritaires et d\u00e9favoris\u00e9s tels que la communaut\u00e9 LGBTIQ, les personnes racis\u00e9es, les femmes et les groupes cr\u00e9atifs tels que le th\u00e9\u00e2tre.<\/p>","protected":false},"author":1,"featured_media":8917,"parent":931,"menu_order":0,"comment_status":"closed","ping_status":"closed","template":"","meta":{"_acf_changed":false,"footnotes":"","_links_to":"","_links_to_target":""},"categories":[13,33],"tags":[63,58],"class_list":["post-8916","page","type-page","status-publish","has-post-thumbnail","hentry","category-beneficiarios","category-emprendimientos-beneficiarios","tag-63","tag-segundo-programa","post","post-with-thumbnail","post-with-thumbnail-large"],"acf":[],"aioseo_notices":[],"jetpack-related-posts":[{"id":3051,"url":"https:\/\/artejoven.org\/fr\/beneficiarios\/ups\/","url_meta":{"origin":8916,"position":0},"title":"Oups !","author":"Ren\u00e9 Manuel Puig","date":"27 de mai de 2023","format":false,"excerpt":"\u00c0 La Havane depuis 2022. Il s'agit d'un projet cr\u00e9atif collectif des jeunes artistes Marlon River\u00f3n Escobar, Luis Antonio Gonz\u00e1lez et Katia Ricardo Oliva.","rel":"","context":"Dans &quot;Beneficiarios&quot;","block_context":{"text":"Beneficiarios","link":"https:\/\/artejoven.org\/fr\/category\/beneficiarios\/"},"img":{"alt_text":"Ups!","src":"https:\/\/i0.wp.com\/artejoven.org\/wp-content\/uploads\/2023\/06\/UPS-jpg.webp?resize=350%2C200&ssl=1","width":350,"height":200},"classes":[]},{"id":8904,"url":"https:\/\/artejoven.org\/fr\/beneficiarios\/ona-galeria\/","url_meta":{"origin":8916,"position":1},"title":"Galerie ONA","author":"Ren\u00e9 Manuel Puig","date":"24 de f\u00e9vrier de 2025","format":false,"excerpt":"Collectif de commissaires d'exposition bas\u00e9 dans le studio-atelier du sculpteur et artiste Aramis Justiz, con\u00e7u pour la diffusion et la promotion d'artistes \u00e9mergents, ainsi que de l'art contemporain \u00e0 Cuba.","rel":"","context":"Dans &quot;Beneficiarios&quot;","block_context":{"text":"Beneficiarios","link":"https:\/\/artejoven.org\/fr\/category\/beneficiarios\/"},"img":{"alt_text":"ONA Galer\u00eda","src":"https:\/\/i0.wp.com\/artejoven.org\/wp-content\/uploads\/2025\/02\/ONA-Galeria.webp?resize=350%2C200&ssl=1","width":350,"height":200,"srcset":"https:\/\/i0.wp.com\/artejoven.org\/wp-content\/uploads\/2025\/02\/ONA-Galeria.webp?resize=350%2C200&ssl=1 1x, https:\/\/i0.wp.com\/artejoven.org\/wp-content\/uploads\/2025\/02\/ONA-Galeria.webp?resize=525%2C300&ssl=1 1.5x"},"classes":[]},{"id":8114,"url":"https:\/\/artejoven.org\/fr\/espacios-faj\/malayerba\/segunda-edicion-de-malayerba\/","url_meta":{"origin":8916,"position":2},"title":"Deuxi\u00e8me \u00e9dition de malaYerba","author":"Ren\u00e9 Manuel Puig","date":"20 de septembre de 2024","format":false,"excerpt":"Ces nouveaux cr\u00e9ateurs identifient leurs r\u00e9alit\u00e9s les plus \u00e9prouvantes et les transposent dans la peinture, la photographie, la vid\u00e9o et l'installation.","rel":"","context":"Dans &quot;Exposiciones&quot;","block_context":{"text":"Exposiciones","link":"https:\/\/artejoven.org\/fr\/category\/espacios\/exposiciones-espacios\/"},"img":{"alt_text":"malaYerba","src":"https:\/\/i0.wp.com\/artejoven.org\/wp-content\/uploads\/2024\/07\/malaYerba-Segunda-Convocatoria-1-jpg.webp?resize=350%2C200&ssl=1","width":350,"height":200,"srcset":"https:\/\/i0.wp.com\/artejoven.org\/wp-content\/uploads\/2024\/07\/malaYerba-Segunda-Convocatoria-1-jpg.webp?resize=350%2C200&ssl=1 1x, https:\/\/i0.wp.com\/artejoven.org\/wp-content\/uploads\/2024\/07\/malaYerba-Segunda-Convocatoria-1-jpg.webp?resize=525%2C300&ssl=1 1.5x, https:\/\/i0.wp.com\/artejoven.org\/wp-content\/uploads\/2024\/07\/malaYerba-Segunda-Convocatoria-1-jpg.webp?resize=700%2C400&ssl=1 2x, https:\/\/i0.wp.com\/artejoven.org\/wp-content\/uploads\/2024\/07\/malaYerba-Segunda-Convocatoria-1-jpg.webp?resize=1050%2C600&ssl=1 3x, https:\/\/i0.wp.com\/artejoven.org\/wp-content\/uploads\/2024\/07\/malaYerba-Segunda-Convocatoria-1-jpg.webp?resize=1400%2C800&ssl=1 4x"},"classes":[]},{"id":8421,"url":"https:\/\/artejoven.org\/fr\/espacios-faj\/salon-blanco\/hasta-la-raiz-identidades-en-cuestion\/","url_meta":{"origin":8916,"position":3},"title":"\u00c0 la racine. Identit\u00e9s en question","author":"Ren\u00e9 Manuel Puig","date":"19 de d\u00e9cembre de 2024","format":false,"excerpt":"\u00c0 la racine. Identit\u00e9s en question se concentre sur l'importance, aujourd'hui, de se reconna\u00eetre en tant qu'\u00eatres humains, semblables, m\u00e9ritant tous une place dans ce m\u00eame monde.","rel":"","context":"Dans &quot;Exposiciones&quot;","block_context":{"text":"Exposiciones","link":"https:\/\/artejoven.org\/fr\/category\/espacios\/exposiciones-espacios\/"},"img":{"alt_text":"Hasta la Ra\u00edz.","src":"https:\/\/i0.wp.com\/artejoven.org\/wp-content\/uploads\/2024\/12\/Hasta-la-Raiz.-Banner-1.webp?resize=350%2C200&ssl=1","width":350,"height":200,"srcset":"https:\/\/i0.wp.com\/artejoven.org\/wp-content\/uploads\/2024\/12\/Hasta-la-Raiz.-Banner-1.webp?resize=350%2C200&ssl=1 1x, https:\/\/i0.wp.com\/artejoven.org\/wp-content\/uploads\/2024\/12\/Hasta-la-Raiz.-Banner-1.webp?resize=525%2C300&ssl=1 1.5x, https:\/\/i0.wp.com\/artejoven.org\/wp-content\/uploads\/2024\/12\/Hasta-la-Raiz.-Banner-1.webp?resize=700%2C400&ssl=1 2x, https:\/\/i0.wp.com\/artejoven.org\/wp-content\/uploads\/2024\/12\/Hasta-la-Raiz.-Banner-1.webp?resize=1050%2C600&ssl=1 3x"},"classes":[]},{"id":6606,"url":"https:\/\/artejoven.org\/fr\/espacios-faj\/malayerba\/primera-edicion-de-malayerba\/","url_meta":{"origin":8916,"position":4},"title":"Premi\u00e8re \u00e9dition de malaYerba","author":"Ren\u00e9 Manuel Puig","date":"11 de d\u00e9cembre de 2023","format":false,"excerpt":"L'exposition qui r\u00e9sulte de cette premi\u00e8re \u00e9dition aborde l'expression collective d'un ensemble de pr\u00e9occupations d'une nouvelle g\u00e9n\u00e9ration d'artistes.","rel":"","context":"Dans &quot;Exposiciones&quot;","block_context":{"text":"Exposiciones","link":"https:\/\/artejoven.org\/fr\/category\/espacios\/exposiciones-espacios\/"},"img":{"alt_text":"malaYerba","src":"https:\/\/i0.wp.com\/artejoven.org\/wp-content\/uploads\/2023\/12\/malaYerba-3.WEBP?resize=350%2C200&ssl=1","width":350,"height":200,"srcset":"https:\/\/i0.wp.com\/artejoven.org\/wp-content\/uploads\/2023\/12\/malaYerba-3.WEBP?resize=350%2C200&ssl=1 1x, https:\/\/i0.wp.com\/artejoven.org\/wp-content\/uploads\/2023\/12\/malaYerba-3.WEBP?resize=525%2C300&ssl=1 1.5x, https:\/\/i0.wp.com\/artejoven.org\/wp-content\/uploads\/2023\/12\/malaYerba-3.WEBP?resize=700%2C400&ssl=1 2x, https:\/\/i0.wp.com\/artejoven.org\/wp-content\/uploads\/2023\/12\/malaYerba-3.WEBP?resize=1050%2C600&ssl=1 3x, https:\/\/i0.wp.com\/artejoven.org\/wp-content\/uploads\/2023\/12\/malaYerba-3.WEBP?resize=1400%2C800&ssl=1 4x"},"classes":[]},{"id":5242,"url":"https:\/\/artejoven.org\/fr\/espacios-faj\/salon-blanco\/hijos-de-darwin\/","url_meta":{"origin":8916,"position":5},"title":"Les enfants de Darwin","author":"Ren\u00e9 Manuel Puig","date":"7 de avril de 2023","format":false,"excerpt":"L'exposition faisait partie des activit\u00e9s de lancement du programme d'arts visuels du Fonds pour la jeunesse artistique (FAJ).","rel":"","context":"Dans &quot;Exposiciones&quot;","block_context":{"text":"Exposiciones","link":"https:\/\/artejoven.org\/fr\/category\/espacios\/exposiciones-espacios\/"},"img":{"alt_text":"Hijos de Darwin","src":"https:\/\/i0.wp.com\/artejoven.org\/wp-content\/uploads\/2023\/08\/Hijos-de-Darwin-1-jpg.webp?resize=350%2C200&ssl=1","width":350,"height":200,"srcset":"https:\/\/i0.wp.com\/artejoven.org\/wp-content\/uploads\/2023\/08\/Hijos-de-Darwin-1-jpg.webp?resize=350%2C200&ssl=1 1x, https:\/\/i0.wp.com\/artejoven.org\/wp-content\/uploads\/2023\/08\/Hijos-de-Darwin-1-jpg.webp?resize=525%2C300&ssl=1 1.5x, https:\/\/i0.wp.com\/artejoven.org\/wp-content\/uploads\/2023\/08\/Hijos-de-Darwin-1-jpg.webp?resize=700%2C400&ssl=1 2x, https:\/\/i0.wp.com\/artejoven.org\/wp-content\/uploads\/2023\/08\/Hijos-de-Darwin-1-jpg.webp?resize=1050%2C600&ssl=1 3x"},"classes":[]}],"jetpack_sharing_enabled":true,"_links":{"self":[{"href":"https:\/\/artejoven.org\/fr\/wp-json\/wp\/v2\/pages\/8916","targetHints":{"allow":["GET"]}}],"collection":[{"href":"https:\/\/artejoven.org\/fr\/wp-json\/wp\/v2\/pages"}],"about":[{"href":"https:\/\/artejoven.org\/fr\/wp-json\/wp\/v2\/types\/page"}],"author":[{"embeddable":true,"href":"https:\/\/artejoven.org\/fr\/wp-json\/wp\/v2\/users\/1"}],"replies":[{"embeddable":true,"href":"https:\/\/artejoven.org\/fr\/wp-json\/wp\/v2\/comments?post=8916"}],"version-history":[{"count":0,"href":"https:\/\/artejoven.org\/fr\/wp-json\/wp\/v2\/pages\/8916\/revisions"}],"up":[{"embeddable":true,"href":"https:\/\/artejoven.org\/fr\/wp-json\/wp\/v2\/pages\/931"}],"wp:featuredmedia":[{"embeddable":true,"href":"https:\/\/artejoven.org\/fr\/wp-json\/wp\/v2\/media\/8917"}],"wp:attachment":[{"href":"https:\/\/artejoven.org\/fr\/wp-json\/wp\/v2\/media?parent=8916"}],"wp:term":[{"taxonomy":"category","embeddable":true,"href":"https:\/\/artejoven.org\/fr\/wp-json\/wp\/v2\/categories?post=8916"},{"taxonomy":"post_tag","embeddable":true,"href":"https:\/\/artejoven.org\/fr\/wp-json\/wp\/v2\/tags?post=8916"}],"curies":[{"name":"wp","href":"https:\/\/api.w.org\/{rel}","templated":true}]}}