{"id":8919,"date":"2025-02-24T18:58:12","date_gmt":"2025-02-24T23:58:12","guid":{"rendered":"https:\/\/artejoven.org\/?page_id=8919"},"modified":"2025-02-24T18:58:42","modified_gmt":"2025-02-24T23:58:42","slug":"averse","status":"publish","type":"page","link":"https:\/\/artejoven.org\/fr\/beneficiarios\/aguacero\/","title":{"rendered":"L'averse"},"content":{"rendered":"","protected":false},"excerpt":{"rendered":"<p>Il s'agit d'un projet de promotion culturelle et d'un lieu de rencontre pour les amateurs d'art. <\/p>","protected":false},"author":1,"featured_media":8920,"parent":931,"menu_order":0,"comment_status":"closed","ping_status":"closed","template":"","meta":{"_acf_changed":false,"footnotes":"","_links_to":"","_links_to_target":""},"categories":[13,33],"tags":[63,58],"class_list":["post-8919","page","type-page","status-publish","has-post-thumbnail","hentry","category-beneficiarios","category-emprendimientos-beneficiarios","tag-63","tag-segundo-programa","post","post-with-thumbnail","post-with-thumbnail-large"],"acf":[],"aioseo_notices":[],"jetpack-related-posts":[{"id":9396,"url":"https:\/\/festivalhabanaclasica.org\/","url_meta":{"origin":8919,"position":0},"title":"Association culturelle classique de La Havane (ACHC)","author":"Ren\u00e9 Manuel Puig","date":"3 de mai de 2025","format":false,"excerpt":"L'Asociaci\u00f3n Cultural Habana Cl\u00e1sica a \u00e9t\u00e9 fond\u00e9e en 2017 \u00e0 l'initiative du pianiste cubain Marcos Madrigal.","rel":"","context":"Dans &quot;Socios&quot;","block_context":{"text":"Socios","link":"https:\/\/artejoven.org\/fr\/category\/socios\/"},"img":{"alt_text":"","src":"https:\/\/i0.wp.com\/artejoven.org\/wp-content\/uploads\/2025\/05\/Habana-Clasica.webp?resize=350%2C200&ssl=1","width":350,"height":200},"classes":[]},{"id":9881,"url":"https:\/\/www.instagram.com\/catedra.musicasacra\/","url_meta":{"origin":8919,"position":1},"title":"Centre culturel P\u00e8re F\u00e9lix Varela","author":"Ren\u00e9 Manuel Puig","date":"9 de octobre de 2025","format":false,"excerpt":"Association ind\u00e9pendante de nature civile, non gouvernementale et autonome ayant la capacit\u00e9, sans but lucratif, de poss\u00e9der ses propres biens et d'\u00eatre soumise aux droits et obligations pr\u00e9vus par la l\u00e9gislation en vigueur.","rel":"","context":"Dans &quot;Aliados&quot;","block_context":{"text":"Aliados","link":"https:\/\/artejoven.org\/fr\/category\/aliados\/"},"img":{"alt_text":"Centro Cultural Padre F\u00e9lix Varela","src":"https:\/\/i0.wp.com\/artejoven.org\/wp-content\/uploads\/2025\/10\/Centro-Cultural-Padre-Felix-Varela.webp?resize=350%2C200&ssl=1","width":350,"height":200,"srcset":"https:\/\/i0.wp.com\/artejoven.org\/wp-content\/uploads\/2025\/10\/Centro-Cultural-Padre-Felix-Varela.webp?resize=350%2C200&ssl=1 1x, https:\/\/i0.wp.com\/artejoven.org\/wp-content\/uploads\/2025\/10\/Centro-Cultural-Padre-Felix-Varela.webp?resize=525%2C300&ssl=1 1.5x"},"classes":[]},{"id":12,"url":"https:\/\/artejoven.org\/fr\/","url_meta":{"origin":8919,"position":2},"title":"Accueil","author":"Ren\u00e9 Manuel Puig","date":"15 de mars de 2023","format":false,"excerpt":"Nous sommes une plateforme culturelle qui soutient et promeut l'art cubain \u00e9mergent et les entreprises culturelles qui r\u00e9alisent leurs projets cr\u00e9atifs \u00e0 partir de Cuba.","rel":"","context":"Article similaire","block_context":{"text":"Article similaire","link":""},"img":{"alt_text":"CIERIC","src":"https:\/\/i0.wp.com\/artejoven.org\/wp-content\/uploads\/2025\/03\/CIERIC-png.webp?resize=350%2C200&ssl=1","width":350,"height":200,"srcset":"https:\/\/i0.wp.com\/artejoven.org\/wp-content\/uploads\/2025\/03\/CIERIC-png.webp?resize=350%2C200&ssl=1 1x, https:\/\/i0.wp.com\/artejoven.org\/wp-content\/uploads\/2025\/03\/CIERIC-png.webp?resize=525%2C300&ssl=1 1.5x, https:\/\/i0.wp.com\/artejoven.org\/wp-content\/uploads\/2025\/03\/CIERIC-png.webp?resize=700%2C400&ssl=1 2x"},"classes":[]},{"id":8922,"url":"https:\/\/artejoven.org\/fr\/beneficiarios\/zarpe\/","url_meta":{"origin":8919,"position":3},"title":"ZARPE","author":"Ren\u00e9 Manuel Puig","date":"24 de f\u00e9vrier de 2025","format":false,"excerpt":"Une plateforme culturelle qui vise \u00e0 contribuer \u00e0 la promotion des carri\u00e8res musicales des jeunes.","rel":"","context":"Dans &quot;Beneficiarios&quot;","block_context":{"text":"Beneficiarios","link":"https:\/\/artejoven.org\/fr\/category\/beneficiarios\/"},"img":{"alt_text":"ZARPE","src":"https:\/\/i0.wp.com\/artejoven.org\/wp-content\/uploads\/2025\/02\/ZARPE.webp?resize=350%2C200&ssl=1","width":350,"height":200,"srcset":"https:\/\/i0.wp.com\/artejoven.org\/wp-content\/uploads\/2025\/02\/ZARPE.webp?resize=350%2C200&ssl=1 1x, https:\/\/i0.wp.com\/artejoven.org\/wp-content\/uploads\/2025\/02\/ZARPE.webp?resize=525%2C300&ssl=1 1.5x"},"classes":[]},{"id":8912,"url":"https:\/\/artejoven.org\/fr\/beneficiarios\/la-tribu\/","url_meta":{"origin":8919,"position":4},"title":"La Tribu","author":"Ren\u00e9 Manuel Puig","date":"24 de f\u00e9vrier de 2025","format":false,"excerpt":"Projet socioculturel ax\u00e9 sur la musique \u00e9lectronique, o\u00f9 se m\u00ealent diff\u00e9rentes manifestations artistiques.","rel":"","context":"Dans &quot;Beneficiarios&quot;","block_context":{"text":"Beneficiarios","link":"https:\/\/artejoven.org\/fr\/category\/beneficiarios\/"},"img":{"alt_text":"La Tribu","src":"https:\/\/i0.wp.com\/artejoven.org\/wp-content\/uploads\/2025\/02\/La-Tribu.webp?resize=350%2C200&ssl=1","width":350,"height":200,"srcset":"https:\/\/i0.wp.com\/artejoven.org\/wp-content\/uploads\/2025\/02\/La-Tribu.webp?resize=350%2C200&ssl=1 1x, https:\/\/i0.wp.com\/artejoven.org\/wp-content\/uploads\/2025\/02\/La-Tribu.webp?resize=525%2C300&ssl=1 1.5x"},"classes":[]},{"id":9398,"url":"#","url_meta":{"origin":8919,"position":5},"title":"Zones de cr\u00e9ativit\u00e9","author":"Ren\u00e9 Manuel Puig","date":"3 de mai de 2025","format":false,"excerpt":"Un projet qui vise \u00e0 promouvoir les industries culturelles et cr\u00e9atives, en encourageant la valorisation du patrimoine historique et culturel.","rel":"","context":"Dans &quot;Socios&quot;","block_context":{"text":"Socios","link":"https:\/\/artejoven.org\/fr\/category\/socios\/"},"img":{"alt_text":"","src":"https:\/\/i0.wp.com\/artejoven.org\/wp-content\/uploads\/2025\/05\/Zonas-Creativas.webp?resize=350%2C200&ssl=1","width":350,"height":200},"classes":[]}],"jetpack_sharing_enabled":true,"_links":{"self":[{"href":"https:\/\/artejoven.org\/fr\/wp-json\/wp\/v2\/pages\/8919","targetHints":{"allow":["GET"]}}],"collection":[{"href":"https:\/\/artejoven.org\/fr\/wp-json\/wp\/v2\/pages"}],"about":[{"href":"https:\/\/artejoven.org\/fr\/wp-json\/wp\/v2\/types\/page"}],"author":[{"embeddable":true,"href":"https:\/\/artejoven.org\/fr\/wp-json\/wp\/v2\/users\/1"}],"replies":[{"embeddable":true,"href":"https:\/\/artejoven.org\/fr\/wp-json\/wp\/v2\/comments?post=8919"}],"version-history":[{"count":0,"href":"https:\/\/artejoven.org\/fr\/wp-json\/wp\/v2\/pages\/8919\/revisions"}],"up":[{"embeddable":true,"href":"https:\/\/artejoven.org\/fr\/wp-json\/wp\/v2\/pages\/931"}],"wp:featuredmedia":[{"embeddable":true,"href":"https:\/\/artejoven.org\/fr\/wp-json\/wp\/v2\/media\/8920"}],"wp:attachment":[{"href":"https:\/\/artejoven.org\/fr\/wp-json\/wp\/v2\/media?parent=8919"}],"wp:term":[{"taxonomy":"category","embeddable":true,"href":"https:\/\/artejoven.org\/fr\/wp-json\/wp\/v2\/categories?post=8919"},{"taxonomy":"post_tag","embeddable":true,"href":"https:\/\/artejoven.org\/fr\/wp-json\/wp\/v2\/tags?post=8919"}],"curies":[{"name":"wp","href":"https:\/\/api.w.org\/{rel}","templated":true}]}}