{"id":8930,"date":"2025-02-24T19:27:34","date_gmt":"2025-02-25T00:27:34","guid":{"rendered":"https:\/\/artejoven.org\/?page_id=8930"},"modified":"2025-02-24T19:27:37","modified_gmt":"2025-02-25T00:27:37","slug":"la-culture-du-vinyle-a-cuba","status":"publish","type":"page","link":"https:\/\/artejoven.org\/fr\/beneficiarios\/cultura-del-vinilo-en-cuba\/","title":{"rendered":"La culture du vinyle \u00e0 Cuba"},"content":{"rendered":"","protected":false},"excerpt":{"rendered":"<p>Projet con\u00e7u par Gu\u00e1mpara Music pour promouvoir le d\u00e9veloppement de la culture du vinyle en tant que support musical et historiographique pour Cuba. <\/p>","protected":false},"author":1,"featured_media":8931,"parent":931,"menu_order":0,"comment_status":"closed","ping_status":"closed","template":"","meta":{"_acf_changed":false,"footnotes":"","_links_to":"","_links_to_target":""},"categories":[13,33],"tags":[63,58],"class_list":["post-8930","page","type-page","status-publish","has-post-thumbnail","hentry","category-beneficiarios","category-emprendimientos-beneficiarios","tag-63","tag-segundo-programa","post","post-with-thumbnail","post-with-thumbnail-large"],"acf":[],"aioseo_notices":[],"jetpack-related-posts":[{"id":7770,"url":"https:\/\/www.unesco.org\/es\/fieldoffice\/havana%20","url_meta":{"origin":8930,"position":0},"title":"UNESCO La Havane","author":"Ren\u00e9 Manuel Puig","date":"2 de juillet de 2024","format":false,"excerpt":"La oficina de la UNESCO en La Habana realiza m\u00faltiples funciones de gran importancia e impacto en el continente, en su calidad de Oficina Regional de Cultura para Am\u00e9rica Latina y el Caribe, Oficina Multipa\u00eds para el Caribe Latino y Representaci\u00f3n de la UNESCO ante los Gobiernos de Cuba y\u2026","rel":"","context":"Dans &quot;Donantes&quot;","block_context":{"text":"Donantes","link":"https:\/\/artejoven.org\/fr\/category\/donantes\/"},"img":{"alt_text":"","src":"https:\/\/i0.wp.com\/artejoven.org\/wp-content\/uploads\/2024\/07\/UNESCO-Habana-jpg.webp?resize=350%2C200&ssl=1","width":350,"height":200},"classes":[]},{"id":10648,"url":"https:\/\/artejoven.org\/fr\/beneficiarios\/dario-cuba-hernandez\/","url_meta":{"origin":8930,"position":1},"title":"Dar\u00edo Cuba Hern\u00e1ndez","author":"Ren\u00e9 Manuel Puig","date":"31 de mars de 2026","format":false,"excerpt":"(Sancti Sp\u00edritus, 2008) Fl\u00fbtiste form\u00e9e dans des institutions de Sancti Sp\u00edritus et de La Havane, actuellement \u00e9tudiante \u00e0 l'\u00c9cole nationale d'art de Cuba (ENA).","rel":"","context":"Dans &quot;Beneficiarios&quot;","block_context":{"text":"Beneficiarios","link":"https:\/\/artejoven.org\/fr\/category\/beneficiarios\/"},"img":{"alt_text":"Dar\u00edo Cuba Hern\u00e1ndez","src":"https:\/\/i0.wp.com\/artejoven.org\/wp-content\/uploads\/2026\/03\/Dario-Cuba.webp?resize=350%2C200&ssl=1","width":350,"height":200,"srcset":"https:\/\/i0.wp.com\/artejoven.org\/wp-content\/uploads\/2026\/03\/Dario-Cuba.webp?resize=350%2C200&ssl=1 1x, https:\/\/i0.wp.com\/artejoven.org\/wp-content\/uploads\/2026\/03\/Dario-Cuba.webp?resize=525%2C300&ssl=1 1.5x"},"classes":[]},{"id":9897,"url":"https:\/\/www.instagram.com\/uneacuba\/","url_meta":{"origin":8930,"position":2},"title":"Uni\u00f3n de Escritores y Artistas de Cuba (UNEAC) (Union des \u00e9crivains et artistes de Cuba)","author":"Ren\u00e9 Manuel Puig","date":"9 de octobre de 2025","format":false,"excerpt":"Association professionnelle, culturelle et sociale qui rassemble et repr\u00e9sente les \u00e9crivains et artistes cubains.","rel":"","context":"Dans &quot;Aliados&quot;","block_context":{"text":"Aliados","link":"https:\/\/artejoven.org\/fr\/category\/aliados\/"},"img":{"alt_text":"Uni\u00f3n de Escritores y Artistas de Cuba (UNEAC)","src":"https:\/\/i0.wp.com\/artejoven.org\/wp-content\/uploads\/2025\/10\/UNEAC.webp?resize=350%2C200&ssl=1","width":350,"height":200,"srcset":"https:\/\/i0.wp.com\/artejoven.org\/wp-content\/uploads\/2025\/10\/UNEAC.webp?resize=350%2C200&ssl=1 1x, https:\/\/i0.wp.com\/artejoven.org\/wp-content\/uploads\/2025\/10\/UNEAC.webp?resize=525%2C300&ssl=1 1.5x"},"classes":[]},{"id":7332,"url":"https:\/\/artejoven.org\/fr\/beneficiarios\/update-aproximacion-a-una-cuba-digitalizada-_\/","url_meta":{"origin":8930,"position":3},"title":"Mise \u00e0 jour. Aproximaci\u00f3n a una Cuba digitalizada,._...,","author":"Ren\u00e9 Manuel Puig","date":"10 de avril de 2024","format":false,"excerpt":"Cette initiative de la jeune conservatrice Enedys Seijo (Artemisa, 1995) est le r\u00e9sultat d'une recherche multidisciplinaire.","rel":"","context":"Dans &quot;Artes Visuales&quot;","block_context":{"text":"Artes Visuales","link":"https:\/\/artejoven.org\/fr\/category\/beneficiarios\/artes-visuales-beneficiarios\/"},"img":{"alt_text":"Update. Aproximaci\u00f3n a una Cuba digitalizada,._.,","src":"https:\/\/i0.wp.com\/artejoven.org\/wp-content\/uploads\/2024\/07\/Update.-Aproximacion-a-una-Cuba-digitalizada-1-jpg.webp?resize=350%2C200&ssl=1","width":350,"height":200,"srcset":"https:\/\/i0.wp.com\/artejoven.org\/wp-content\/uploads\/2024\/07\/Update.-Aproximacion-a-una-Cuba-digitalizada-1-jpg.webp?resize=350%2C200&ssl=1 1x, https:\/\/i0.wp.com\/artejoven.org\/wp-content\/uploads\/2024\/07\/Update.-Aproximacion-a-una-Cuba-digitalizada-1-jpg.webp?resize=525%2C300&ssl=1 1.5x"},"classes":[]},{"id":7686,"url":"https:\/\/artejoven.org\/fr\/beneficiarios\/quinteto-espirales-cuba\/","url_meta":{"origin":8930,"position":4},"title":"Quintet Espirales","author":"Ren\u00e9 Manuel Puig","date":"12 de juillet de 2024","format":false,"excerpt":"Le projet Espirales a \u00e9t\u00e9 fond\u00e9 en 2023 par le jeune pianiste Rodrigo Garc\u00eda et comprend \u00e9galement la violoniste Tania Haase, la contrebassiste Olivia Rodr\u00edguez et les percussionnistes Alejandro Aguiar et Jes\u00fas Estrada.","rel":"","context":"Dans &quot;Beneficiarios&quot;","block_context":{"text":"Beneficiarios","link":"https:\/\/artejoven.org\/fr\/category\/beneficiarios\/"},"img":{"alt_text":"Quinteto Espirales Cuba","src":"https:\/\/i0.wp.com\/artejoven.org\/wp-content\/uploads\/2024\/07\/Espirales-jpg.webp?resize=350%2C200&ssl=1","width":350,"height":200,"srcset":"https:\/\/i0.wp.com\/artejoven.org\/wp-content\/uploads\/2024\/07\/Espirales-jpg.webp?resize=350%2C200&ssl=1 1x, https:\/\/i0.wp.com\/artejoven.org\/wp-content\/uploads\/2024\/07\/Espirales-jpg.webp?resize=525%2C300&ssl=1 1.5x"},"classes":[]},{"id":6717,"url":"https:\/\/drive.google.com\/file\/d\/1np4SMoMfGtysNAnvK9bpRB1H-NpRKMpe\/view?usp=sharing","url_meta":{"origin":8930,"position":5},"title":"La direction d'orchestre symphonique. Son expression \u00e0 Cuba","author":"Ren\u00e9 Manuel Puig","date":"19 de d\u00e9cembre de 2023","format":false,"excerpt":"Este trabajo, sin duda, marca una cumbre en la esencia pedag\u00f3gica que siempre ha acompa\u00f1ado a Guido L\u00f3pez-Gavil\u00e1n: quien antes de una partitura decidi\u00f3 ense\u00f1ar letras, quien antes de subir a un p\u00f3dium subi\u00f3 monta\u00f1as para compartir lo aprendido, quien antes de tocar melod\u00edas ya lograba tocar corazones.","rel":"","context":"Dans &quot;M\u00fasica&quot;","block_context":{"text":"M\u00fasica","link":"https:\/\/artejoven.org\/fr\/category\/recursos\/musica-recursos\/"},"img":{"alt_text":"","src":"","width":0,"height":0},"classes":[]}],"jetpack_sharing_enabled":true,"_links":{"self":[{"href":"https:\/\/artejoven.org\/fr\/wp-json\/wp\/v2\/pages\/8930","targetHints":{"allow":["GET"]}}],"collection":[{"href":"https:\/\/artejoven.org\/fr\/wp-json\/wp\/v2\/pages"}],"about":[{"href":"https:\/\/artejoven.org\/fr\/wp-json\/wp\/v2\/types\/page"}],"author":[{"embeddable":true,"href":"https:\/\/artejoven.org\/fr\/wp-json\/wp\/v2\/users\/1"}],"replies":[{"embeddable":true,"href":"https:\/\/artejoven.org\/fr\/wp-json\/wp\/v2\/comments?post=8930"}],"version-history":[{"count":0,"href":"https:\/\/artejoven.org\/fr\/wp-json\/wp\/v2\/pages\/8930\/revisions"}],"up":[{"embeddable":true,"href":"https:\/\/artejoven.org\/fr\/wp-json\/wp\/v2\/pages\/931"}],"wp:featuredmedia":[{"embeddable":true,"href":"https:\/\/artejoven.org\/fr\/wp-json\/wp\/v2\/media\/8931"}],"wp:attachment":[{"href":"https:\/\/artejoven.org\/fr\/wp-json\/wp\/v2\/media?parent=8930"}],"wp:term":[{"taxonomy":"category","embeddable":true,"href":"https:\/\/artejoven.org\/fr\/wp-json\/wp\/v2\/categories?post=8930"},{"taxonomy":"post_tag","embeddable":true,"href":"https:\/\/artejoven.org\/fr\/wp-json\/wp\/v2\/tags?post=8930"}],"curies":[{"name":"wp","href":"https:\/\/api.w.org\/{rel}","templated":true}]}}