{"id":10045,"date":"2025-10-22T14:46:48","date_gmt":"2025-10-22T14:46:48","guid":{"rendered":"https:\/\/artejoven.org\/community\/"},"modified":"2025-11-10T14:03:20","modified_gmt":"2025-11-10T19:03:20","slug":"comunita","status":"publish","type":"page","link":"https:\/\/artejoven.org\/it\/comunidad\/","title":{"rendered":"Forum"},"content":{"rendered":"<div data-elementor-type=\"wp-page\" data-elementor-id=\"10045\" class=\"elementor elementor-10045\" data-elementor-post-type=\"page\">\n\t\t\t\t\t\t<section class=\"elementor-section elementor-top-section elementor-element elementor-element-434a18a elementor-section-boxed elementor-section-height-default elementor-section-height-default\" data-id=\"434a18a\" data-element_type=\"section\" data-e-type=\"section\" data-settings=\"{&quot;background_background&quot;:&quot;classic&quot;}\">\n\t\t\t\t\t\t<div class=\"elementor-container elementor-column-gap-default\">\n\t\t\t\t\t<div class=\"elementor-column elementor-col-50 elementor-top-column elementor-element elementor-element-72aff39\" data-id=\"72aff39\" data-element_type=\"column\" data-e-type=\"column\">\n\t\t\t<div class=\"elementor-widget-wrap elementor-element-populated\">\n\t\t\t\t\t\t<div class=\"elementor-element elementor-element-bd28f5d elementor-widget elementor-widget-text-editor\" data-id=\"bd28f5d\" data-element_type=\"widget\" data-e-type=\"widget\" data-widget_type=\"text-editor.default\">\n\t\t\t\t<div class=\"elementor-widget-container\">\n\t\t\t\t\t\t\t\t\t<p>Nell'ambito della seconda edizione del Concorso Nazionale di Musica 2025, il Fondo de Arte Joven (FAJ) e l'UNICEF Cuba promuovono questo spazio di dialogo tra famiglie, adolescenti e specialisti in psicologia infantile ed educazione della prima infanzia, con l'obiettivo di promuovere processi creativi che favoriscano lo sviluppo integrale, la crescita spirituale, la creativit\u00e0 e l'espressione in queste et\u00e0. Contribuisce inoltre a creare ambienti inclusivi e sicuri che sostengono l'esercizio del diritto dei bambini e degli adolescenti a partecipare liberamente alla vita culturale e alle arti, come stabilito dall'articolo 31 della Convenzione sui diritti dell'infanzia.<\/p>\t\t\t\t\t\t\t\t<\/div>\n\t\t\t\t<\/div>\n\t\t\t\t\t<\/div>\n\t\t<\/div>\n\t\t\t\t<div class=\"elementor-column elementor-col-50 elementor-top-column elementor-element elementor-element-0c58a8f\" data-id=\"0c58a8f\" data-element_type=\"column\" data-e-type=\"column\">\n\t\t\t<div class=\"elementor-widget-wrap elementor-element-populated\">\n\t\t\t\t\t\t<div class=\"elementor-element elementor-element-95c8c84 elementor-widget elementor-widget-image\" data-id=\"95c8c84\" data-element_type=\"widget\" data-e-type=\"widget\" data-widget_type=\"image.default\">\n\t\t\t\t<div class=\"elementor-widget-container\">\n\t\t\t\t\t\t\t\t\t\t\t\t\t\t\t<img decoding=\"async\" width=\"279\" height=\"140\" src=\"https:\/\/artejoven.org\/wp-content\/uploads\/2025\/10\/admin-ajax-1-e1761154839872.webp\" class=\"attachment-large size-large wp-image-10091\" alt=\"\" srcset=\"https:\/\/artejoven.org\/wp-content\/uploads\/2025\/10\/admin-ajax-1-e1761154839872.webp 279w, https:\/\/artejoven.org\/wp-content\/uploads\/2025\/10\/admin-ajax-1-e1761154839872-18x9.webp 18w\" sizes=\"(max-width: 279px) 100vw, 279px\" \/>\t\t\t\t\t\t\t\t\t\t\t\t\t\t\t<\/div>\n\t\t\t\t<\/div>\n\t\t\t\t<div class=\"elementor-element elementor-element-148408f elementor-align-right elementor-mobile-align-left elementor-widget elementor-widget-button\" data-id=\"148408f\" data-element_type=\"widget\" data-e-type=\"widget\" data-widget_type=\"button.default\">\n\t\t\t\t<div class=\"elementor-widget-container\">\n\t\t\t\t\t\t\t\t\t<div class=\"elementor-button-wrapper\">\n\t\t\t\t\t<a class=\"elementor-button elementor-button-link elementor-size-sm\" href=\"#elementor-action%3Aaction%3Dpopup%3Aopen%26settings%3DeyJpZCI6IjEwMTQwIiwidG9nZ2xlIjpmYWxzZX0%3D\">\n\t\t\t\t\t\t<span class=\"elementor-button-content-wrapper\">\n\t\t\t\t\t\t\t\t\t<span class=\"elementor-button-text\">Segnala un problema<\/span>\n\t\t\t\t\t<\/span>\n\t\t\t\t\t<\/a>\n\t\t\t\t<\/div>\n\t\t\t\t\t\t\t\t<\/div>\n\t\t\t\t<\/div>\n\t\t\t\t\t<\/div>\n\t\t<\/div>\n\t\t\t\t\t<\/div>\n\t\t<\/section>\n\t\t\t\t<section class=\"elementor-section elementor-top-section elementor-element elementor-element-787b5906 elementor-section-boxed elementor-section-height-default elementor-section-height-default\" data-id=\"787b5906\" data-element_type=\"section\" data-e-type=\"section\" data-settings=\"{&quot;background_background&quot;:&quot;classic&quot;}\">\n\t\t\t\t\t\t<div class=\"elementor-container elementor-column-gap-default\">\n\t\t\t\t\t<div class=\"elementor-column elementor-col-100 elementor-top-column elementor-element elementor-element-609e0ebe\" data-id=\"609e0ebe\" data-element_type=\"column\" data-e-type=\"column\">\n\t\t\t<div class=\"elementor-widget-wrap elementor-element-populated\">\n\t\t\t\t\t\t<div class=\"elementor-element elementor-element-2cd89bff elementor-widget elementor-widget-shortcode\" data-id=\"2cd89bff\" data-element_type=\"widget\" data-e-type=\"widget\" data-widget_type=\"shortcode.default\">\n\t\t\t\t<div class=\"elementor-widget-container\">\n\t\t\t\t\t\t\t<div class=\"elementor-shortcode\"><\/div>\n\t\t\t\t\t\t<\/div>\n\t\t\t\t<\/div>\n\t\t\t\t\t<\/div>\n\t\t<\/div>\n\t\t\t\t\t<\/div>\n\t\t<\/section>\n\t\t\t\t<\/div>","protected":false},"excerpt":{"rendered":"<p>En el contexto de la segunda edici\u00f3n del Concurso Nacional de M\u00fasica 2025, el Fondo de Arte Joven (FAJ) y UNICEF Cuba impulsan este espacio de di\u00e1logo entre las familias, adolescentes y especialistas en psicolog\u00eda infantil y educaci\u00f3n en las infancias, con el objetivo de promover procesos creativos que favorezcan el desarrollo integral, crecimiento espiritual, [&hellip;]<\/p>\n","protected":false},"author":1,"featured_media":0,"parent":0,"menu_order":0,"comment_status":"close","ping_status":"close","template":"","meta":{"_acf_changed":false,"footnotes":"","_links_to":"","_links_to_target":""},"categories":[],"tags":[],"class_list":["post-10045","page","type-page","status-publish","hentry","post"],"acf":[],"aioseo_notices":[],"jetpack-related-posts":[{"id":8767,"url":"https:\/\/artejoven.org\/it\/espacios-faj\/concurso-nacional-de-musica\/","url_meta":{"origin":10045,"position":0},"title":"Concorso nazionale di musica","author":"Ren\u00e9 Manuel Puig","date":"12 de Febbraio de 2025","format":false,"excerpt":"Auspiciado por el FAJ y UNICEF Cuba, la iniciativa se dirige a m\u00fasicos en formaci\u00f3n formal o informal (de la ense\u00f1anza art\u00edstica o autodidactas), de nacionalidad cubana, residentes en Cuba, con el objetivo de promover procesos creativos que favorezcan el crecimiento espiritual, la creatividad y la expresi\u00f3n de adolescentes, as\u00ed\u2026","rel":"","context":"In &quot;Espacios&quot;","block_context":{"text":"Espacios","link":"https:\/\/artejoven.org\/it\/category\/espacios\/"},"img":{"alt_text":"","src":"https:\/\/i0.wp.com\/artejoven.org\/wp-content\/uploads\/2025\/07\/BANNER_CONCURSO-NACIONAL-DE-MUSICA-2DA-EDICION.webp?resize=350%2C200&ssl=1","width":350,"height":200,"srcset":"https:\/\/i0.wp.com\/artejoven.org\/wp-content\/uploads\/2025\/07\/BANNER_CONCURSO-NACIONAL-DE-MUSICA-2DA-EDICION.webp?resize=350%2C200&ssl=1 1x, https:\/\/i0.wp.com\/artejoven.org\/wp-content\/uploads\/2025\/07\/BANNER_CONCURSO-NACIONAL-DE-MUSICA-2DA-EDICION.webp?resize=525%2C300&ssl=1 1.5x, https:\/\/i0.wp.com\/artejoven.org\/wp-content\/uploads\/2025\/07\/BANNER_CONCURSO-NACIONAL-DE-MUSICA-2DA-EDICION.webp?resize=700%2C400&ssl=1 2x, https:\/\/i0.wp.com\/artejoven.org\/wp-content\/uploads\/2025\/07\/BANNER_CONCURSO-NACIONAL-DE-MUSICA-2DA-EDICION.webp?resize=1050%2C600&ssl=1 3x"},"classes":[]},{"id":7965,"url":"https:\/\/artejoven.org\/it\/convocatorias\/concurso-nacional-de-musica\/","url_meta":{"origin":10045,"position":1},"title":"Concorso nazionale di musica","author":"Ren\u00e9 Manuel Puig","date":"30 de Agosto de 2024","format":false,"excerpt":"Modulo di iscrizione alla prima edizione del Concorso nazionale di musica","rel":"","context":"In &quot;Convocatorias&quot;","block_context":{"text":"Convocatorias","link":"https:\/\/artejoven.org\/it\/category\/convocatoria\/"},"img":{"alt_text":"","src":"https:\/\/i0.wp.com\/artejoven.org\/wp-content\/uploads\/2023\/05\/Banner-Web.jpg?resize=350%2C200&ssl=1","width":350,"height":200,"srcset":"https:\/\/i0.wp.com\/artejoven.org\/wp-content\/uploads\/2023\/05\/Banner-Web.jpg?resize=350%2C200&ssl=1 1x, https:\/\/i0.wp.com\/artejoven.org\/wp-content\/uploads\/2023\/05\/Banner-Web.jpg?resize=525%2C300&ssl=1 1.5x, https:\/\/i0.wp.com\/artejoven.org\/wp-content\/uploads\/2023\/05\/Banner-Web.jpg?resize=700%2C400&ssl=1 2x"},"classes":[]},{"id":8928,"url":"https:\/\/artejoven.org\/it\/beneficiarios\/metanoia-una-ruta-hacia-las-raices\/","url_meta":{"origin":10045,"position":2},"title":"Metanoia, un percorso verso le radici","author":"Ren\u00e9 Manuel Puig","date":"24 de Febbraio de 2025","format":false,"excerpt":"Iniziativa socio-culturale che promuove i valori del patrimonio culturale di Guanabacoa con la partecipazione di bambini, adolescenti e giovani.","rel":"","context":"In &quot;Beneficiarios&quot;","block_context":{"text":"Beneficiarios","link":"https:\/\/artejoven.org\/it\/category\/beneficiarios\/"},"img":{"alt_text":"Metanoia","src":"https:\/\/i0.wp.com\/artejoven.org\/wp-content\/uploads\/2025\/02\/Metanoia.webp?resize=350%2C200&ssl=1","width":350,"height":200,"srcset":"https:\/\/i0.wp.com\/artejoven.org\/wp-content\/uploads\/2025\/02\/Metanoia.webp?resize=350%2C200&ssl=1 1x, https:\/\/i0.wp.com\/artejoven.org\/wp-content\/uploads\/2025\/02\/Metanoia.webp?resize=525%2C300&ssl=1 1.5x"},"classes":[]},{"id":7767,"url":"https:\/\/www.unicef.org\/cuba%20","url_meta":{"origin":10045,"position":3},"title":"UNICEF","author":"Ren\u00e9 Manuel Puig","date":"1 de Luglio de 2024","format":false,"excerpt":"Il Fondo delle Nazioni Unite per l'Infanzia (UNICEF) a Cuba promuove e difende i diritti dei bambini del Paese.","rel":"","context":"In &quot;Donantes&quot;","block_context":{"text":"Donantes","link":"https:\/\/artejoven.org\/it\/category\/donantes\/"},"img":{"alt_text":"","src":"https:\/\/i0.wp.com\/artejoven.org\/wp-content\/uploads\/2024\/12\/UNICEF-jpg.webp?resize=350%2C200&ssl=1","width":350,"height":200},"classes":[]},{"id":9398,"url":"#","url_meta":{"origin":10045,"position":4},"title":"Zone creative","author":"Ren\u00e9 Manuel Puig","date":"3 de Maggio de 2025","format":false,"excerpt":"Un progetto che cerca di promuovere le industrie culturali e creative, incoraggiando la valorizzazione del patrimonio storico e culturale.","rel":"","context":"In &quot;Socios&quot;","block_context":{"text":"Socios","link":"https:\/\/artejoven.org\/it\/category\/socios\/"},"img":{"alt_text":"","src":"https:\/\/i0.wp.com\/artejoven.org\/wp-content\/uploads\/2025\/05\/Zonas-Creativas.webp?resize=350%2C200&ssl=1","width":350,"height":200},"classes":[]},{"id":8925,"url":"https:\/\/artejoven.org\/it\/beneficiarios\/jazz-emprende\/","url_meta":{"origin":10045,"position":5},"title":"Jazz Emprende","author":"Ren\u00e9 Manuel Puig","date":"24 de Febbraio de 2025","format":false,"excerpt":"Primo evento del progetto di sviluppo locale Emprendo y Existo, che contribuisce a promuovere la creativit\u00e0 delle industrie creative, integrando gli obiettivi di musicisti e imprenditori.","rel":"","context":"In &quot;Beneficiarios&quot;","block_context":{"text":"Beneficiarios","link":"https:\/\/artejoven.org\/it\/category\/beneficiarios\/"},"img":{"alt_text":"Jazz Emprende","src":"https:\/\/i0.wp.com\/artejoven.org\/wp-content\/uploads\/2025\/02\/Jazz-Emprende.webp?resize=350%2C200&ssl=1","width":350,"height":200,"srcset":"https:\/\/i0.wp.com\/artejoven.org\/wp-content\/uploads\/2025\/02\/Jazz-Emprende.webp?resize=350%2C200&ssl=1 1x, https:\/\/i0.wp.com\/artejoven.org\/wp-content\/uploads\/2025\/02\/Jazz-Emprende.webp?resize=525%2C300&ssl=1 1.5x"},"classes":[]}],"jetpack_sharing_enabled":true,"_links":{"self":[{"href":"https:\/\/artejoven.org\/it\/wp-json\/wp\/v2\/pages\/10045","targetHints":{"allow":["GET"]}}],"collection":[{"href":"https:\/\/artejoven.org\/it\/wp-json\/wp\/v2\/pages"}],"about":[{"href":"https:\/\/artejoven.org\/it\/wp-json\/wp\/v2\/types\/page"}],"author":[{"embeddable":true,"href":"https:\/\/artejoven.org\/it\/wp-json\/wp\/v2\/users\/1"}],"replies":[{"embeddable":true,"href":"https:\/\/artejoven.org\/it\/wp-json\/wp\/v2\/comments?post=10045"}],"version-history":[{"count":0,"href":"https:\/\/artejoven.org\/it\/wp-json\/wp\/v2\/pages\/10045\/revisions"}],"wp:attachment":[{"href":"https:\/\/artejoven.org\/it\/wp-json\/wp\/v2\/media?parent=10045"}],"wp:term":[{"taxonomy":"category","embeddable":true,"href":"https:\/\/artejoven.org\/it\/wp-json\/wp\/v2\/categories?post=10045"},{"taxonomy":"post_tag","embeddable":true,"href":"https:\/\/artejoven.org\/it\/wp-json\/wp\/v2\/tags?post=10045"}],"curies":[{"name":"wp","href":"https:\/\/api.w.org\/{rel}","templated":true}]}}