{"id":2828,"date":"2023-05-28T22:45:31","date_gmt":"2023-05-29T02:45:31","guid":{"rendered":"https:\/\/artejoven.org\/?page_id=2828"},"modified":"2023-09-01T12:18:55","modified_gmt":"2023-09-01T16:18:55","slug":"victor-manuel-ojeda","status":"publish","type":"page","link":"https:\/\/artejoven.org\/it\/beneficiarios\/victor-manuel-ojeda\/","title":{"rendered":"Victor Manuel Ojeda"},"content":{"rendered":"","protected":false},"excerpt":{"rendered":"<p>Victor Manuel Ojeda Collado (Mayabeque, 1990) si \u00e8 laureato in Pittura presso l'Accademia Provinciale di Arti Plastiche Eduardo Abela e in Conservazione dei Beni Culturali presso l'ISA.<\/p>","protected":false},"author":1,"featured_media":2829,"parent":931,"menu_order":0,"comment_status":"closed","ping_status":"closed","template":"","meta":{"_acf_changed":false,"footnotes":"","_links_to":"","_links_to_target":""},"categories":[32,13],"tags":[25,57],"class_list":["post-2828","page","type-page","status-publish","has-post-thumbnail","hentry","category-artes-visuales-beneficiarios","category-beneficiarios","tag-25","tag-primer-programa","post","post-with-thumbnail","post-with-thumbnail-large"],"acf":[],"aioseo_notices":[],"jetpack-related-posts":[{"id":8114,"url":"https:\/\/artejoven.org\/it\/espacios-faj\/malayerba\/segunda-edicion-de-malayerba\/","url_meta":{"origin":2828,"position":0},"title":"Seconda edizione di malaYerba","author":"Ren\u00e9 Manuel Puig","date":"20 de Settembre de 2024","format":false,"excerpt":"Questi nuovi creatori identificano le loro realt\u00e0 pi\u00f9 strazianti e le portano in pittura, fotografia, video e installazione.","rel":"","context":"In &quot;Exposiciones&quot;","block_context":{"text":"Exposiciones","link":"https:\/\/artejoven.org\/it\/category\/espacios\/exposiciones-espacios\/"},"img":{"alt_text":"malaYerba","src":"https:\/\/i0.wp.com\/artejoven.org\/wp-content\/uploads\/2024\/07\/malaYerba-Segunda-Convocatoria-1-jpg.webp?resize=350%2C200&ssl=1","width":350,"height":200,"srcset":"https:\/\/i0.wp.com\/artejoven.org\/wp-content\/uploads\/2024\/07\/malaYerba-Segunda-Convocatoria-1-jpg.webp?resize=350%2C200&ssl=1 1x, https:\/\/i0.wp.com\/artejoven.org\/wp-content\/uploads\/2024\/07\/malaYerba-Segunda-Convocatoria-1-jpg.webp?resize=525%2C300&ssl=1 1.5x, https:\/\/i0.wp.com\/artejoven.org\/wp-content\/uploads\/2024\/07\/malaYerba-Segunda-Convocatoria-1-jpg.webp?resize=700%2C400&ssl=1 2x, https:\/\/i0.wp.com\/artejoven.org\/wp-content\/uploads\/2024\/07\/malaYerba-Segunda-Convocatoria-1-jpg.webp?resize=1050%2C600&ssl=1 3x, https:\/\/i0.wp.com\/artejoven.org\/wp-content\/uploads\/2024\/07\/malaYerba-Segunda-Convocatoria-1-jpg.webp?resize=1400%2C800&ssl=1 4x"},"classes":[]},{"id":7773,"url":"https:\/\/www.graficasselvi.com\/%20","url_meta":{"origin":2828,"position":1},"title":"Arti grafiche Selvi","author":"Ren\u00e9 Manuel Puig","date":"16 de Luglio de 2024","format":false,"excerpt":"Fondata nel 1961, l'industria grafica con sede a Valencia, in Spagna, ha conquistato un posto speciale nel mondo dell'arte a Cuba, nella produzione di cataloghi per artisti e mostre.","rel":"","context":"In &quot;Aliados&quot;","block_context":{"text":"Aliados","link":"https:\/\/artejoven.org\/it\/category\/aliados\/"},"img":{"alt_text":"","src":"https:\/\/i0.wp.com\/artejoven.org\/wp-content\/uploads\/2024\/07\/Selvi-Artes-Graficas-jpg.webp?resize=350%2C200&ssl=1","width":350,"height":200},"classes":[]},{"id":6528,"url":"https:\/\/artejoven.org\/it\/beneficiarios\/daniel-anton\/","url_meta":{"origin":2828,"position":2},"title":"Daniel Ant\u00f3n","author":"Ren\u00e9 Manuel Puig","date":"6 de Dicembre de 2023","format":false,"excerpt":"Daniel Ant\u00f3n (Cienfuegos, 1999). Si \u00e8 diplomato presso la Scuola d'Arte Benny Mor\u00e9 di Cienfuegos (2014-2018). Attualmente frequenta il terzo anno di Arti Visive presso l'Instituto Superior de Artes (ISA).","rel":"","context":"In &quot;Artes Visuales&quot;","block_context":{"text":"Artes Visuales","link":"https:\/\/artejoven.org\/it\/category\/beneficiarios\/artes-visuales-beneficiarios\/"},"img":{"alt_text":"Daniel Ant\u00f3n","src":"https:\/\/i0.wp.com\/artejoven.org\/wp-content\/uploads\/2023\/12\/Daniel-Anton-jpg.webp?resize=350%2C200&ssl=1","width":350,"height":200,"srcset":"https:\/\/i0.wp.com\/artejoven.org\/wp-content\/uploads\/2023\/12\/Daniel-Anton-jpg.webp?resize=350%2C200&ssl=1 1x, https:\/\/i0.wp.com\/artejoven.org\/wp-content\/uploads\/2023\/12\/Daniel-Anton-jpg.webp?resize=525%2C300&ssl=1 1.5x"},"classes":[]},{"id":2815,"url":"https:\/\/artejoven.org\/it\/beneficiarios\/rolando-galindo\/","url_meta":{"origin":2828,"position":3},"title":"Rolando Galindo","author":"Ren\u00e9 Manuel Puig","date":"24 de Maggio de 2023","format":false,"excerpt":"Rolando Galindo P\u00e9rez (Artemisa, 1993) si \u00e8 laureato in Pittura presso l'Accademia Provinciale di Arti Plastiche Eduardo Abela e frequenta il terzo anno di Arti Visive presso l'Universit\u00e0 delle Arti (ISA).","rel":"","context":"In &quot;Artes Visuales&quot;","block_context":{"text":"Artes Visuales","link":"https:\/\/artejoven.org\/it\/category\/beneficiarios\/artes-visuales-beneficiarios\/"},"img":{"alt_text":"Rolando Galindo","src":"https:\/\/i0.wp.com\/artejoven.org\/wp-content\/uploads\/2023\/06\/Rolando-Galindo-jpg.webp?resize=350%2C200&ssl=1","width":350,"height":200,"srcset":"https:\/\/i0.wp.com\/artejoven.org\/wp-content\/uploads\/2023\/06\/Rolando-Galindo-jpg.webp?resize=350%2C200&ssl=1 1x, https:\/\/i0.wp.com\/artejoven.org\/wp-content\/uploads\/2023\/06\/Rolando-Galindo-jpg.webp?resize=525%2C300&ssl=1 1.5x, https:\/\/i0.wp.com\/artejoven.org\/wp-content\/uploads\/2023\/06\/Rolando-Galindo-jpg.webp?resize=700%2C400&ssl=1 2x"},"classes":[]},{"id":2882,"url":"https:\/\/artejoven.org\/it\/beneficiarios\/harold-ramirez\/","url_meta":{"origin":2828,"position":4},"title":"Harold Ramirez\u00a0","author":"Ren\u00e9 Manuel Puig","date":"17 de Maggio de 2023","format":false,"excerpt":"Harold Ram\u00edrez Veliz (L'Avana, 1997) si \u00e8 diplomato all'Academia Nacional de Bellas Artes San Alejandro e attualmente studia arti visive all'Universidad de las Artes (ISA).","rel":"","context":"In &quot;Artes Visuales&quot;","block_context":{"text":"Artes Visuales","link":"https:\/\/artejoven.org\/it\/category\/beneficiarios\/artes-visuales-beneficiarios\/"},"img":{"alt_text":"Harold Ram\u00edrez","src":"https:\/\/i0.wp.com\/artejoven.org\/wp-content\/uploads\/2023\/06\/Harold-Ramirez-jpg.webp?resize=350%2C200&ssl=1","width":350,"height":200,"srcset":"https:\/\/i0.wp.com\/artejoven.org\/wp-content\/uploads\/2023\/06\/Harold-Ramirez-jpg.webp?resize=350%2C200&ssl=1 1x, https:\/\/i0.wp.com\/artejoven.org\/wp-content\/uploads\/2023\/06\/Harold-Ramirez-jpg.webp?resize=525%2C300&ssl=1 1.5x"},"classes":[]},{"id":6540,"url":"https:\/\/artejoven.org\/it\/beneficiarios\/yunior-la-rosa\/","url_meta":{"origin":2828,"position":5},"title":"Yunior La Rosa","author":"Ren\u00e9 Manuel Puig","date":"6 de Dicembre de 2023","format":false,"excerpt":"Yunior La Rosa (L'Avana, 1992). Si \u00e8 laureato in Belle Arti presso l'Academia Nacional de Bellas Artes San Alejandro nel 2012.","rel":"","context":"In &quot;Artes Visuales&quot;","block_context":{"text":"Artes Visuales","link":"https:\/\/artejoven.org\/it\/category\/beneficiarios\/artes-visuales-beneficiarios\/"},"img":{"alt_text":"Yunior La Rosa","src":"https:\/\/i0.wp.com\/artejoven.org\/wp-content\/uploads\/2023\/12\/Yunior-La-Rosa-jpg.webp?resize=350%2C200&ssl=1","width":350,"height":200,"srcset":"https:\/\/i0.wp.com\/artejoven.org\/wp-content\/uploads\/2023\/12\/Yunior-La-Rosa-jpg.webp?resize=350%2C200&ssl=1 1x, https:\/\/i0.wp.com\/artejoven.org\/wp-content\/uploads\/2023\/12\/Yunior-La-Rosa-jpg.webp?resize=525%2C300&ssl=1 1.5x"},"classes":[]}],"jetpack_sharing_enabled":true,"_links":{"self":[{"href":"https:\/\/artejoven.org\/it\/wp-json\/wp\/v2\/pages\/2828","targetHints":{"allow":["GET"]}}],"collection":[{"href":"https:\/\/artejoven.org\/it\/wp-json\/wp\/v2\/pages"}],"about":[{"href":"https:\/\/artejoven.org\/it\/wp-json\/wp\/v2\/types\/page"}],"author":[{"embeddable":true,"href":"https:\/\/artejoven.org\/it\/wp-json\/wp\/v2\/users\/1"}],"replies":[{"embeddable":true,"href":"https:\/\/artejoven.org\/it\/wp-json\/wp\/v2\/comments?post=2828"}],"version-history":[{"count":0,"href":"https:\/\/artejoven.org\/it\/wp-json\/wp\/v2\/pages\/2828\/revisions"}],"up":[{"embeddable":true,"href":"https:\/\/artejoven.org\/it\/wp-json\/wp\/v2\/pages\/931"}],"wp:featuredmedia":[{"embeddable":true,"href":"https:\/\/artejoven.org\/it\/wp-json\/wp\/v2\/media\/2829"}],"wp:attachment":[{"href":"https:\/\/artejoven.org\/it\/wp-json\/wp\/v2\/media?parent=2828"}],"wp:term":[{"taxonomy":"category","embeddable":true,"href":"https:\/\/artejoven.org\/it\/wp-json\/wp\/v2\/categories?post=2828"},{"taxonomy":"post_tag","embeddable":true,"href":"https:\/\/artejoven.org\/it\/wp-json\/wp\/v2\/tags?post=2828"}],"curies":[{"name":"wp","href":"https:\/\/api.w.org\/{rel}","templated":true}]}}