{"id":3031,"date":"2023-05-19T21:39:17","date_gmt":"2023-05-20T01:39:17","guid":{"rendered":"https:\/\/artejoven.org\/?page_id=3031"},"modified":"2023-09-01T12:16:50","modified_gmt":"2023-09-01T16:16:50","slug":"la-timba-crea-un-laboratorio-di-giovani-fotografi-del-quartiere","status":"publish","type":"page","link":"https:\/\/artejoven.org\/it\/beneficiarios\/la-timba-crea-lab-jovenes-fotografos-del-barrio\/","title":{"rendered":"La Timba Crea Lab: giovani fotografi di quartiere\u00a0"},"content":{"rendered":"","protected":false},"excerpt":{"rendered":"<p>All'Avana dal 2023. Iniziativa ideata dal Centro Cultural y Creativo La Manigua, un progetto di Sviluppo Locale in via di costituzione e composto da 4 persone fisse e 4 collaboratori. <\/p>","protected":false},"author":1,"featured_media":3032,"parent":931,"menu_order":0,"comment_status":"closed","ping_status":"closed","template":"","meta":{"_acf_changed":false,"footnotes":"","_links_to":"","_links_to_target":""},"categories":[13,33],"tags":[25,57],"class_list":["post-3031","page","type-page","status-publish","has-post-thumbnail","hentry","category-beneficiarios","category-emprendimientos-beneficiarios","tag-25","tag-primer-programa","post","post-with-thumbnail","post-with-thumbnail-large"],"acf":[],"aioseo_notices":[],"jetpack-related-posts":[{"id":3038,"url":"https:\/\/artejoven.org\/it\/beneficiarios\/cafe-estudio-gato-negro\/","url_meta":{"origin":3031,"position":0},"title":"Caff\u00e8 Estudio Gato Negro","author":"Ren\u00e9 Manuel Puig","date":"13 de Maggio de 2023","format":false,"excerpt":"A Sancti Sp\u00edritus dal 2018. Si tratta di un progetto artistico e culturale multifunzionale, per la realizzazione di diverse attivit\u00e0 artistiche con un focus sociale e comunitario.","rel":"","context":"In &quot;Beneficiarios&quot;","block_context":{"text":"Beneficiarios","link":"https:\/\/artejoven.org\/it\/category\/beneficiarios\/"},"img":{"alt_text":"Gato negro","src":"https:\/\/i0.wp.com\/artejoven.org\/wp-content\/uploads\/2023\/06\/Gato-Negro-jpg.webp?resize=350%2C200&ssl=1","width":350,"height":200},"classes":[]},{"id":3077,"url":"https:\/\/artejoven.org\/it\/beneficiarios\/academia-muselecu\/","url_meta":{"origin":3031,"position":1},"title":"Accademia Muselecu","author":"Ren\u00e9 Manuel Puig","date":"10 de Maggio de 2023","format":false,"excerpt":"All'Avana dal 2023. Si tratta di un progetto di formazione ed educazione al settore della musica elettronica, rivolto ai giovani interessati e legati alla scena.","rel":"","context":"In &quot;Beneficiarios&quot;","block_context":{"text":"Beneficiarios","link":"https:\/\/artejoven.org\/it\/category\/beneficiarios\/"},"img":{"alt_text":"Academia Musclecu","src":"https:\/\/i0.wp.com\/artejoven.org\/wp-content\/uploads\/2023\/06\/Academia-Musclecu-jpg.webp?resize=350%2C200&ssl=1","width":350,"height":200},"classes":[]},{"id":3047,"url":"https:\/\/artejoven.org\/it\/beneficiarios\/estudio-taller-tinta-roja-taller-de-grafica-experimental-para-todos\/","url_meta":{"origin":3031,"position":2},"title":"Estudio Taller Tinta Roja: Laboratorio di grafica sperimentale per tutti","author":"Ren\u00e9 Manuel Puig","date":"15 de Maggio de 2023","format":false,"excerpt":"Ad Artemisa dal 2023. \u00c8 un'impresa coordinata dal creatore indipendente e artista autodidatta Sediel Cabrera Furones.","rel":"","context":"In &quot;Beneficiarios&quot;","block_context":{"text":"Beneficiarios","link":"https:\/\/artejoven.org\/it\/category\/beneficiarios\/"},"img":{"alt_text":"Tinta Roja","src":"https:\/\/i0.wp.com\/artejoven.org\/wp-content\/uploads\/2023\/06\/Tinta-Roja-jpg.webp?resize=350%2C200&ssl=1","width":350,"height":200},"classes":[]},{"id":3051,"url":"https:\/\/artejoven.org\/it\/beneficiarios\/ups\/","url_meta":{"origin":3031,"position":3},"title":"Ops!","author":"Ren\u00e9 Manuel Puig","date":"27 de Maggio de 2023","format":false,"excerpt":"All'Avana dal 2022. Si tratta di un progetto creativo collettivo dei giovani artisti Marlon River\u00f3n Escobar, Luis Antonio Gonz\u00e1lez e Katia Ricardo Oliva.","rel":"","context":"In &quot;Beneficiarios&quot;","block_context":{"text":"Beneficiarios","link":"https:\/\/artejoven.org\/it\/category\/beneficiarios\/"},"img":{"alt_text":"Ups!","src":"https:\/\/i0.wp.com\/artejoven.org\/wp-content\/uploads\/2023\/06\/UPS-jpg.webp?resize=350%2C200&ssl=1","width":350,"height":200},"classes":[]},{"id":2291,"url":"https:\/\/artejoven.org\/it\/beneficiarios\/olivia-torres\/","url_meta":{"origin":3031,"position":4},"title":"Olivia Torres","author":"Ren\u00e9 Manuel Puig","date":"22 de Maggio de 2023","format":false,"excerpt":"Olivia Torres D\u00edaz (L'Avana, 1999) \u00e8 laureata in Arti della Conservazione dei Beni Culturali presso l'Universit\u00e0 delle Arti (ISA) dal 2022.","rel":"","context":"In &quot;Artes Visuales&quot;","block_context":{"text":"Artes Visuales","link":"https:\/\/artejoven.org\/it\/category\/beneficiarios\/artes-visuales-beneficiarios\/"},"img":{"alt_text":"Olivia Torres","src":"https:\/\/i0.wp.com\/artejoven.org\/wp-content\/uploads\/2023\/06\/Olivia-Torres-1-jpg.webp?resize=350%2C200&ssl=1","width":350,"height":200,"srcset":"https:\/\/i0.wp.com\/artejoven.org\/wp-content\/uploads\/2023\/06\/Olivia-Torres-1-jpg.webp?resize=350%2C200&ssl=1 1x, https:\/\/i0.wp.com\/artejoven.org\/wp-content\/uploads\/2023\/06\/Olivia-Torres-1-jpg.webp?resize=525%2C300&ssl=1 1.5x"},"classes":[]},{"id":3072,"url":"https:\/\/artejoven.org\/it\/beneficiarios\/la-jeringa-una-inyeccion-de-arte-y-cultura\/","url_meta":{"origin":3031,"position":5},"title":"La Jeringa, un'iniezione di arte e cultura\u00a0","author":"Ren\u00e9 Manuel Puig","date":"18 de Maggio de 2023","format":false,"excerpt":"All'Avana dal 2020. Si tratta di un progetto volto a promuovere l'arte e la cultura di e per i giovani cubani.","rel":"","context":"In &quot;Beneficiarios&quot;","block_context":{"text":"Beneficiarios","link":"https:\/\/artejoven.org\/it\/category\/beneficiarios\/"},"img":{"alt_text":"La Jeringa","src":"https:\/\/i0.wp.com\/artejoven.org\/wp-content\/uploads\/2023\/06\/La-Jeringa-jpg.webp?resize=350%2C200&ssl=1","width":350,"height":200},"classes":[]}],"jetpack_sharing_enabled":true,"_links":{"self":[{"href":"https:\/\/artejoven.org\/it\/wp-json\/wp\/v2\/pages\/3031","targetHints":{"allow":["GET"]}}],"collection":[{"href":"https:\/\/artejoven.org\/it\/wp-json\/wp\/v2\/pages"}],"about":[{"href":"https:\/\/artejoven.org\/it\/wp-json\/wp\/v2\/types\/page"}],"author":[{"embeddable":true,"href":"https:\/\/artejoven.org\/it\/wp-json\/wp\/v2\/users\/1"}],"replies":[{"embeddable":true,"href":"https:\/\/artejoven.org\/it\/wp-json\/wp\/v2\/comments?post=3031"}],"version-history":[{"count":0,"href":"https:\/\/artejoven.org\/it\/wp-json\/wp\/v2\/pages\/3031\/revisions"}],"up":[{"embeddable":true,"href":"https:\/\/artejoven.org\/it\/wp-json\/wp\/v2\/pages\/931"}],"wp:featuredmedia":[{"embeddable":true,"href":"https:\/\/artejoven.org\/it\/wp-json\/wp\/v2\/media\/3032"}],"wp:attachment":[{"href":"https:\/\/artejoven.org\/it\/wp-json\/wp\/v2\/media?parent=3031"}],"wp:term":[{"taxonomy":"category","embeddable":true,"href":"https:\/\/artejoven.org\/it\/wp-json\/wp\/v2\/categories?post=3031"},{"taxonomy":"post_tag","embeddable":true,"href":"https:\/\/artejoven.org\/it\/wp-json\/wp\/v2\/tags?post=3031"}],"curies":[{"name":"wp","href":"https:\/\/api.w.org\/{rel}","templated":true}]}}