{"id":3038,"date":"2023-05-13T21:51:22","date_gmt":"2023-05-14T01:51:22","guid":{"rendered":"https:\/\/artejoven.org\/?page_id=3038"},"modified":"2023-09-01T12:15:34","modified_gmt":"2023-09-01T16:15:34","slug":"caffe-studio-gato-negro","status":"publish","type":"page","link":"https:\/\/artejoven.org\/it\/beneficiarios\/cafe-estudio-gato-negro\/","title":{"rendered":"Caff\u00e8 Estudio Gato Negro"},"content":{"rendered":"","protected":false},"excerpt":{"rendered":"<p>A Sancti Sp\u00edritus dal 2018. Si tratta di un progetto artistico e culturale multifunzionale, per la realizzazione di diverse attivit\u00e0 artistiche con un focus sociale e comunitario.<\/p>","protected":false},"author":1,"featured_media":3042,"parent":931,"menu_order":0,"comment_status":"closed","ping_status":"closed","template":"","meta":{"_acf_changed":false,"footnotes":"","_links_to":"","_links_to_target":""},"categories":[13,33],"tags":[25,57],"class_list":["post-3038","page","type-page","status-publish","has-post-thumbnail","hentry","category-beneficiarios","category-emprendimientos-beneficiarios","tag-25","tag-primer-programa","post","post-with-thumbnail","post-with-thumbnail-large"],"acf":[],"aioseo_notices":[],"jetpack-related-posts":[{"id":12,"url":"https:\/\/artejoven.org\/it\/","url_meta":{"origin":3038,"position":0},"title":"Casa","author":"Ren\u00e9 Manuel Puig","date":"15 de Marzo de 2023","format":false,"excerpt":"Siamo una piattaforma culturale che sostiene e promuove l'arte cubana emergente e le imprese culturali che realizzano i loro progetti creativi da Cuba.","rel":"","context":"Articolo simile","block_context":{"text":"Articolo simile","link":""},"img":{"alt_text":"CIERIC","src":"https:\/\/i0.wp.com\/artejoven.org\/wp-content\/uploads\/2025\/03\/CIERIC-png.webp?resize=350%2C200&ssl=1","width":350,"height":200,"srcset":"https:\/\/i0.wp.com\/artejoven.org\/wp-content\/uploads\/2025\/03\/CIERIC-png.webp?resize=350%2C200&ssl=1 1x, https:\/\/i0.wp.com\/artejoven.org\/wp-content\/uploads\/2025\/03\/CIERIC-png.webp?resize=525%2C300&ssl=1 1.5x, https:\/\/i0.wp.com\/artejoven.org\/wp-content\/uploads\/2025\/03\/CIERIC-png.webp?resize=700%2C400&ssl=1 2x"},"classes":[]},{"id":9897,"url":"https:\/\/www.instagram.com\/uneacuba\/","url_meta":{"origin":3038,"position":1},"title":"Uni\u00f3n de Escritores y Artistas de Cuba (UNEAC) (Unione degli scrittori e degli artisti di Cuba)","author":"Ren\u00e9 Manuel Puig","date":"9 de Ottobre de 2025","format":false,"excerpt":"Associazione professionale, culturale e sociale che riunisce e rappresenta scrittori e artisti cubani.","rel":"","context":"In &quot;Aliados&quot;","block_context":{"text":"Aliados","link":"https:\/\/artejoven.org\/it\/category\/aliados\/"},"img":{"alt_text":"Uni\u00f3n de Escritores y Artistas de Cuba (UNEAC)","src":"https:\/\/i0.wp.com\/artejoven.org\/wp-content\/uploads\/2025\/10\/UNEAC.webp?resize=350%2C200&ssl=1","width":350,"height":200,"srcset":"https:\/\/i0.wp.com\/artejoven.org\/wp-content\/uploads\/2025\/10\/UNEAC.webp?resize=350%2C200&ssl=1 1x, https:\/\/i0.wp.com\/artejoven.org\/wp-content\/uploads\/2025\/10\/UNEAC.webp?resize=525%2C300&ssl=1 1.5x"},"classes":[]},{"id":8912,"url":"https:\/\/artejoven.org\/it\/beneficiarios\/la-tribu\/","url_meta":{"origin":3038,"position":2},"title":"La Trib\u00f9","author":"Ren\u00e9 Manuel Puig","date":"24 de Febbraio de 2025","format":false,"excerpt":"Progetto socio-culturale incentrato sulla musica elettronica, in cui si mescolano diverse manifestazioni artistiche.","rel":"","context":"In &quot;Beneficiarios&quot;","block_context":{"text":"Beneficiarios","link":"https:\/\/artejoven.org\/it\/category\/beneficiarios\/"},"img":{"alt_text":"La Tribu","src":"https:\/\/i0.wp.com\/artejoven.org\/wp-content\/uploads\/2025\/02\/La-Tribu.webp?resize=350%2C200&ssl=1","width":350,"height":200,"srcset":"https:\/\/i0.wp.com\/artejoven.org\/wp-content\/uploads\/2025\/02\/La-Tribu.webp?resize=350%2C200&ssl=1 1x, https:\/\/i0.wp.com\/artejoven.org\/wp-content\/uploads\/2025\/02\/La-Tribu.webp?resize=525%2C300&ssl=1 1.5x"},"classes":[]},{"id":1241,"url":"#element","url_meta":{"origin":3038,"position":3},"title":"Visione","author":"Ren\u00e9 Manuel Puig","date":"18 de Aprile de 2023","format":false,"excerpt":"Trabajamos para convertirnos en la plataforma cultural l\u00edder en el apoyo al arte emergente, creando un espacio inclusivo y din\u00e1mico donde los j\u00f3venes artistas y emprendimientos culturales del Sur Global puedan explorar, experimentar y expresar su creatividad. Nuestra visi\u00f3n es fomentar un ecosistema art\u00edstico que no solo celebre la diversidad\u2026","rel":"","context":"Articolo simile","block_context":{"text":"Articolo simile","link":""},"img":{"alt_text":"","src":"https:\/\/i0.wp.com\/artejoven.org\/wp-content\/uploads\/2025\/04\/Ensayos-Bellas-Artes-5.webp?resize=350%2C200&ssl=1","width":350,"height":200,"srcset":"https:\/\/i0.wp.com\/artejoven.org\/wp-content\/uploads\/2025\/04\/Ensayos-Bellas-Artes-5.webp?resize=350%2C200&ssl=1 1x, https:\/\/i0.wp.com\/artejoven.org\/wp-content\/uploads\/2025\/04\/Ensayos-Bellas-Artes-5.webp?resize=525%2C300&ssl=1 1.5x, https:\/\/i0.wp.com\/artejoven.org\/wp-content\/uploads\/2025\/04\/Ensayos-Bellas-Artes-5.webp?resize=700%2C400&ssl=1 2x, https:\/\/i0.wp.com\/artejoven.org\/wp-content\/uploads\/2025\/04\/Ensayos-Bellas-Artes-5.webp?resize=1050%2C600&ssl=1 3x, https:\/\/i0.wp.com\/artejoven.org\/wp-content\/uploads\/2025\/04\/Ensayos-Bellas-Artes-5.webp?resize=1400%2C800&ssl=1 4x"},"classes":[]},{"id":8933,"url":"https:\/\/artejoven.org\/it\/beneficiarios\/mai-mai\/","url_meta":{"origin":3038,"position":4},"title":"Mai Mai","author":"Ren\u00e9 Manuel Puig","date":"24 de Febbraio de 2025","format":false,"excerpt":"Mai Mai, madre di artisti e creatori, \u00e8 un marchio di abbigliamento e un progetto artistico cubano che fonde la creazione e l'arte giovane con il mondo della moda.","rel":"","context":"In &quot;Beneficiarios&quot;","block_context":{"text":"Beneficiarios","link":"https:\/\/artejoven.org\/it\/category\/beneficiarios\/"},"img":{"alt_text":"Mai Mai","src":"https:\/\/i0.wp.com\/artejoven.org\/wp-content\/uploads\/2025\/02\/Mai-Mai.webp?resize=350%2C200&ssl=1","width":350,"height":200,"srcset":"https:\/\/i0.wp.com\/artejoven.org\/wp-content\/uploads\/2025\/02\/Mai-Mai.webp?resize=350%2C200&ssl=1 1x, https:\/\/i0.wp.com\/artejoven.org\/wp-content\/uploads\/2025\/02\/Mai-Mai.webp?resize=525%2C300&ssl=1 1.5x"},"classes":[]},{"id":9900,"url":"https:\/\/www.instagram.com\/ahs_pinar\/","url_meta":{"origin":3038,"position":5},"title":"Associazione Hermanos Sa\u00edz (AHS)","author":"Ren\u00e9 Manuel Puig","date":"9 de Ottobre de 2025","format":false,"excerpt":"Un'organizzazione con finalit\u00e0 culturali e artistiche che riunisce selettivamente e su base volontaria giovani scrittori, artisti, intellettuali e promotori cubani.","rel":"","context":"In &quot;Aliados&quot;","block_context":{"text":"Aliados","link":"https:\/\/artejoven.org\/it\/category\/aliados\/"},"img":{"alt_text":"Asociaci\u00f3n Hermanos Sa\u00edz (AHS)","src":"https:\/\/i0.wp.com\/artejoven.org\/wp-content\/uploads\/2025\/10\/AHS.webp?resize=350%2C200&ssl=1","width":350,"height":200,"srcset":"https:\/\/i0.wp.com\/artejoven.org\/wp-content\/uploads\/2025\/10\/AHS.webp?resize=350%2C200&ssl=1 1x, https:\/\/i0.wp.com\/artejoven.org\/wp-content\/uploads\/2025\/10\/AHS.webp?resize=525%2C300&ssl=1 1.5x"},"classes":[]}],"jetpack_sharing_enabled":true,"_links":{"self":[{"href":"https:\/\/artejoven.org\/it\/wp-json\/wp\/v2\/pages\/3038","targetHints":{"allow":["GET"]}}],"collection":[{"href":"https:\/\/artejoven.org\/it\/wp-json\/wp\/v2\/pages"}],"about":[{"href":"https:\/\/artejoven.org\/it\/wp-json\/wp\/v2\/types\/page"}],"author":[{"embeddable":true,"href":"https:\/\/artejoven.org\/it\/wp-json\/wp\/v2\/users\/1"}],"replies":[{"embeddable":true,"href":"https:\/\/artejoven.org\/it\/wp-json\/wp\/v2\/comments?post=3038"}],"version-history":[{"count":0,"href":"https:\/\/artejoven.org\/it\/wp-json\/wp\/v2\/pages\/3038\/revisions"}],"up":[{"embeddable":true,"href":"https:\/\/artejoven.org\/it\/wp-json\/wp\/v2\/pages\/931"}],"wp:featuredmedia":[{"embeddable":true,"href":"https:\/\/artejoven.org\/it\/wp-json\/wp\/v2\/media\/3042"}],"wp:attachment":[{"href":"https:\/\/artejoven.org\/it\/wp-json\/wp\/v2\/media?parent=3038"}],"wp:term":[{"taxonomy":"category","embeddable":true,"href":"https:\/\/artejoven.org\/it\/wp-json\/wp\/v2\/categories?post=3038"},{"taxonomy":"post_tag","embeddable":true,"href":"https:\/\/artejoven.org\/it\/wp-json\/wp\/v2\/tags?post=3038"}],"curies":[{"name":"wp","href":"https:\/\/api.w.org\/{rel}","templated":true}]}}