{"id":3047,"date":"2023-05-15T22:04:04","date_gmt":"2023-05-16T02:04:04","guid":{"rendered":"https:\/\/artejoven.org\/?page_id=3047"},"modified":"2023-09-01T12:16:01","modified_gmt":"2023-09-01T16:16:01","slug":"red-ink-studio-workshop-workshop-di-grafica-sperimentale-per-tutti","status":"publish","type":"page","link":"https:\/\/artejoven.org\/it\/beneficiarios\/estudio-taller-tinta-roja-taller-de-grafica-experimental-para-todos\/","title":{"rendered":"Estudio Taller Tinta Roja: Laboratorio di grafica sperimentale per tutti"},"content":{"rendered":"","protected":false},"excerpt":{"rendered":"<p>Ad Artemisa dal 2023. \u00c8 un'impresa coordinata dal creatore indipendente e artista autodidatta Sediel Cabrera Furones.<\/p>","protected":false},"author":1,"featured_media":3048,"parent":931,"menu_order":0,"comment_status":"closed","ping_status":"closed","template":"","meta":{"_acf_changed":false,"footnotes":"","_links_to":"","_links_to_target":""},"categories":[13,33],"tags":[25,57],"class_list":["post-3047","page","type-page","status-publish","has-post-thumbnail","hentry","category-beneficiarios","category-emprendimientos-beneficiarios","tag-25","tag-primer-programa","post","post-with-thumbnail","post-with-thumbnail-large"],"acf":[],"aioseo_notices":[],"jetpack-related-posts":[{"id":3064,"url":"https:\/\/artejoven.org\/it\/beneficiarios\/sembrando-luces\/","url_meta":{"origin":3047,"position":0},"title":"Seminare la luce","author":"Ren\u00e9 Manuel Puig","date":"26 de Maggio de 2023","format":false,"excerpt":"L'iniziativa, sviluppata dagli artisti Malcom Bar\u00f3 Munder e Naidel Herrera Rojas nell'ambito dell'iniziativa Tu Taller, \u00e8 incentrata sull'implementazione delle competenze tecniche nelle arti visive.","rel":"","context":"In &quot;Beneficiarios&quot;","block_context":{"text":"Beneficiarios","link":"https:\/\/artejoven.org\/it\/category\/beneficiarios\/"},"img":{"alt_text":"Sembrando Luces","src":"https:\/\/i0.wp.com\/artejoven.org\/wp-content\/uploads\/2023\/06\/Sembrando-Luces-jpg.webp?resize=350%2C200&ssl=1","width":350,"height":200},"classes":[]},{"id":3056,"url":"https:\/\/artejoven.org\/it\/beneficiarios\/puzzle-repasos-al-arte-joven-iii\/","url_meta":{"origin":3047,"position":1},"title":"Puzzle: recensioni di arte giovane III\u00a0","author":"Ren\u00e9 Manuel Puig","date":"23 de Maggio de 2023","format":false,"excerpt":"All'Avana dal 2019. Puzzle: Rassegne di giovane arte alla sua terza edizione \u00e8 il risultato di un'idea che essenzialmente taglia trasversalmente tutti i progetti ospitati e promossi dalla Galleria Taller Gorr\u00eda.","rel":"","context":"In &quot;Beneficiarios&quot;","block_context":{"text":"Beneficiarios","link":"https:\/\/artejoven.org\/it\/category\/beneficiarios\/"},"img":{"alt_text":"Puzzle","src":"https:\/\/i0.wp.com\/artejoven.org\/wp-content\/uploads\/2023\/06\/Puzzle-jpg.webp?resize=350%2C200&ssl=1","width":350,"height":200},"classes":[]},{"id":3077,"url":"https:\/\/artejoven.org\/it\/beneficiarios\/academia-muselecu\/","url_meta":{"origin":3047,"position":2},"title":"Accademia Muselecu","author":"Ren\u00e9 Manuel Puig","date":"10 de Maggio de 2023","format":false,"excerpt":"All'Avana dal 2023. Si tratta di un progetto di formazione ed educazione al settore della musica elettronica, rivolto ai giovani interessati e legati alla scena.","rel":"","context":"In &quot;Beneficiarios&quot;","block_context":{"text":"Beneficiarios","link":"https:\/\/artejoven.org\/it\/category\/beneficiarios\/"},"img":{"alt_text":"Academia Musclecu","src":"https:\/\/i0.wp.com\/artejoven.org\/wp-content\/uploads\/2023\/06\/Academia-Musclecu-jpg.webp?resize=350%2C200&ssl=1","width":350,"height":200},"classes":[]},{"id":8925,"url":"https:\/\/artejoven.org\/it\/beneficiarios\/jazz-emprende\/","url_meta":{"origin":3047,"position":3},"title":"Jazz Emprende","author":"Ren\u00e9 Manuel Puig","date":"24 de Febbraio de 2025","format":false,"excerpt":"Primo evento del progetto di sviluppo locale Emprendo y Existo, che contribuisce a promuovere la creativit\u00e0 delle industrie creative, integrando gli obiettivi di musicisti e imprenditori.","rel":"","context":"In &quot;Beneficiarios&quot;","block_context":{"text":"Beneficiarios","link":"https:\/\/artejoven.org\/it\/category\/beneficiarios\/"},"img":{"alt_text":"Jazz Emprende","src":"https:\/\/i0.wp.com\/artejoven.org\/wp-content\/uploads\/2025\/02\/Jazz-Emprende.webp?resize=350%2C200&ssl=1","width":350,"height":200,"srcset":"https:\/\/i0.wp.com\/artejoven.org\/wp-content\/uploads\/2025\/02\/Jazz-Emprende.webp?resize=350%2C200&ssl=1 1x, https:\/\/i0.wp.com\/artejoven.org\/wp-content\/uploads\/2025\/02\/Jazz-Emprende.webp?resize=525%2C300&ssl=1 1.5x"},"classes":[]},{"id":8904,"url":"https:\/\/artejoven.org\/it\/beneficiarios\/ona-galeria\/","url_meta":{"origin":3047,"position":4},"title":"Galleria ONA","author":"Ren\u00e9 Manuel Puig","date":"24 de Febbraio de 2025","format":false,"excerpt":"Collettivo curatoriale con sede nello studio-laboratorio dello scultore e artista Aramis Justiz, concepito per la diffusione e la promozione di artisti emergenti e dell'arte contemporanea a Cuba.","rel":"","context":"In &quot;Beneficiarios&quot;","block_context":{"text":"Beneficiarios","link":"https:\/\/artejoven.org\/it\/category\/beneficiarios\/"},"img":{"alt_text":"ONA Galer\u00eda","src":"https:\/\/i0.wp.com\/artejoven.org\/wp-content\/uploads\/2025\/02\/ONA-Galeria.webp?resize=350%2C200&ssl=1","width":350,"height":200,"srcset":"https:\/\/i0.wp.com\/artejoven.org\/wp-content\/uploads\/2025\/02\/ONA-Galeria.webp?resize=350%2C200&ssl=1 1x, https:\/\/i0.wp.com\/artejoven.org\/wp-content\/uploads\/2025\/02\/ONA-Galeria.webp?resize=525%2C300&ssl=1 1.5x"},"classes":[]},{"id":3051,"url":"https:\/\/artejoven.org\/it\/beneficiarios\/ups\/","url_meta":{"origin":3047,"position":5},"title":"Ops!","author":"Ren\u00e9 Manuel Puig","date":"27 de Maggio de 2023","format":false,"excerpt":"All'Avana dal 2022. Si tratta di un progetto creativo collettivo dei giovani artisti Marlon River\u00f3n Escobar, Luis Antonio Gonz\u00e1lez e Katia Ricardo Oliva.","rel":"","context":"In &quot;Beneficiarios&quot;","block_context":{"text":"Beneficiarios","link":"https:\/\/artejoven.org\/it\/category\/beneficiarios\/"},"img":{"alt_text":"Ups!","src":"https:\/\/i0.wp.com\/artejoven.org\/wp-content\/uploads\/2023\/06\/UPS-jpg.webp?resize=350%2C200&ssl=1","width":350,"height":200},"classes":[]}],"jetpack_sharing_enabled":true,"_links":{"self":[{"href":"https:\/\/artejoven.org\/it\/wp-json\/wp\/v2\/pages\/3047","targetHints":{"allow":["GET"]}}],"collection":[{"href":"https:\/\/artejoven.org\/it\/wp-json\/wp\/v2\/pages"}],"about":[{"href":"https:\/\/artejoven.org\/it\/wp-json\/wp\/v2\/types\/page"}],"author":[{"embeddable":true,"href":"https:\/\/artejoven.org\/it\/wp-json\/wp\/v2\/users\/1"}],"replies":[{"embeddable":true,"href":"https:\/\/artejoven.org\/it\/wp-json\/wp\/v2\/comments?post=3047"}],"version-history":[{"count":0,"href":"https:\/\/artejoven.org\/it\/wp-json\/wp\/v2\/pages\/3047\/revisions"}],"up":[{"embeddable":true,"href":"https:\/\/artejoven.org\/it\/wp-json\/wp\/v2\/pages\/931"}],"wp:featuredmedia":[{"embeddable":true,"href":"https:\/\/artejoven.org\/it\/wp-json\/wp\/v2\/media\/3048"}],"wp:attachment":[{"href":"https:\/\/artejoven.org\/it\/wp-json\/wp\/v2\/media?parent=3047"}],"wp:term":[{"taxonomy":"category","embeddable":true,"href":"https:\/\/artejoven.org\/it\/wp-json\/wp\/v2\/categories?post=3047"},{"taxonomy":"post_tag","embeddable":true,"href":"https:\/\/artejoven.org\/it\/wp-json\/wp\/v2\/tags?post=3047"}],"curies":[{"name":"wp","href":"https:\/\/api.w.org\/{rel}","templated":true}]}}