{"id":5629,"date":"2023-09-11T19:42:06","date_gmt":"2023-09-11T23:42:06","guid":{"rendered":"https:\/\/artejoven.org\/?page_id=5629"},"modified":"2023-09-12T17:16:21","modified_gmt":"2023-09-12T21:16:21","slug":"dayron-ortiz","status":"publish","type":"page","link":"https:\/\/artejoven.org\/it\/beneficiarios\/dayron-ortiz\/","title":{"rendered":"Dayron Ortiz"},"content":{"rendered":"","protected":false},"excerpt":{"rendered":"<p>Dayron Ortiz (L'Avana, 1989) \u00e8 un eccezionale chitarrista, compositore, regista e produttore musicale diplomato al Conservatorio di Musica Amadeo Rold\u00e1n nel 2011, direttore e fondatore del gruppo La Tropa dal 2021.<\/p>","protected":false},"author":1,"featured_media":5630,"parent":931,"menu_order":0,"comment_status":"closed","ping_status":"closed","template":"","meta":{"_acf_changed":false,"footnotes":"","_links_to":"","_links_to_target":""},"categories":[13,31],"tags":[25,58],"class_list":["post-5629","page","type-page","status-publish","has-post-thumbnail","hentry","category-beneficiarios","category-musica-beneficiarios","tag-25","tag-segundo-programa","post","post-with-thumbnail","post-with-thumbnail-large"],"acf":[],"aioseo_notices":[],"jetpack-related-posts":[{"id":4392,"url":"#elementor","url_meta":{"origin":5629,"position":0},"title":"Daiana Garcia","author":"Ren\u00e9 Manuel Puig","date":"29 de Giugno de 2023","format":false,"excerpt":"Direttore d'orchestra (L'Avana, Cuba, 1979)","rel":"","context":"In &quot;Jurados&quot;","block_context":{"text":"Jurados","link":"https:\/\/artejoven.org\/it\/category\/jurados\/"},"img":{"alt_text":"Daiana Garc\u00eda","src":"https:\/\/i0.wp.com\/artejoven.org\/wp-content\/uploads\/2023\/06\/Daiana-Garcia-jpg.webp?resize=350%2C200&ssl=1","width":350,"height":200},"classes":[]},{"id":9931,"url":"https:\/\/www.instagram.com\/ramonleyva.gonzalez\/","url_meta":{"origin":5629,"position":1},"title":"Ramon Leyva","author":"Ren\u00e9 Manuel Puig","date":"10 de Ottobre de 2025","format":false,"excerpt":"Direttore di coro \/ Organista. Coordinatore della cattedra di Musica Sacra.","rel":"","context":"In &quot;Aliados&quot;","block_context":{"text":"Aliados","link":"https:\/\/artejoven.org\/it\/category\/aliados\/"},"img":{"alt_text":"Ram\u00f3n Leyva","src":"https:\/\/i0.wp.com\/artejoven.org\/wp-content\/uploads\/2025\/10\/Ramon-Leyva.webp?resize=350%2C200&ssl=1","width":350,"height":200,"srcset":"https:\/\/i0.wp.com\/artejoven.org\/wp-content\/uploads\/2025\/10\/Ramon-Leyva.webp?resize=350%2C200&ssl=1 1x, https:\/\/i0.wp.com\/artejoven.org\/wp-content\/uploads\/2025\/10\/Ramon-Leyva.webp?resize=525%2C300&ssl=1 1.5x"},"classes":[]},{"id":4398,"url":"#elementor","url_meta":{"origin":5629,"position":2},"title":"Jos\u00e9 Antonio M\u00e9ndez","author":"Ren\u00e9 Manuel Puig","date":"29 de Giugno de 2023","format":false,"excerpt":"Direttore d'orchestra (Matanzas, Cuba)","rel":"","context":"In &quot;Jurados&quot;","block_context":{"text":"Jurados","link":"https:\/\/artejoven.org\/it\/category\/jurados\/"},"img":{"alt_text":"","src":"https:\/\/i0.wp.com\/artejoven.org\/wp-content\/uploads\/2023\/07\/Jose-Antonio-Mendez-jpg.webp?resize=350%2C200&ssl=1","width":350,"height":200},"classes":[]},{"id":4395,"url":"#elementor","url_meta":{"origin":5629,"position":3},"title":"Guido L\u00f3pez-Gavil\u00e1n","author":"Ren\u00e9 Manuel Puig","date":"29 de Giugno de 2023","format":false,"excerpt":"Compositore e direttore d'orchestra (Matanzas, Cuba, 1944)","rel":"","context":"In &quot;Jurados&quot;","block_context":{"text":"Jurados","link":"https:\/\/artejoven.org\/it\/category\/jurados\/"},"img":{"alt_text":"","src":"https:\/\/i0.wp.com\/artejoven.org\/wp-content\/uploads\/2023\/07\/Guido-Lopez-Gavilan-jpg.webp?resize=350%2C200&ssl=1","width":350,"height":200},"classes":[]},{"id":8767,"url":"https:\/\/artejoven.org\/it\/espacios-faj\/concurso-nacional-de-musica\/","url_meta":{"origin":5629,"position":4},"title":"Concorso nazionale di musica","author":"Ren\u00e9 Manuel Puig","date":"12 de Febbraio de 2025","format":false,"excerpt":"Auspiciado por el FAJ y UNICEF Cuba, la iniciativa se dirige a m\u00fasicos en formaci\u00f3n formal o informal (de la ense\u00f1anza art\u00edstica o autodidactas), de nacionalidad cubana, residentes en Cuba, con el objetivo de promover procesos creativos que favorezcan el crecimiento espiritual, la creatividad y la expresi\u00f3n de adolescentes, as\u00ed\u2026","rel":"","context":"In &quot;Espacios&quot;","block_context":{"text":"Espacios","link":"https:\/\/artejoven.org\/it\/category\/espacios\/"},"img":{"alt_text":"","src":"https:\/\/i0.wp.com\/artejoven.org\/wp-content\/uploads\/2025\/07\/BANNER_CONCURSO-NACIONAL-DE-MUSICA-2DA-EDICION.webp?resize=350%2C200&ssl=1","width":350,"height":200,"srcset":"https:\/\/i0.wp.com\/artejoven.org\/wp-content\/uploads\/2025\/07\/BANNER_CONCURSO-NACIONAL-DE-MUSICA-2DA-EDICION.webp?resize=350%2C200&ssl=1 1x, https:\/\/i0.wp.com\/artejoven.org\/wp-content\/uploads\/2025\/07\/BANNER_CONCURSO-NACIONAL-DE-MUSICA-2DA-EDICION.webp?resize=525%2C300&ssl=1 1.5x, https:\/\/i0.wp.com\/artejoven.org\/wp-content\/uploads\/2025\/07\/BANNER_CONCURSO-NACIONAL-DE-MUSICA-2DA-EDICION.webp?resize=700%2C400&ssl=1 2x, https:\/\/i0.wp.com\/artejoven.org\/wp-content\/uploads\/2025\/07\/BANNER_CONCURSO-NACIONAL-DE-MUSICA-2DA-EDICION.webp?resize=1050%2C600&ssl=1 3x"},"classes":[]},{"id":2819,"url":"https:\/\/artejoven.org\/it\/beneficiarios\/eldy-ortiz\/","url_meta":{"origin":5629,"position":5},"title":"Eldy Ortiz","author":"Ren\u00e9 Manuel Puig","date":"14 de Maggio de 2023","format":false,"excerpt":"Eldy Ortiz D\u00edaz (L'Avana, 1994) si \u00e8 laureata in Pittura presso l'Accademia Nazionale di Belle Arti di San Alejandro e in Scenografia presso l'Universit\u00e0 delle Arti (ISA) nel 2019.","rel":"","context":"In &quot;Artes Visuales&quot;","block_context":{"text":"Artes Visuales","link":"https:\/\/artejoven.org\/it\/category\/beneficiarios\/artes-visuales-beneficiarios\/"},"img":{"alt_text":"Eldy Ortiz","src":"https:\/\/i0.wp.com\/artejoven.org\/wp-content\/uploads\/2023\/06\/Eldy-Ortiz-jpg.webp?resize=350%2C200&ssl=1","width":350,"height":200,"srcset":"https:\/\/i0.wp.com\/artejoven.org\/wp-content\/uploads\/2023\/06\/Eldy-Ortiz-jpg.webp?resize=350%2C200&ssl=1 1x, https:\/\/i0.wp.com\/artejoven.org\/wp-content\/uploads\/2023\/06\/Eldy-Ortiz-jpg.webp?resize=525%2C300&ssl=1 1.5x"},"classes":[]}],"jetpack_sharing_enabled":true,"_links":{"self":[{"href":"https:\/\/artejoven.org\/it\/wp-json\/wp\/v2\/pages\/5629","targetHints":{"allow":["GET"]}}],"collection":[{"href":"https:\/\/artejoven.org\/it\/wp-json\/wp\/v2\/pages"}],"about":[{"href":"https:\/\/artejoven.org\/it\/wp-json\/wp\/v2\/types\/page"}],"author":[{"embeddable":true,"href":"https:\/\/artejoven.org\/it\/wp-json\/wp\/v2\/users\/1"}],"replies":[{"embeddable":true,"href":"https:\/\/artejoven.org\/it\/wp-json\/wp\/v2\/comments?post=5629"}],"version-history":[{"count":0,"href":"https:\/\/artejoven.org\/it\/wp-json\/wp\/v2\/pages\/5629\/revisions"}],"up":[{"embeddable":true,"href":"https:\/\/artejoven.org\/it\/wp-json\/wp\/v2\/pages\/931"}],"wp:featuredmedia":[{"embeddable":true,"href":"https:\/\/artejoven.org\/it\/wp-json\/wp\/v2\/media\/5630"}],"wp:attachment":[{"href":"https:\/\/artejoven.org\/it\/wp-json\/wp\/v2\/media?parent=5629"}],"wp:term":[{"taxonomy":"category","embeddable":true,"href":"https:\/\/artejoven.org\/it\/wp-json\/wp\/v2\/categories?post=5629"},{"taxonomy":"post_tag","embeddable":true,"href":"https:\/\/artejoven.org\/it\/wp-json\/wp\/v2\/tags?post=5629"}],"curies":[{"name":"wp","href":"https:\/\/api.w.org\/{rel}","templated":true}]}}