{"id":5979,"date":"2023-09-28T10:17:02","date_gmt":"2023-09-28T14:17:02","guid":{"rendered":"https:\/\/artejoven.org\/?page_id=5979"},"modified":"2023-10-03T16:54:50","modified_gmt":"2023-10-03T20:54:50","slug":"liceo-mozartino-dellavana","status":"publish","type":"page","link":"https:\/\/artejoven.org\/it\/beneficiarios\/lyceum-mozartino-de-la-habana\/","title":{"rendered":"Liceo Mozartiano de La Habana"},"content":{"rendered":"","protected":false},"excerpt":{"rendered":"<p>Il Fondo de Arte Joven (FAJ) ha partecipato alla fondazione dell'Accademia delle Orchestre Giovanili dell'Orchestra del Liceo dell'Avana dell'Ufficio dello Storico della Citt\u00e0.<\/p>","protected":false},"author":1,"featured_media":5980,"parent":931,"menu_order":0,"comment_status":"closed","ping_status":"closed","template":"","meta":{"_acf_changed":false,"footnotes":"","_links_to":"","_links_to_target":""},"categories":[13,31],"tags":[25],"class_list":["post-5979","page","type-page","status-publish","has-post-thumbnail","hentry","category-beneficiarios","category-musica-beneficiarios","tag-25","post","post-with-thumbnail","post-with-thumbnail-large"],"acf":[],"aioseo_notices":[],"jetpack-related-posts":[{"id":9925,"url":"https:\/\/www.instagram.com\/gaby_red15\/","url_meta":{"origin":5979,"position":0},"title":"Gabriela Rojas","author":"Ren\u00e9 Manuel Puig","date":"10 de Ottobre de 2025","format":false,"excerpt":"Musicologo, direttore dell'Orchestra del Liceo dell'Avana e coordinatore generale dell'Accademia Orchestrale dell'Avana.","rel":"","context":"In &quot;Aliados&quot;","block_context":{"text":"Aliados","link":"https:\/\/artejoven.org\/it\/category\/aliados\/"},"img":{"alt_text":"Gabriela Rojas","src":"https:\/\/i0.wp.com\/artejoven.org\/wp-content\/uploads\/2025\/10\/Gabriela-Rojas.webp?resize=350%2C200&ssl=1","width":350,"height":200,"srcset":"https:\/\/i0.wp.com\/artejoven.org\/wp-content\/uploads\/2025\/10\/Gabriela-Rojas.webp?resize=350%2C200&ssl=1 1x, https:\/\/i0.wp.com\/artejoven.org\/wp-content\/uploads\/2025\/10\/Gabriela-Rojas.webp?resize=525%2C300&ssl=1 1.5x"},"classes":[]},{"id":9396,"url":"https:\/\/festivalhabanaclasica.org\/","url_meta":{"origin":5979,"position":1},"title":"Associazione Culturale Classica dell'Avana (ACHC)","author":"Ren\u00e9 Manuel Puig","date":"3 de Maggio de 2025","format":false,"excerpt":"L'Asociaci\u00f3n Cultural Habana Cl\u00e1sica \u00e8 stata fondata nel 2017 su iniziativa del pianista cubano Marcos Madrigal.","rel":"","context":"In &quot;Socios&quot;","block_context":{"text":"Socios","link":"https:\/\/artejoven.org\/it\/category\/socios\/"},"img":{"alt_text":"","src":"https:\/\/i0.wp.com\/artejoven.org\/wp-content\/uploads\/2025\/05\/Habana-Clasica.webp?resize=350%2C200&ssl=1","width":350,"height":200},"classes":[]},{"id":7764,"url":"https:\/\/www.instagram.com\/tempohabana\/?hl=es%20","url_meta":{"origin":5979,"position":2},"title":"Tempo Avana","author":"Ren\u00e9 Manuel Puig","date":"24 de Luglio de 2024","format":false,"excerpt":"Uno spazio per il networking e la promozione di giovani musicisti, con esibizioni dal vivo.","rel":"","context":"In &quot;Aliados&quot;","block_context":{"text":"Aliados","link":"https:\/\/artejoven.org\/it\/category\/aliados\/"},"img":{"alt_text":"","src":"https:\/\/i0.wp.com\/artejoven.org\/wp-content\/uploads\/2024\/07\/Tempo-Habana-jpg.webp?resize=350%2C200&ssl=1","width":350,"height":200},"classes":[]},{"id":6686,"url":"http:\/\/www.festivalhabanaclasica.org","url_meta":{"origin":5979,"position":3},"title":"L'Avana classica","author":"Ren\u00e9 Manuel Puig","date":"21 de Agosto de 2023","format":false,"excerpt":"Il Festival Internacional de M\u00fasica Habana Cl\u00e1sica \u00e8 stato fondato nel 2017 su iniziativa del pianista cubano Marcos Madrigal. L'intento \u00e8 quello di riunire gli eccellenti interpreti locali e stranieri del circuito culturale della citt\u00e0.","rel":"","context":"In &quot;Espacios&quot;","block_context":{"text":"Espacios","link":"https:\/\/artejoven.org\/it\/category\/espacios\/"},"img":{"alt_text":"Habana Cl\u00e1sica","src":"https:\/\/i0.wp.com\/artejoven.org\/wp-content\/uploads\/2023\/11\/Habana-Clasica-jpg.webp?resize=350%2C200&ssl=1","width":350,"height":200,"srcset":"https:\/\/i0.wp.com\/artejoven.org\/wp-content\/uploads\/2023\/11\/Habana-Clasica-jpg.webp?resize=350%2C200&ssl=1 1x, https:\/\/i0.wp.com\/artejoven.org\/wp-content\/uploads\/2023\/11\/Habana-Clasica-jpg.webp?resize=525%2C300&ssl=1 1.5x, https:\/\/i0.wp.com\/artejoven.org\/wp-content\/uploads\/2023\/11\/Habana-Clasica-jpg.webp?resize=700%2C400&ssl=1 2x, https:\/\/i0.wp.com\/artejoven.org\/wp-content\/uploads\/2023\/11\/Habana-Clasica-jpg.webp?resize=1050%2C600&ssl=1 3x"},"classes":[]},{"id":7770,"url":"https:\/\/www.unesco.org\/es\/fieldoffice\/havana%20","url_meta":{"origin":5979,"position":4},"title":"UNESCO L'Avana","author":"Ren\u00e9 Manuel Puig","date":"2 de Luglio de 2024","format":false,"excerpt":"L'ufficio UNESCO dell'Avana svolge molteplici funzioni di grande importanza e impatto sul continente, in qualit\u00e0 di Ufficio Regionale per la Cultura per l'America Latina e i Caraibi, Ufficio Cluster per i Caraibi latini e Rappresentanza dell'UNESCO presso i governi di Cuba e Cuba....","rel":"","context":"In &quot;Donantes&quot;","block_context":{"text":"Donantes","link":"https:\/\/artejoven.org\/it\/category\/donantes\/"},"img":{"alt_text":"","src":"https:\/\/i0.wp.com\/artejoven.org\/wp-content\/uploads\/2024\/07\/UNESCO-Habana-jpg.webp?resize=350%2C200&ssl=1","width":350,"height":200},"classes":[]},{"id":7779,"url":"http:\/\/portal.ohc.cu\/","url_meta":{"origin":5979,"position":5},"title":"Ufficio dello Storico della Citt\u00e0 dell'Avana","author":"Ren\u00e9 Manuel Puig","date":"11 de Luglio de 2024","format":false,"excerpt":"Creato nel 1938 dal dottor Emilio Roig de Leuchsenring, per la protezione dell'Avana Vecchia. Il restauro dell'area storica \u00e8 stato curato e incrementato dal dottor Eusebio Leal Spengler, storico della citt\u00e0.","rel":"","context":"In &quot;Colaborador&quot;","block_context":{"text":"Colaborador","link":"https:\/\/artejoven.org\/it\/category\/colaborador\/"},"img":{"alt_text":"","src":"https:\/\/i0.wp.com\/artejoven.org\/wp-content\/uploads\/2024\/07\/Oficina-del-Historiador-de-la-Ciudad-de-La-Habana-jpg.webp?resize=350%2C200&ssl=1","width":350,"height":200},"classes":[]}],"jetpack_sharing_enabled":true,"_links":{"self":[{"href":"https:\/\/artejoven.org\/it\/wp-json\/wp\/v2\/pages\/5979","targetHints":{"allow":["GET"]}}],"collection":[{"href":"https:\/\/artejoven.org\/it\/wp-json\/wp\/v2\/pages"}],"about":[{"href":"https:\/\/artejoven.org\/it\/wp-json\/wp\/v2\/types\/page"}],"author":[{"embeddable":true,"href":"https:\/\/artejoven.org\/it\/wp-json\/wp\/v2\/users\/1"}],"replies":[{"embeddable":true,"href":"https:\/\/artejoven.org\/it\/wp-json\/wp\/v2\/comments?post=5979"}],"version-history":[{"count":0,"href":"https:\/\/artejoven.org\/it\/wp-json\/wp\/v2\/pages\/5979\/revisions"}],"up":[{"embeddable":true,"href":"https:\/\/artejoven.org\/it\/wp-json\/wp\/v2\/pages\/931"}],"wp:featuredmedia":[{"embeddable":true,"href":"https:\/\/artejoven.org\/it\/wp-json\/wp\/v2\/media\/5980"}],"wp:attachment":[{"href":"https:\/\/artejoven.org\/it\/wp-json\/wp\/v2\/media?parent=5979"}],"wp:term":[{"taxonomy":"category","embeddable":true,"href":"https:\/\/artejoven.org\/it\/wp-json\/wp\/v2\/categories?post=5979"},{"taxonomy":"post_tag","embeddable":true,"href":"https:\/\/artejoven.org\/it\/wp-json\/wp\/v2\/tags?post=5979"}],"curies":[{"name":"wp","href":"https:\/\/api.w.org\/{rel}","templated":true}]}}