{"id":6486,"date":"2023-12-05T11:00:06","date_gmt":"2023-12-05T16:00:06","guid":{"rendered":"https:\/\/artejoven.org\/?page_id=6486"},"modified":"2023-12-05T11:00:41","modified_gmt":"2023-12-05T16:00:41","slug":"sylvania-sylvain","status":"publish","type":"page","link":"https:\/\/artejoven.org\/it\/beneficiarios\/sylvania-sylvain\/","title":{"rendered":"Sylvania Sylvain"},"content":{"rendered":"","protected":false},"excerpt":{"rendered":"<p>Artista e chitarrista, appassionato di musica; spinto dalla costante ricerca dell'espressione artistica. <\/p>","protected":false},"author":1,"featured_media":6487,"parent":931,"menu_order":0,"comment_status":"closed","ping_status":"closed","template":"","meta":{"_acf_changed":false,"footnotes":"","_links_to":"","_links_to_target":""},"categories":[13,31],"tags":[],"class_list":["post-6486","page","type-page","status-publish","has-post-thumbnail","hentry","category-beneficiarios","category-musica-beneficiarios","post","post-with-thumbnail","post-with-thumbnail-large"],"acf":[],"aioseo_notices":[],"jetpack-related-posts":[{"id":8767,"url":"https:\/\/artejoven.org\/it\/espacios-faj\/concurso-nacional-de-musica\/","url_meta":{"origin":6486,"position":0},"title":"Concorso nazionale di musica","author":"Ren\u00e9 Manuel Puig","date":"12 de Febbraio de 2025","format":false,"excerpt":"Auspiciado por el FAJ y UNICEF Cuba, la iniciativa se dirige a m\u00fasicos en formaci\u00f3n formal o informal (de la ense\u00f1anza art\u00edstica o autodidactas), de nacionalidad cubana, residentes en Cuba, con el objetivo de promover procesos creativos que favorezcan el crecimiento espiritual, la creatividad y la expresi\u00f3n de adolescentes, as\u00ed\u2026","rel":"","context":"In &quot;Espacios&quot;","block_context":{"text":"Espacios","link":"https:\/\/artejoven.org\/it\/category\/espacios\/"},"img":{"alt_text":"","src":"https:\/\/i0.wp.com\/artejoven.org\/wp-content\/uploads\/2025\/07\/BANNER_CONCURSO-NACIONAL-DE-MUSICA-2DA-EDICION.webp?resize=350%2C200&ssl=1","width":350,"height":200,"srcset":"https:\/\/i0.wp.com\/artejoven.org\/wp-content\/uploads\/2025\/07\/BANNER_CONCURSO-NACIONAL-DE-MUSICA-2DA-EDICION.webp?resize=350%2C200&ssl=1 1x, https:\/\/i0.wp.com\/artejoven.org\/wp-content\/uploads\/2025\/07\/BANNER_CONCURSO-NACIONAL-DE-MUSICA-2DA-EDICION.webp?resize=525%2C300&ssl=1 1.5x, https:\/\/i0.wp.com\/artejoven.org\/wp-content\/uploads\/2025\/07\/BANNER_CONCURSO-NACIONAL-DE-MUSICA-2DA-EDICION.webp?resize=700%2C400&ssl=1 2x, https:\/\/i0.wp.com\/artejoven.org\/wp-content\/uploads\/2025\/07\/BANNER_CONCURSO-NACIONAL-DE-MUSICA-2DA-EDICION.webp?resize=1050%2C600&ssl=1 3x"},"classes":[]},{"id":3679,"url":"https:\/\/www.fundacioncarolina.es\/","url_meta":{"origin":6486,"position":1},"title":"Sito web della Fondazione Carolina","author":"Ren\u00e9 Manuel Puig","date":"12 de Giugno de 2023","format":false,"excerpt":"Borse di studio artistiche per i latinoamericani, tra gli altri argomenti.","rel":"","context":"In &quot;M\u00fasica&quot;","block_context":{"text":"M\u00fasica","link":"https:\/\/artejoven.org\/it\/category\/recursos\/musica-recursos\/"},"img":{"alt_text":"","src":"","width":0,"height":0},"classes":[]},{"id":7901,"url":"https:\/\/www.instagram.com\/filipnovosel\/","url_meta":{"origin":6486,"position":2},"title":"Philip Novosel","author":"Ren\u00e9 Manuel Puig","date":"27 de Luglio de 2024","format":false,"excerpt":"(Croazia, 1986) \u00e8 un musicista, arrangiatore, compositore e suonatore di tambura croato.","rel":"","context":"In &quot;Aliados&quot;","block_context":{"text":"Aliados","link":"https:\/\/artejoven.org\/it\/category\/aliados\/"},"img":{"alt_text":"","src":"https:\/\/i0.wp.com\/artejoven.org\/wp-content\/uploads\/2024\/08\/Filip-Novosel-jpeg.webp?resize=350%2C200&ssl=1","width":350,"height":200},"classes":[]},{"id":9856,"url":"#element","url_meta":{"origin":6486,"position":3},"title":"Sherif Soumano","author":"Ren\u00e9 Manuel Puig","date":"8 de Ottobre de 2025","format":false,"excerpt":"(Mali, 1981) Musicista specializzato nel suonare la kora, strumento ancestrale del suo Paese.","rel":"","context":"In &quot;Aliados&quot;","block_context":{"text":"Aliados","link":"https:\/\/artejoven.org\/it\/category\/aliados\/"},"img":{"alt_text":"Sherif Soumano","src":"https:\/\/i0.wp.com\/artejoven.org\/wp-content\/uploads\/2025\/10\/Sherif-Soumano.webp?resize=350%2C200&ssl=1","width":350,"height":200,"srcset":"https:\/\/i0.wp.com\/artejoven.org\/wp-content\/uploads\/2025\/10\/Sherif-Soumano.webp?resize=350%2C200&ssl=1 1x, https:\/\/i0.wp.com\/artejoven.org\/wp-content\/uploads\/2025\/10\/Sherif-Soumano.webp?resize=525%2C300&ssl=1 1.5x"},"classes":[]},{"id":8912,"url":"https:\/\/artejoven.org\/it\/beneficiarios\/la-tribu\/","url_meta":{"origin":6486,"position":4},"title":"La Trib\u00f9","author":"Ren\u00e9 Manuel Puig","date":"24 de Febbraio de 2025","format":false,"excerpt":"Progetto socio-culturale incentrato sulla musica elettronica, in cui si mescolano diverse manifestazioni artistiche.","rel":"","context":"In &quot;Beneficiarios&quot;","block_context":{"text":"Beneficiarios","link":"https:\/\/artejoven.org\/it\/category\/beneficiarios\/"},"img":{"alt_text":"La Tribu","src":"https:\/\/i0.wp.com\/artejoven.org\/wp-content\/uploads\/2025\/02\/La-Tribu.webp?resize=350%2C200&ssl=1","width":350,"height":200,"srcset":"https:\/\/i0.wp.com\/artejoven.org\/wp-content\/uploads\/2025\/02\/La-Tribu.webp?resize=350%2C200&ssl=1 1x, https:\/\/i0.wp.com\/artejoven.org\/wp-content\/uploads\/2025\/02\/La-Tribu.webp?resize=525%2C300&ssl=1 1.5x"},"classes":[]},{"id":7907,"url":"https:\/\/www.instagram.com\/german_diaz_lopez\/","url_meta":{"origin":6486,"position":5},"title":"Germ\u00e1n D\u00edaz","author":"Ren\u00e9 Manuel Puig","date":"28 de Luglio de 2024","format":false,"excerpt":"(Valladolid, 1978) \u00e8 un musicista, compositore e suonatore di ghironda spagnolo, considerato uno dei pi\u00f9 innovativi suonatori di ghironda in Europa.","rel":"","context":"In &quot;Aliados&quot;","block_context":{"text":"Aliados","link":"https:\/\/artejoven.org\/it\/category\/aliados\/"},"img":{"alt_text":"","src":"https:\/\/i0.wp.com\/artejoven.org\/wp-content\/uploads\/2024\/08\/German-Diaz-jpg.webp?resize=350%2C200&ssl=1","width":350,"height":200},"classes":[]}],"jetpack_sharing_enabled":true,"_links":{"self":[{"href":"https:\/\/artejoven.org\/it\/wp-json\/wp\/v2\/pages\/6486","targetHints":{"allow":["GET"]}}],"collection":[{"href":"https:\/\/artejoven.org\/it\/wp-json\/wp\/v2\/pages"}],"about":[{"href":"https:\/\/artejoven.org\/it\/wp-json\/wp\/v2\/types\/page"}],"author":[{"embeddable":true,"href":"https:\/\/artejoven.org\/it\/wp-json\/wp\/v2\/users\/1"}],"replies":[{"embeddable":true,"href":"https:\/\/artejoven.org\/it\/wp-json\/wp\/v2\/comments?post=6486"}],"version-history":[{"count":0,"href":"https:\/\/artejoven.org\/it\/wp-json\/wp\/v2\/pages\/6486\/revisions"}],"up":[{"embeddable":true,"href":"https:\/\/artejoven.org\/it\/wp-json\/wp\/v2\/pages\/931"}],"wp:featuredmedia":[{"embeddable":true,"href":"https:\/\/artejoven.org\/it\/wp-json\/wp\/v2\/media\/6487"}],"wp:attachment":[{"href":"https:\/\/artejoven.org\/it\/wp-json\/wp\/v2\/media?parent=6486"}],"wp:term":[{"taxonomy":"category","embeddable":true,"href":"https:\/\/artejoven.org\/it\/wp-json\/wp\/v2\/categories?post=6486"},{"taxonomy":"post_tag","embeddable":true,"href":"https:\/\/artejoven.org\/it\/wp-json\/wp\/v2\/tags?post=6486"}],"curies":[{"name":"wp","href":"https:\/\/api.w.org\/{rel}","templated":true}]}}