{"id":7429,"date":"2024-05-23T11:46:57","date_gmt":"2024-05-23T15:46:57","guid":{"rendered":"https:\/\/artejoven.org\/?page_id=7429"},"modified":"2024-05-23T11:47:02","modified_gmt":"2024-05-23T15:47:02","slug":"abel-lescay","status":"publish","type":"page","link":"https:\/\/artejoven.org\/it\/beneficiarios\/abel-lescay\/","title":{"rendered":"Abel Lescay"},"content":{"rendered":"","protected":false},"excerpt":{"rendered":"<p>Abel Lescay (Mayabeque, 1999), \u00e8 diplomato in pianoforte, professore di Pianoforte e Teoria e pianista accompagnatore presso la Escuela Nacional de Arte (ENA) nel 2017. <\/p>","protected":false},"author":1,"featured_media":7430,"parent":931,"menu_order":0,"comment_status":"closed","ping_status":"closed","template":"","meta":{"_acf_changed":false,"footnotes":"","_links_to":"","_links_to_target":""},"categories":[13,31],"tags":[63],"class_list":["post-7429","page","type-page","status-publish","has-post-thumbnail","hentry","category-beneficiarios","category-musica-beneficiarios","tag-63","post","post-with-thumbnail","post-with-thumbnail-large"],"acf":[],"aioseo_notices":[],"jetpack-related-posts":[{"id":7735,"url":"#element","url_meta":{"origin":7429,"position":0},"title":"Abel Barroso","author":"Ren\u00e9 Manuel Puig","date":"15 de Luglio de 2024","format":false,"excerpt":"Artista visivo (Pinar del R\u00edo, Cuba, 1971)","rel":"","context":"In &quot;Jurados&quot;","block_context":{"text":"Jurados","link":"https:\/\/artejoven.org\/it\/category\/jurados\/"},"img":{"alt_text":"","src":"https:\/\/i0.wp.com\/artejoven.org\/wp-content\/uploads\/2024\/07\/Abel-Barroso-jpg.webp?resize=350%2C200&ssl=1","width":350,"height":200},"classes":[]},{"id":2815,"url":"https:\/\/artejoven.org\/it\/beneficiarios\/rolando-galindo\/","url_meta":{"origin":7429,"position":1},"title":"Rolando Galindo","author":"Ren\u00e9 Manuel Puig","date":"24 de Maggio de 2023","format":false,"excerpt":"Rolando Galindo P\u00e9rez (Artemisa, 1993) si \u00e8 laureato in Pittura presso l'Accademia Provinciale di Arti Plastiche Eduardo Abela e frequenta il terzo anno di Arti Visive presso l'Universit\u00e0 delle Arti (ISA).","rel":"","context":"In &quot;Artes Visuales&quot;","block_context":{"text":"Artes Visuales","link":"https:\/\/artejoven.org\/it\/category\/beneficiarios\/artes-visuales-beneficiarios\/"},"img":{"alt_text":"Rolando Galindo","src":"https:\/\/i0.wp.com\/artejoven.org\/wp-content\/uploads\/2023\/06\/Rolando-Galindo-jpg.webp?resize=350%2C200&ssl=1","width":350,"height":200,"srcset":"https:\/\/i0.wp.com\/artejoven.org\/wp-content\/uploads\/2023\/06\/Rolando-Galindo-jpg.webp?resize=350%2C200&ssl=1 1x, https:\/\/i0.wp.com\/artejoven.org\/wp-content\/uploads\/2023\/06\/Rolando-Galindo-jpg.webp?resize=525%2C300&ssl=1 1.5x, https:\/\/i0.wp.com\/artejoven.org\/wp-content\/uploads\/2023\/06\/Rolando-Galindo-jpg.webp?resize=700%2C400&ssl=1 2x"},"classes":[]},{"id":2828,"url":"https:\/\/artejoven.org\/it\/beneficiarios\/victor-manuel-ojeda\/","url_meta":{"origin":7429,"position":2},"title":"Victor Manuel Ojeda","author":"Ren\u00e9 Manuel Puig","date":"28 de Maggio de 2023","format":false,"excerpt":"Victor Manuel Ojeda Collado (Mayabeque, 1990) si \u00e8 laureato in Pittura presso l'Accademia Provinciale di Arti Plastiche Eduardo Abela e in Conservazione dei Beni Culturali presso l'ISA.","rel":"","context":"In &quot;Artes Visuales&quot;","block_context":{"text":"Artes Visuales","link":"https:\/\/artejoven.org\/it\/category\/beneficiarios\/artes-visuales-beneficiarios\/"},"img":{"alt_text":"Victor Manuel Ojeda","src":"https:\/\/i0.wp.com\/artejoven.org\/wp-content\/uploads\/2023\/06\/Victor-Manuel-Ojeda-jpg.webp?resize=350%2C200&ssl=1","width":350,"height":200,"srcset":"https:\/\/i0.wp.com\/artejoven.org\/wp-content\/uploads\/2023\/06\/Victor-Manuel-Ojeda-jpg.webp?resize=350%2C200&ssl=1 1x, https:\/\/i0.wp.com\/artejoven.org\/wp-content\/uploads\/2023\/06\/Victor-Manuel-Ojeda-jpg.webp?resize=525%2C300&ssl=1 1.5x, https:\/\/i0.wp.com\/artejoven.org\/wp-content\/uploads\/2023\/06\/Victor-Manuel-Ojeda-jpg.webp?resize=700%2C400&ssl=1 2x, https:\/\/i0.wp.com\/artejoven.org\/wp-content\/uploads\/2023\/06\/Victor-Manuel-Ojeda-jpg.webp?resize=1050%2C600&ssl=1 3x"},"classes":[]},{"id":931,"url":"https:\/\/artejoven.org\/it\/beneficiarios\/","url_meta":{"origin":7429,"position":3},"title":"Beneficiari","author":"Ren\u00e9 Manuel Puig","date":"17 de Aprile de 2023","format":false,"excerpt":"Incontrare i beneficiari. Ogni artista o impresa culturale che il Fondo de Arte Joven ha sostenuto.","rel":"","context":"Articolo simile","block_context":{"text":"Articolo simile","link":""},"img":{"alt_text":"Fondo de Arte Joven","src":"https:\/\/i0.wp.com\/artejoven.org\/wp-content\/uploads\/2023\/06\/Fondo-de-Arte-Joven.jpg?resize=350%2C200&ssl=1","width":350,"height":200,"srcset":"https:\/\/i0.wp.com\/artejoven.org\/wp-content\/uploads\/2023\/06\/Fondo-de-Arte-Joven.jpg?resize=350%2C200&ssl=1 1x, https:\/\/i0.wp.com\/artejoven.org\/wp-content\/uploads\/2023\/06\/Fondo-de-Arte-Joven.jpg?resize=525%2C300&ssl=1 1.5x, https:\/\/i0.wp.com\/artejoven.org\/wp-content\/uploads\/2023\/06\/Fondo-de-Arte-Joven.jpg?resize=700%2C400&ssl=1 2x"},"classes":[]},{"id":8939,"url":"https:\/\/artejoven.org\/it\/beneficiarios\/camila-araujo-vazquez\/","url_meta":{"origin":7429,"position":4},"title":"Camila Araujo V\u00e1zquez","author":"Ren\u00e9 Manuel Puig","date":"24 de Febbraio de 2025","format":false,"excerpt":"(Matanzas, 2006) Studente di pianoforte presso la Escuela Profesional de Arte de Matanzas.","rel":"","context":"In &quot;Beneficiarios&quot;","block_context":{"text":"Beneficiarios","link":"https:\/\/artejoven.org\/it\/category\/beneficiarios\/"},"img":{"alt_text":"Camila Araujo","src":"https:\/\/i0.wp.com\/artejoven.org\/wp-content\/uploads\/2025\/02\/Camila-Araujo.webp?resize=350%2C200&ssl=1","width":350,"height":200,"srcset":"https:\/\/i0.wp.com\/artejoven.org\/wp-content\/uploads\/2025\/02\/Camila-Araujo.webp?resize=350%2C200&ssl=1 1x, https:\/\/i0.wp.com\/artejoven.org\/wp-content\/uploads\/2025\/02\/Camila-Araujo.webp?resize=525%2C300&ssl=1 1.5x"},"classes":[]},{"id":8764,"url":"https:\/\/artejoven.org\/it\/beneficiarios\/jose-angel-medina-gomez\/","url_meta":{"origin":7429,"position":5},"title":"Jos\u00e9 \u00c1ngel Medina G\u00f3mez","author":"Ren\u00e9 Manuel Puig","date":"12 de Febbraio de 2025","format":false,"excerpt":"(Matanzas, 2008) Studente di pianoforte presso la Scuola Professionale d'Arte di Matanzas.","rel":"","context":"In &quot;Beneficiarios&quot;","block_context":{"text":"Beneficiarios","link":"https:\/\/artejoven.org\/it\/category\/beneficiarios\/"},"img":{"alt_text":"Jos\u00e9 \u00c1ngel Medina L\u00f3pez","src":"https:\/\/i0.wp.com\/artejoven.org\/wp-content\/uploads\/2025\/02\/Jose-Angel-Medina-Lopez.webp?resize=350%2C200&ssl=1","width":350,"height":200,"srcset":"https:\/\/i0.wp.com\/artejoven.org\/wp-content\/uploads\/2025\/02\/Jose-Angel-Medina-Lopez.webp?resize=350%2C200&ssl=1 1x, https:\/\/i0.wp.com\/artejoven.org\/wp-content\/uploads\/2025\/02\/Jose-Angel-Medina-Lopez.webp?resize=525%2C300&ssl=1 1.5x"},"classes":[]}],"jetpack_sharing_enabled":true,"_links":{"self":[{"href":"https:\/\/artejoven.org\/it\/wp-json\/wp\/v2\/pages\/7429","targetHints":{"allow":["GET"]}}],"collection":[{"href":"https:\/\/artejoven.org\/it\/wp-json\/wp\/v2\/pages"}],"about":[{"href":"https:\/\/artejoven.org\/it\/wp-json\/wp\/v2\/types\/page"}],"author":[{"embeddable":true,"href":"https:\/\/artejoven.org\/it\/wp-json\/wp\/v2\/users\/1"}],"replies":[{"embeddable":true,"href":"https:\/\/artejoven.org\/it\/wp-json\/wp\/v2\/comments?post=7429"}],"version-history":[{"count":0,"href":"https:\/\/artejoven.org\/it\/wp-json\/wp\/v2\/pages\/7429\/revisions"}],"up":[{"embeddable":true,"href":"https:\/\/artejoven.org\/it\/wp-json\/wp\/v2\/pages\/931"}],"wp:featuredmedia":[{"embeddable":true,"href":"https:\/\/artejoven.org\/it\/wp-json\/wp\/v2\/media\/7430"}],"wp:attachment":[{"href":"https:\/\/artejoven.org\/it\/wp-json\/wp\/v2\/media?parent=7429"}],"wp:term":[{"taxonomy":"category","embeddable":true,"href":"https:\/\/artejoven.org\/it\/wp-json\/wp\/v2\/categories?post=7429"},{"taxonomy":"post_tag","embeddable":true,"href":"https:\/\/artejoven.org\/it\/wp-json\/wp\/v2\/tags?post=7429"}],"curies":[{"name":"wp","href":"https:\/\/api.w.org\/{rel}","templated":true}]}}