{"id":7703,"date":"2024-07-12T18:53:31","date_gmt":"2024-07-12T22:53:31","guid":{"rendered":"https:\/\/artejoven.org\/?page_id=7703"},"modified":"2024-07-12T18:54:20","modified_gmt":"2024-07-12T22:54:20","slug":"yaily-martinez","status":"publish","type":"page","link":"https:\/\/artejoven.org\/it\/beneficiarios\/yaily-martinez\/","title":{"rendered":"Yaily Martinez"},"content":{"rendered":"","protected":false},"excerpt":{"rendered":"<p>Laureata presso l'Universidad de las Artes (ISA), Cuba. Ha all'attivo le mostre personali Simbiosis (2017, bipersonale), presso il Museo de la Universidad Sim\u00f3n Bol\u00edvar, Barranquilla, Colombia; Ascensi\u00f3n (2020), presso DNasco Studio, e Desgarrando superficies (2023, tripersonale), presso la Servando Gallery, entrambe a L'Avana.<\/p>","protected":false},"author":1,"featured_media":7704,"parent":931,"menu_order":0,"comment_status":"closed","ping_status":"closed","template":"","meta":{"_acf_changed":false,"footnotes":"","_links_to":"","_links_to_target":""},"categories":[32,13],"tags":[63],"class_list":["post-7703","page","type-page","status-publish","has-post-thumbnail","hentry","category-artes-visuales-beneficiarios","category-beneficiarios","tag-63","post","post-with-thumbnail","post-with-thumbnail-large"],"acf":[],"aioseo_notices":[],"jetpack-related-posts":[{"id":2815,"url":"https:\/\/artejoven.org\/it\/beneficiarios\/rolando-galindo\/","url_meta":{"origin":7703,"position":0},"title":"Rolando Galindo","author":"Ren\u00e9 Manuel Puig","date":"24 de Maggio de 2023","format":false,"excerpt":"Rolando Galindo P\u00e9rez (Artemisa, 1993) si \u00e8 laureato in Pittura presso l'Accademia Provinciale di Arti Plastiche Eduardo Abela e frequenta il terzo anno di Arti Visive presso l'Universit\u00e0 delle Arti (ISA).","rel":"","context":"In &quot;Artes Visuales&quot;","block_context":{"text":"Artes Visuales","link":"https:\/\/artejoven.org\/it\/category\/beneficiarios\/artes-visuales-beneficiarios\/"},"img":{"alt_text":"Rolando Galindo","src":"https:\/\/i0.wp.com\/artejoven.org\/wp-content\/uploads\/2023\/06\/Rolando-Galindo-jpg.webp?resize=350%2C200&ssl=1","width":350,"height":200,"srcset":"https:\/\/i0.wp.com\/artejoven.org\/wp-content\/uploads\/2023\/06\/Rolando-Galindo-jpg.webp?resize=350%2C200&ssl=1 1x, https:\/\/i0.wp.com\/artejoven.org\/wp-content\/uploads\/2023\/06\/Rolando-Galindo-jpg.webp?resize=525%2C300&ssl=1 1.5x, https:\/\/i0.wp.com\/artejoven.org\/wp-content\/uploads\/2023\/06\/Rolando-Galindo-jpg.webp?resize=700%2C400&ssl=1 2x"},"classes":[]},{"id":2882,"url":"https:\/\/artejoven.org\/it\/beneficiarios\/harold-ramirez\/","url_meta":{"origin":7703,"position":1},"title":"Harold Ramirez\u00a0","author":"Ren\u00e9 Manuel Puig","date":"17 de Maggio de 2023","format":false,"excerpt":"Harold Ram\u00edrez Veliz (L'Avana, 1997) si \u00e8 diplomato all'Academia Nacional de Bellas Artes San Alejandro e attualmente studia arti visive all'Universidad de las Artes (ISA).","rel":"","context":"In &quot;Artes Visuales&quot;","block_context":{"text":"Artes Visuales","link":"https:\/\/artejoven.org\/it\/category\/beneficiarios\/artes-visuales-beneficiarios\/"},"img":{"alt_text":"Harold Ram\u00edrez","src":"https:\/\/i0.wp.com\/artejoven.org\/wp-content\/uploads\/2023\/06\/Harold-Ramirez-jpg.webp?resize=350%2C200&ssl=1","width":350,"height":200,"srcset":"https:\/\/i0.wp.com\/artejoven.org\/wp-content\/uploads\/2023\/06\/Harold-Ramirez-jpg.webp?resize=350%2C200&ssl=1 1x, https:\/\/i0.wp.com\/artejoven.org\/wp-content\/uploads\/2023\/06\/Harold-Ramirez-jpg.webp?resize=525%2C300&ssl=1 1.5x"},"classes":[]},{"id":2291,"url":"https:\/\/artejoven.org\/it\/beneficiarios\/olivia-torres\/","url_meta":{"origin":7703,"position":2},"title":"Olivia Torres","author":"Ren\u00e9 Manuel Puig","date":"22 de Maggio de 2023","format":false,"excerpt":"Olivia Torres D\u00edaz (L'Avana, 1999) \u00e8 laureata in Arti della Conservazione dei Beni Culturali presso l'Universit\u00e0 delle Arti (ISA) dal 2022.","rel":"","context":"In &quot;Artes Visuales&quot;","block_context":{"text":"Artes Visuales","link":"https:\/\/artejoven.org\/it\/category\/beneficiarios\/artes-visuales-beneficiarios\/"},"img":{"alt_text":"Olivia Torres","src":"https:\/\/i0.wp.com\/artejoven.org\/wp-content\/uploads\/2023\/06\/Olivia-Torres-1-jpg.webp?resize=350%2C200&ssl=1","width":350,"height":200,"srcset":"https:\/\/i0.wp.com\/artejoven.org\/wp-content\/uploads\/2023\/06\/Olivia-Torres-1-jpg.webp?resize=350%2C200&ssl=1 1x, https:\/\/i0.wp.com\/artejoven.org\/wp-content\/uploads\/2023\/06\/Olivia-Torres-1-jpg.webp?resize=525%2C300&ssl=1 1.5x"},"classes":[]},{"id":8837,"url":"https:\/\/artejoven.org\/it\/beneficiarios\/karla-betancourt\/","url_meta":{"origin":7703,"position":3},"title":"Karla Betancourt","author":"Ren\u00e9 Manuel Puig","date":"20 de Febbraio de 2025","format":false,"excerpt":"Karla Betancourt (Sancti Sp\u00edritus, 1992) si \u00e8 laureata in oro presso l'Universit\u00e0 delle Arti (ISA) di Cuba nel profilo Conservazione e restauro dei beni mobili (2017).","rel":"","context":"In &quot;Artes Visuales&quot;","block_context":{"text":"Artes Visuales","link":"https:\/\/artejoven.org\/it\/category\/beneficiarios\/artes-visuales-beneficiarios\/"},"img":{"alt_text":"Karla Betancourt","src":"https:\/\/i0.wp.com\/artejoven.org\/wp-content\/uploads\/2025\/02\/Karla-Betancourt.webp?resize=350%2C200&ssl=1","width":350,"height":200,"srcset":"https:\/\/i0.wp.com\/artejoven.org\/wp-content\/uploads\/2025\/02\/Karla-Betancourt.webp?resize=350%2C200&ssl=1 1x, https:\/\/i0.wp.com\/artejoven.org\/wp-content\/uploads\/2025\/02\/Karla-Betancourt.webp?resize=525%2C300&ssl=1 1.5x"},"classes":[]},{"id":2819,"url":"https:\/\/artejoven.org\/it\/beneficiarios\/eldy-ortiz\/","url_meta":{"origin":7703,"position":4},"title":"Eldy Ortiz","author":"Ren\u00e9 Manuel Puig","date":"14 de Maggio de 2023","format":false,"excerpt":"Eldy Ortiz D\u00edaz (L'Avana, 1994) si \u00e8 laureata in Pittura presso l'Accademia Nazionale di Belle Arti di San Alejandro e in Scenografia presso l'Universit\u00e0 delle Arti (ISA) nel 2019.","rel":"","context":"In &quot;Artes Visuales&quot;","block_context":{"text":"Artes Visuales","link":"https:\/\/artejoven.org\/it\/category\/beneficiarios\/artes-visuales-beneficiarios\/"},"img":{"alt_text":"Eldy Ortiz","src":"https:\/\/i0.wp.com\/artejoven.org\/wp-content\/uploads\/2023\/06\/Eldy-Ortiz-jpg.webp?resize=350%2C200&ssl=1","width":350,"height":200,"srcset":"https:\/\/i0.wp.com\/artejoven.org\/wp-content\/uploads\/2023\/06\/Eldy-Ortiz-jpg.webp?resize=350%2C200&ssl=1 1x, https:\/\/i0.wp.com\/artejoven.org\/wp-content\/uploads\/2023\/06\/Eldy-Ortiz-jpg.webp?resize=525%2C300&ssl=1 1.5x"},"classes":[]},{"id":6533,"url":"https:\/\/artejoven.org\/it\/beneficiarios\/clara-masso\/","url_meta":{"origin":7703,"position":5},"title":"Clara Mass\u00f3","author":"Ren\u00e9 Manuel Puig","date":"6 de Dicembre de 2023","format":false,"excerpt":"Clara Mass\u00f3 (L'Avana, 1997). Ha studiato presso l'Academia Nacional de Bellas Artes San Alejandro nel 2017. Laureata presso l'Universidad de las Artes (ISA), \u00e8 membro del roster di artisti NFT della F\u00e1brica de Arte Cubano (FAC).","rel":"","context":"In &quot;Artes Visuales&quot;","block_context":{"text":"Artes Visuales","link":"https:\/\/artejoven.org\/it\/category\/beneficiarios\/artes-visuales-beneficiarios\/"},"img":{"alt_text":"Clara Mass\u00f3","src":"https:\/\/i0.wp.com\/artejoven.org\/wp-content\/uploads\/2023\/12\/Clara-Masso-jpg.webp?resize=350%2C200&ssl=1","width":350,"height":200,"srcset":"https:\/\/i0.wp.com\/artejoven.org\/wp-content\/uploads\/2023\/12\/Clara-Masso-jpg.webp?resize=350%2C200&ssl=1 1x, https:\/\/i0.wp.com\/artejoven.org\/wp-content\/uploads\/2023\/12\/Clara-Masso-jpg.webp?resize=525%2C300&ssl=1 1.5x"},"classes":[]}],"jetpack_sharing_enabled":true,"_links":{"self":[{"href":"https:\/\/artejoven.org\/it\/wp-json\/wp\/v2\/pages\/7703","targetHints":{"allow":["GET"]}}],"collection":[{"href":"https:\/\/artejoven.org\/it\/wp-json\/wp\/v2\/pages"}],"about":[{"href":"https:\/\/artejoven.org\/it\/wp-json\/wp\/v2\/types\/page"}],"author":[{"embeddable":true,"href":"https:\/\/artejoven.org\/it\/wp-json\/wp\/v2\/users\/1"}],"replies":[{"embeddable":true,"href":"https:\/\/artejoven.org\/it\/wp-json\/wp\/v2\/comments?post=7703"}],"version-history":[{"count":0,"href":"https:\/\/artejoven.org\/it\/wp-json\/wp\/v2\/pages\/7703\/revisions"}],"up":[{"embeddable":true,"href":"https:\/\/artejoven.org\/it\/wp-json\/wp\/v2\/pages\/931"}],"wp:featuredmedia":[{"embeddable":true,"href":"https:\/\/artejoven.org\/it\/wp-json\/wp\/v2\/media\/7704"}],"wp:attachment":[{"href":"https:\/\/artejoven.org\/it\/wp-json\/wp\/v2\/media?parent=7703"}],"wp:term":[{"taxonomy":"category","embeddable":true,"href":"https:\/\/artejoven.org\/it\/wp-json\/wp\/v2\/categories?post=7703"},{"taxonomy":"post_tag","embeddable":true,"href":"https:\/\/artejoven.org\/it\/wp-json\/wp\/v2\/tags?post=7703"}],"curies":[{"name":"wp","href":"https:\/\/api.w.org\/{rel}","templated":true}]}}