{"id":8764,"date":"2025-02-12T08:53:59","date_gmt":"2025-02-12T13:53:59","guid":{"rendered":"https:\/\/artejoven.org\/?page_id=8764"},"modified":"2025-02-12T08:54:02","modified_gmt":"2025-02-12T13:54:02","slug":"jose-angel-medina-gomez","status":"publish","type":"page","link":"https:\/\/artejoven.org\/it\/beneficiarios\/jose-angel-medina-gomez\/","title":{"rendered":"Jos\u00e9 \u00c1ngel Medina G\u00f3mez"},"content":{"rendered":"","protected":false},"excerpt":{"rendered":"<p>(Matanzas, 2008) Studente di pianoforte presso la Scuola Professionale d'Arte di Matanzas.<\/p>","protected":false},"author":1,"featured_media":8765,"parent":931,"menu_order":0,"comment_status":"closed","ping_status":"closed","template":"","meta":{"_acf_changed":false,"footnotes":"","_links_to":"","_links_to_target":""},"categories":[13,66],"tags":[63],"class_list":["post-8764","page","type-page","status-publish","has-post-thumbnail","hentry","category-beneficiarios","category-concurso-nacional-de-musica","tag-63","post","post-with-thumbnail","post-with-thumbnail-large"],"acf":[],"aioseo_notices":[],"jetpack-related-posts":[{"id":9906,"url":"https:\/\/www.instagram.com\/conservador_matanzas\/","url_meta":{"origin":8764,"position":0},"title":"Ufficio del Conservatore della Citt\u00e0 di Matanzas","author":"Ren\u00e9 Manuel Puig","date":"9 de Ottobre de 2025","format":false,"excerpt":"Gestisce e guida l'attuazione di azioni volte alla conservazione e all'uso sostenibile del patrimonio mobile e immobile del centro storico di Matanzas.","rel":"","context":"In &quot;Aliados&quot;","block_context":{"text":"Aliados","link":"https:\/\/artejoven.org\/it\/category\/aliados\/"},"img":{"alt_text":"Oficina del Conservador de la Ciudad de Matanzas","src":"https:\/\/i0.wp.com\/artejoven.org\/wp-content\/uploads\/2025\/10\/Oficina-del-conservador.webp?resize=350%2C200&ssl=1","width":350,"height":200,"srcset":"https:\/\/i0.wp.com\/artejoven.org\/wp-content\/uploads\/2025\/10\/Oficina-del-conservador.webp?resize=350%2C200&ssl=1 1x, https:\/\/i0.wp.com\/artejoven.org\/wp-content\/uploads\/2025\/10\/Oficina-del-conservador.webp?resize=525%2C300&ssl=1 1.5x"},"classes":[]},{"id":7865,"url":"https:\/\/www.facebook.com\/losmunequitosdematanzas\/","url_meta":{"origin":8764,"position":1},"title":"Mu\u00f1equitos de Matanzas","author":"Ren\u00e9 Manuel Puig","date":"12 de Luglio de 2024","format":false,"excerpt":"Agrupaci\u00f3n musical cubana, considerada por numerosos especialistas entre los principales exponentes del guaguanc\u00f3 y la rumba. En el a\u00f1o 2001, grabaron varias obras en el CD La rumba Soy Yo , que reuni\u00f3 a los mejores rumberos de Cuba en un \"all around\" de la rumba que obtuvo un Premio\u2026","rel":"","context":"In &quot;Aliados&quot;","block_context":{"text":"Aliados","link":"https:\/\/artejoven.org\/it\/category\/aliados\/"},"img":{"alt_text":"","src":"https:\/\/i0.wp.com\/artejoven.org\/wp-content\/uploads\/2024\/07\/Los-Munequitos-de-Matanzas-jpg.webp?resize=350%2C200&ssl=1","width":350,"height":200},"classes":[]},{"id":8939,"url":"https:\/\/artejoven.org\/it\/beneficiarios\/camila-araujo-vazquez\/","url_meta":{"origin":8764,"position":2},"title":"Camila Araujo V\u00e1zquez","author":"Ren\u00e9 Manuel Puig","date":"24 de Febbraio de 2025","format":false,"excerpt":"(Matanzas, 2006) Studente di pianoforte presso la Escuela Profesional de Arte de Matanzas.","rel":"","context":"In &quot;Beneficiarios&quot;","block_context":{"text":"Beneficiarios","link":"https:\/\/artejoven.org\/it\/category\/beneficiarios\/"},"img":{"alt_text":"Camila Araujo","src":"https:\/\/i0.wp.com\/artejoven.org\/wp-content\/uploads\/2025\/02\/Camila-Araujo.webp?resize=350%2C200&ssl=1","width":350,"height":200,"srcset":"https:\/\/i0.wp.com\/artejoven.org\/wp-content\/uploads\/2025\/02\/Camila-Araujo.webp?resize=350%2C200&ssl=1 1x, https:\/\/i0.wp.com\/artejoven.org\/wp-content\/uploads\/2025\/02\/Camila-Araujo.webp?resize=525%2C300&ssl=1 1.5x"},"classes":[]},{"id":2824,"url":"https:\/\/artejoven.org\/it\/beneficiarios\/anadis-gonzalez\/","url_meta":{"origin":8764,"position":3},"title":"Anadis Gonz\u00e1lez","author":"Ren\u00e9 Manuel Puig","date":"12 de Maggio de 2023","format":false,"excerpt":"Anadis Gonz\u00e1lez M\u00e1rquez (Matanzas, 1994) si \u00e8 laureata in Musica alla Escuela Profesional de Arte de Matanzas e in Architettura al CUJAE.","rel":"","context":"In &quot;Artes Visuales&quot;","block_context":{"text":"Artes Visuales","link":"https:\/\/artejoven.org\/it\/category\/beneficiarios\/artes-visuales-beneficiarios\/"},"img":{"alt_text":"Anadis Gonz\u00e1lez","src":"https:\/\/i0.wp.com\/artejoven.org\/wp-content\/uploads\/2023\/06\/Anadis-Gonzalez-jpg.webp?resize=350%2C200&ssl=1","width":350,"height":200,"srcset":"https:\/\/i0.wp.com\/artejoven.org\/wp-content\/uploads\/2023\/06\/Anadis-Gonzalez-jpg.webp?resize=350%2C200&ssl=1 1x, https:\/\/i0.wp.com\/artejoven.org\/wp-content\/uploads\/2023\/06\/Anadis-Gonzalez-jpg.webp?resize=525%2C300&ssl=1 1.5x, https:\/\/i0.wp.com\/artejoven.org\/wp-content\/uploads\/2023\/06\/Anadis-Gonzalez-jpg.webp?resize=700%2C400&ssl=1 2x, https:\/\/i0.wp.com\/artejoven.org\/wp-content\/uploads\/2023\/06\/Anadis-Gonzalez-jpg.webp?resize=1050%2C600&ssl=1 3x"},"classes":[]},{"id":10588,"url":"https:\/\/artejoven.org\/it\/beneficiarios\/taijana-alfonso-herrera\/","url_meta":{"origin":8764,"position":4},"title":"Taijana Alfonso Herrera","author":"Ren\u00e9 Manuel Puig","date":"8 de Marzo de 2026","format":false,"excerpt":"(Matanzas, 2007) Sassofonista formatosi presso la Escuela Vocacional de Arte Alfonso P\u00e9rez Isaac di Matanzas.","rel":"","context":"In &quot;Beneficiarios&quot;","block_context":{"text":"Beneficiarios","link":"https:\/\/artejoven.org\/it\/category\/beneficiarios\/"},"img":{"alt_text":"Taijana Alfonso Herrera","src":"https:\/\/i0.wp.com\/artejoven.org\/wp-content\/uploads\/2026\/03\/Taijana-Alfonso-Herrera.webp?resize=350%2C200&ssl=1","width":350,"height":200,"srcset":"https:\/\/i0.wp.com\/artejoven.org\/wp-content\/uploads\/2026\/03\/Taijana-Alfonso-Herrera.webp?resize=350%2C200&ssl=1 1x, https:\/\/i0.wp.com\/artejoven.org\/wp-content\/uploads\/2026\/03\/Taijana-Alfonso-Herrera.webp?resize=525%2C300&ssl=1 1.5x"},"classes":[]},{"id":7334,"url":"https:\/\/artejoven.org\/it\/beneficiarios\/hot-stuff\/","url_meta":{"origin":8764,"position":5},"title":"Roba che scotta","author":"Ren\u00e9 Manuel Puig","date":"10 de Aprile de 2024","format":false,"excerpt":"L'iniziativa, a cura dei giovani Abram Bravo (Matanzas, 1995) e Marialis Mart\u00ednez (Matanzas, 1991), segue le tracce di artisti che lavorano sull'immaginario sessuale in diversi aspetti della loro produzione.","rel":"","context":"In &quot;Artes Visuales&quot;","block_context":{"text":"Artes Visuales","link":"https:\/\/artejoven.org\/it\/category\/beneficiarios\/artes-visuales-beneficiarios\/"},"img":{"alt_text":"Hot Stuff","src":"https:\/\/i0.wp.com\/artejoven.org\/wp-content\/uploads\/2024\/04\/Hot-Stuff-jpg.webp?resize=350%2C200&ssl=1","width":350,"height":200},"classes":[]}],"jetpack_sharing_enabled":true,"_links":{"self":[{"href":"https:\/\/artejoven.org\/it\/wp-json\/wp\/v2\/pages\/8764","targetHints":{"allow":["GET"]}}],"collection":[{"href":"https:\/\/artejoven.org\/it\/wp-json\/wp\/v2\/pages"}],"about":[{"href":"https:\/\/artejoven.org\/it\/wp-json\/wp\/v2\/types\/page"}],"author":[{"embeddable":true,"href":"https:\/\/artejoven.org\/it\/wp-json\/wp\/v2\/users\/1"}],"replies":[{"embeddable":true,"href":"https:\/\/artejoven.org\/it\/wp-json\/wp\/v2\/comments?post=8764"}],"version-history":[{"count":0,"href":"https:\/\/artejoven.org\/it\/wp-json\/wp\/v2\/pages\/8764\/revisions"}],"up":[{"embeddable":true,"href":"https:\/\/artejoven.org\/it\/wp-json\/wp\/v2\/pages\/931"}],"wp:featuredmedia":[{"embeddable":true,"href":"https:\/\/artejoven.org\/it\/wp-json\/wp\/v2\/media\/8765"}],"wp:attachment":[{"href":"https:\/\/artejoven.org\/it\/wp-json\/wp\/v2\/media?parent=8764"}],"wp:term":[{"taxonomy":"category","embeddable":true,"href":"https:\/\/artejoven.org\/it\/wp-json\/wp\/v2\/categories?post=8764"},{"taxonomy":"post_tag","embeddable":true,"href":"https:\/\/artejoven.org\/it\/wp-json\/wp\/v2\/tags?post=8764"}],"curies":[{"name":"wp","href":"https:\/\/api.w.org\/{rel}","templated":true}]}}