{"id":8795,"date":"2025-02-13T08:32:37","date_gmt":"2025-02-13T13:32:37","guid":{"rendered":"https:\/\/artejoven.org\/?page_id=8795"},"modified":"2025-02-13T08:35:35","modified_gmt":"2025-02-13T13:35:35","slug":"belinda-isabel-flores-santos","status":"publish","type":"page","link":"https:\/\/artejoven.org\/it\/beneficiarios\/belinda-isabel-flores-santos\/","title":{"rendered":"Belinda Isabel Flores Santos"},"content":{"rendered":"","protected":false},"excerpt":{"rendered":"<p>(Sancti Sp\u00edritus, 2009) Studia presso l'Instituto Preuniversitario Honorato del Castillo Cancio, nella provincia di Sancti Sp\u00edritus.  <\/p>","protected":false},"author":1,"featured_media":8796,"parent":931,"menu_order":0,"comment_status":"closed","ping_status":"closed","template":"","meta":{"_acf_changed":false,"footnotes":"","_links_to":"","_links_to_target":""},"categories":[13,66],"tags":[63],"class_list":["post-8795","page","type-page","status-publish","has-post-thumbnail","hentry","category-beneficiarios","category-concurso-nacional-de-musica","tag-63","post","post-with-thumbnail","post-with-thumbnail-large"],"acf":[],"aioseo_notices":[],"jetpack-related-posts":[{"id":10648,"url":"https:\/\/artejoven.org\/it\/beneficiarios\/dario-cuba-hernandez\/","url_meta":{"origin":8795,"position":0},"title":"Dar\u00edo Cuba Hern\u00e1ndez","author":"Ren\u00e9 Manuel Puig","date":"31 de Marzo de 2026","format":false,"excerpt":"(Sancti Sp\u00edritus, 2008) Flautista formatosi in istituti di Sancti Sp\u00edritus e L'Avana, attualmente studente della Scuola Nazionale d'Arte di Cuba (ENA).","rel":"","context":"In &quot;Beneficiarios&quot;","block_context":{"text":"Beneficiarios","link":"https:\/\/artejoven.org\/it\/category\/beneficiarios\/"},"img":{"alt_text":"Dar\u00edo Cuba Hern\u00e1ndez","src":"https:\/\/i0.wp.com\/artejoven.org\/wp-content\/uploads\/2026\/03\/Dario-Cuba.webp?resize=350%2C200&ssl=1","width":350,"height":200,"srcset":"https:\/\/i0.wp.com\/artejoven.org\/wp-content\/uploads\/2026\/03\/Dario-Cuba.webp?resize=350%2C200&ssl=1 1x, https:\/\/i0.wp.com\/artejoven.org\/wp-content\/uploads\/2026\/03\/Dario-Cuba.webp?resize=525%2C300&ssl=1 1.5x"},"classes":[]},{"id":8837,"url":"https:\/\/artejoven.org\/it\/beneficiarios\/karla-betancourt\/","url_meta":{"origin":8795,"position":1},"title":"Karla Betancourt","author":"Ren\u00e9 Manuel Puig","date":"20 de Febbraio de 2025","format":false,"excerpt":"Karla Betancourt (Sancti Sp\u00edritus, 1992) si \u00e8 laureata in oro presso l'Universit\u00e0 delle Arti (ISA) di Cuba nel profilo Conservazione e restauro dei beni mobili (2017).","rel":"","context":"In &quot;Artes Visuales&quot;","block_context":{"text":"Artes Visuales","link":"https:\/\/artejoven.org\/it\/category\/beneficiarios\/artes-visuales-beneficiarios\/"},"img":{"alt_text":"Karla Betancourt","src":"https:\/\/i0.wp.com\/artejoven.org\/wp-content\/uploads\/2025\/02\/Karla-Betancourt.webp?resize=350%2C200&ssl=1","width":350,"height":200,"srcset":"https:\/\/i0.wp.com\/artejoven.org\/wp-content\/uploads\/2025\/02\/Karla-Betancourt.webp?resize=350%2C200&ssl=1 1x, https:\/\/i0.wp.com\/artejoven.org\/wp-content\/uploads\/2025\/02\/Karla-Betancourt.webp?resize=525%2C300&ssl=1 1.5x"},"classes":[]},{"id":3038,"url":"https:\/\/artejoven.org\/it\/beneficiarios\/cafe-estudio-gato-negro\/","url_meta":{"origin":8795,"position":2},"title":"Caff\u00e8 Estudio Gato Negro","author":"Ren\u00e9 Manuel Puig","date":"13 de Maggio de 2023","format":false,"excerpt":"A Sancti Sp\u00edritus dal 2018. Si tratta di un progetto artistico e culturale multifunzionale, per la realizzazione di diverse attivit\u00e0 artistiche con un focus sociale e comunitario.","rel":"","context":"In &quot;Beneficiarios&quot;","block_context":{"text":"Beneficiarios","link":"https:\/\/artejoven.org\/it\/category\/beneficiarios\/"},"img":{"alt_text":"Gato negro","src":"https:\/\/i0.wp.com\/artejoven.org\/wp-content\/uploads\/2023\/06\/Gato-Negro-jpg.webp?resize=350%2C200&ssl=1","width":350,"height":200},"classes":[]},{"id":7965,"url":"https:\/\/artejoven.org\/it\/convocatorias\/concurso-nacional-de-musica\/","url_meta":{"origin":8795,"position":3},"title":"Concorso nazionale di musica","author":"Ren\u00e9 Manuel Puig","date":"30 de Agosto de 2024","format":false,"excerpt":"Modulo di iscrizione alla prima edizione del Concorso nazionale di musica","rel":"","context":"In &quot;Convocatorias&quot;","block_context":{"text":"Convocatorias","link":"https:\/\/artejoven.org\/it\/category\/convocatoria\/"},"img":{"alt_text":"","src":"https:\/\/i0.wp.com\/artejoven.org\/wp-content\/uploads\/2023\/05\/Banner-Web.jpg?resize=350%2C200&ssl=1","width":350,"height":200,"srcset":"https:\/\/i0.wp.com\/artejoven.org\/wp-content\/uploads\/2023\/05\/Banner-Web.jpg?resize=350%2C200&ssl=1 1x, https:\/\/i0.wp.com\/artejoven.org\/wp-content\/uploads\/2023\/05\/Banner-Web.jpg?resize=525%2C300&ssl=1 1.5x, https:\/\/i0.wp.com\/artejoven.org\/wp-content\/uploads\/2023\/05\/Banner-Web.jpg?resize=700%2C400&ssl=1 2x"},"classes":[]},{"id":6141,"url":"https:\/\/artejoven.org\/it\/espacios-faj\/salon-blanco\/habana-un-alma-palpable\/","url_meta":{"origin":8795,"position":4},"title":"L'Avana, un'anima palpabile","author":"Ren\u00e9 Manuel Puig","date":"23 de Ottobre de 2023","format":false,"excerpt":"L'Avana, un'anima palpabile \u00e8 una mostra che riunisce un gruppo di fotografi cubani molto giovani ed emergenti nel cui lavoro troviamo non una, ma molte Avane.","rel":"","context":"In &quot;Exposiciones&quot;","block_context":{"text":"Exposiciones","link":"https:\/\/artejoven.org\/it\/category\/espacios\/exposiciones-espacios\/"},"img":{"alt_text":"Habana, un alma palpable","src":"https:\/\/i0.wp.com\/artejoven.org\/wp-content\/uploads\/2023\/10\/Habana-un-alma-palpable-68.WEBP?resize=350%2C200&ssl=1","width":350,"height":200,"srcset":"https:\/\/i0.wp.com\/artejoven.org\/wp-content\/uploads\/2023\/10\/Habana-un-alma-palpable-68.WEBP?resize=350%2C200&ssl=1 1x, https:\/\/i0.wp.com\/artejoven.org\/wp-content\/uploads\/2023\/10\/Habana-un-alma-palpable-68.WEBP?resize=525%2C300&ssl=1 1.5x, https:\/\/i0.wp.com\/artejoven.org\/wp-content\/uploads\/2023\/10\/Habana-un-alma-palpable-68.WEBP?resize=700%2C400&ssl=1 2x, https:\/\/i0.wp.com\/artejoven.org\/wp-content\/uploads\/2023\/10\/Habana-un-alma-palpable-68.WEBP?resize=1050%2C600&ssl=1 3x, https:\/\/i0.wp.com\/artejoven.org\/wp-content\/uploads\/2023\/10\/Habana-un-alma-palpable-68.WEBP?resize=1400%2C800&ssl=1 4x"},"classes":[]}],"jetpack_sharing_enabled":true,"_links":{"self":[{"href":"https:\/\/artejoven.org\/it\/wp-json\/wp\/v2\/pages\/8795","targetHints":{"allow":["GET"]}}],"collection":[{"href":"https:\/\/artejoven.org\/it\/wp-json\/wp\/v2\/pages"}],"about":[{"href":"https:\/\/artejoven.org\/it\/wp-json\/wp\/v2\/types\/page"}],"author":[{"embeddable":true,"href":"https:\/\/artejoven.org\/it\/wp-json\/wp\/v2\/users\/1"}],"replies":[{"embeddable":true,"href":"https:\/\/artejoven.org\/it\/wp-json\/wp\/v2\/comments?post=8795"}],"version-history":[{"count":0,"href":"https:\/\/artejoven.org\/it\/wp-json\/wp\/v2\/pages\/8795\/revisions"}],"up":[{"embeddable":true,"href":"https:\/\/artejoven.org\/it\/wp-json\/wp\/v2\/pages\/931"}],"wp:featuredmedia":[{"embeddable":true,"href":"https:\/\/artejoven.org\/it\/wp-json\/wp\/v2\/media\/8796"}],"wp:attachment":[{"href":"https:\/\/artejoven.org\/it\/wp-json\/wp\/v2\/media?parent=8795"}],"wp:term":[{"taxonomy":"category","embeddable":true,"href":"https:\/\/artejoven.org\/it\/wp-json\/wp\/v2\/categories?post=8795"},{"taxonomy":"post_tag","embeddable":true,"href":"https:\/\/artejoven.org\/it\/wp-json\/wp\/v2\/tags?post=8795"}],"curies":[{"name":"wp","href":"https:\/\/api.w.org\/{rel}","templated":true}]}}