{"id":8799,"date":"2025-02-13T08:45:47","date_gmt":"2025-02-13T13:45:47","guid":{"rendered":"https:\/\/artejoven.org\/?page_id=8799"},"modified":"2025-02-13T08:45:50","modified_gmt":"2025-02-13T13:45:50","slug":"alejandro-sanchez-veliz","status":"publish","type":"page","link":"https:\/\/artejoven.org\/it\/beneficiarios\/alejandro-sanchez-veliz\/","title":{"rendered":"Alejandro S\u00e1nchez Veliz"},"content":{"rendered":"","protected":false},"excerpt":{"rendered":"<p>(Villa Clara, 2006) Studente di clarinetto presso la Scuola Nazionale di Musica dell'Avana. <\/p>","protected":false},"author":1,"featured_media":8800,"parent":931,"menu_order":0,"comment_status":"closed","ping_status":"closed","template":"","meta":{"_acf_changed":false,"footnotes":"","_links_to":"","_links_to_target":""},"categories":[13,66],"tags":[63],"class_list":["post-8799","page","type-page","status-publish","has-post-thumbnail","hentry","category-beneficiarios","category-concurso-nacional-de-musica","tag-63","post","post-with-thumbnail","post-with-thumbnail-large"],"acf":[],"aioseo_notices":[],"jetpack-related-posts":[{"id":8767,"url":"https:\/\/artejoven.org\/it\/espacios-faj\/concurso-nacional-de-musica\/","url_meta":{"origin":8799,"position":0},"title":"Concorso nazionale di musica","author":"Ren\u00e9 Manuel Puig","date":"12 de Febbraio de 2025","format":false,"excerpt":"Auspiciado por el FAJ y UNICEF Cuba, la iniciativa se dirige a m\u00fasicos en formaci\u00f3n formal o informal (de la ense\u00f1anza art\u00edstica o autodidactas), de nacionalidad cubana, residentes en Cuba, con el objetivo de promover procesos creativos que favorezcan el crecimiento espiritual, la creatividad y la expresi\u00f3n de adolescentes, as\u00ed\u2026","rel":"","context":"In &quot;Espacios&quot;","block_context":{"text":"Espacios","link":"https:\/\/artejoven.org\/it\/category\/espacios\/"},"img":{"alt_text":"","src":"https:\/\/i0.wp.com\/artejoven.org\/wp-content\/uploads\/2025\/07\/BANNER_CONCURSO-NACIONAL-DE-MUSICA-2DA-EDICION.webp?resize=350%2C200&ssl=1","width":350,"height":200,"srcset":"https:\/\/i0.wp.com\/artejoven.org\/wp-content\/uploads\/2025\/07\/BANNER_CONCURSO-NACIONAL-DE-MUSICA-2DA-EDICION.webp?resize=350%2C200&ssl=1 1x, https:\/\/i0.wp.com\/artejoven.org\/wp-content\/uploads\/2025\/07\/BANNER_CONCURSO-NACIONAL-DE-MUSICA-2DA-EDICION.webp?resize=525%2C300&ssl=1 1.5x, https:\/\/i0.wp.com\/artejoven.org\/wp-content\/uploads\/2025\/07\/BANNER_CONCURSO-NACIONAL-DE-MUSICA-2DA-EDICION.webp?resize=700%2C400&ssl=1 2x, https:\/\/i0.wp.com\/artejoven.org\/wp-content\/uploads\/2025\/07\/BANNER_CONCURSO-NACIONAL-DE-MUSICA-2DA-EDICION.webp?resize=1050%2C600&ssl=1 3x"},"classes":[]},{"id":8936,"url":"https:\/\/artejoven.org\/it\/beneficiarios\/elias-alexander-ferrer-duverger\/","url_meta":{"origin":8799,"position":1},"title":"El\u00edas Alexander Ferrer Duverger","author":"Ren\u00e9 Manuel Puig","date":"24 de Febbraio de 2025","format":false,"excerpt":"(L'Avana, 2006) Studente di percussioni presso la Escuela Nacional de M\u00fasica, L'Avana.","rel":"","context":"In &quot;Beneficiarios&quot;","block_context":{"text":"Beneficiarios","link":"https:\/\/artejoven.org\/it\/category\/beneficiarios\/"},"img":{"alt_text":"El\u00edas Alexander Ferrer Duverger","src":"https:\/\/i0.wp.com\/artejoven.org\/wp-content\/uploads\/2025\/02\/Duve-Elias.webp?resize=350%2C200&ssl=1","width":350,"height":200,"srcset":"https:\/\/i0.wp.com\/artejoven.org\/wp-content\/uploads\/2025\/02\/Duve-Elias.webp?resize=350%2C200&ssl=1 1x, https:\/\/i0.wp.com\/artejoven.org\/wp-content\/uploads\/2025\/02\/Duve-Elias.webp?resize=525%2C300&ssl=1 1.5x"},"classes":[]},{"id":10578,"url":"https:\/\/artejoven.org\/it\/beneficiarios\/vismar-suarez-gomez\/","url_meta":{"origin":8799,"position":2},"title":"Vismar Su\u00e1rez G\u00f3mez","author":"Ren\u00e9 Manuel Puig","date":"6 de Marzo de 2026","format":false,"excerpt":"(L'Avana, 2008) Sassofonista formatosi alla Escuela Elemental de M\u00fasica Alejandro Garc\u00eda Caturla dell'Avana e studente della Escuela Nacional de Arte de Cuba (ENA).","rel":"","context":"In &quot;Beneficiarios&quot;","block_context":{"text":"Beneficiarios","link":"https:\/\/artejoven.org\/it\/category\/beneficiarios\/"},"img":{"alt_text":"Vismar Su\u00e1rez G\u00f3mez","src":"https:\/\/i0.wp.com\/artejoven.org\/wp-content\/uploads\/2026\/03\/Vismar-Suarez-Gomez.webp?resize=350%2C200&ssl=1","width":350,"height":200,"srcset":"https:\/\/i0.wp.com\/artejoven.org\/wp-content\/uploads\/2026\/03\/Vismar-Suarez-Gomez.webp?resize=350%2C200&ssl=1 1x, https:\/\/i0.wp.com\/artejoven.org\/wp-content\/uploads\/2026\/03\/Vismar-Suarez-Gomez.webp?resize=525%2C300&ssl=1 1.5x"},"classes":[]},{"id":8754,"url":"https:\/\/artejoven.org\/it\/beneficiarios\/laura-diaz-la-o\/","url_meta":{"origin":8799,"position":3},"title":"Laura D\u00edaz La O","author":"Ren\u00e9 Manuel Puig","date":"11 de Febbraio de 2025","format":false,"excerpt":"(L'Avana, 2007) Studente di violino presso il conservatorio di musica \"Amadeo Rold\u00e1n, L'Avana.","rel":"","context":"In &quot;Beneficiarios&quot;","block_context":{"text":"Beneficiarios","link":"https:\/\/artejoven.org\/it\/category\/beneficiarios\/"},"img":{"alt_text":"Laura D\u00edaz La O","src":"https:\/\/i0.wp.com\/artejoven.org\/wp-content\/uploads\/2025\/02\/Laura-Diaz.webp?resize=350%2C200&ssl=1","width":350,"height":200,"srcset":"https:\/\/i0.wp.com\/artejoven.org\/wp-content\/uploads\/2025\/02\/Laura-Diaz.webp?resize=350%2C200&ssl=1 1x, https:\/\/i0.wp.com\/artejoven.org\/wp-content\/uploads\/2025\/02\/Laura-Diaz.webp?resize=525%2C300&ssl=1 1.5x"},"classes":[]},{"id":6493,"url":"https:\/\/artejoven.org\/it\/beneficiarios\/darlin-johancy-michel\/","url_meta":{"origin":8799,"position":4},"title":"Darlin Johancy Michel","author":"Ren\u00e9 Manuel Puig","date":"5 de Dicembre de 2023","format":false,"excerpt":"Musicista haitiano. La sua passione per quest'arte lo ha portato a prendere lezioni di armonia jazz con Turgot Th\u00e9odat presso l'ENARTS (Ecole Nationale des Arts).","rel":"","context":"In &quot;Beneficiarios&quot;","block_context":{"text":"Beneficiarios","link":"https:\/\/artejoven.org\/it\/category\/beneficiarios\/"},"img":{"alt_text":"Darlin Johancy Michel","src":"https:\/\/i0.wp.com\/artejoven.org\/wp-content\/uploads\/2023\/12\/Darlin-jpg.webp?resize=350%2C200&ssl=1","width":350,"height":200,"srcset":"https:\/\/i0.wp.com\/artejoven.org\/wp-content\/uploads\/2023\/12\/Darlin-jpg.webp?resize=350%2C200&ssl=1 1x, https:\/\/i0.wp.com\/artejoven.org\/wp-content\/uploads\/2023\/12\/Darlin-jpg.webp?resize=525%2C300&ssl=1 1.5x"},"classes":[]},{"id":7341,"url":"https:\/\/artejoven.org\/it\/beneficiarios\/luis-miguel-sanchez\/","url_meta":{"origin":8799,"position":5},"title":"Luis Miguel Sanchez","author":"Ren\u00e9 Manuel Puig","date":"10 de Aprile de 2024","format":false,"excerpt":"Luis Miguel S\u00e1nchez (Cienfuegos, 1998) \u00e8 un giovane polistrumentista, laureato in Musica presso la Escuela Nacional de Arte nel 2017, specializzato in sassofono.","rel":"","context":"In &quot;Beneficiarios&quot;","block_context":{"text":"Beneficiarios","link":"https:\/\/artejoven.org\/it\/category\/beneficiarios\/"},"img":{"alt_text":"Luis Miguel S\u00e1nchez","src":"https:\/\/i0.wp.com\/artejoven.org\/wp-content\/uploads\/2024\/04\/Luis-Miguel-Sanchez-jpg.webp?resize=350%2C200&ssl=1","width":350,"height":200},"classes":[]}],"jetpack_sharing_enabled":true,"_links":{"self":[{"href":"https:\/\/artejoven.org\/it\/wp-json\/wp\/v2\/pages\/8799","targetHints":{"allow":["GET"]}}],"collection":[{"href":"https:\/\/artejoven.org\/it\/wp-json\/wp\/v2\/pages"}],"about":[{"href":"https:\/\/artejoven.org\/it\/wp-json\/wp\/v2\/types\/page"}],"author":[{"embeddable":true,"href":"https:\/\/artejoven.org\/it\/wp-json\/wp\/v2\/users\/1"}],"replies":[{"embeddable":true,"href":"https:\/\/artejoven.org\/it\/wp-json\/wp\/v2\/comments?post=8799"}],"version-history":[{"count":0,"href":"https:\/\/artejoven.org\/it\/wp-json\/wp\/v2\/pages\/8799\/revisions"}],"up":[{"embeddable":true,"href":"https:\/\/artejoven.org\/it\/wp-json\/wp\/v2\/pages\/931"}],"wp:featuredmedia":[{"embeddable":true,"href":"https:\/\/artejoven.org\/it\/wp-json\/wp\/v2\/media\/8800"}],"wp:attachment":[{"href":"https:\/\/artejoven.org\/it\/wp-json\/wp\/v2\/media?parent=8799"}],"wp:term":[{"taxonomy":"category","embeddable":true,"href":"https:\/\/artejoven.org\/it\/wp-json\/wp\/v2\/categories?post=8799"},{"taxonomy":"post_tag","embeddable":true,"href":"https:\/\/artejoven.org\/it\/wp-json\/wp\/v2\/tags?post=8799"}],"curies":[{"name":"wp","href":"https:\/\/api.w.org\/{rel}","templated":true}]}}