{"id":8904,"date":"2025-02-24T18:26:20","date_gmt":"2025-02-24T23:26:20","guid":{"rendered":"https:\/\/artejoven.org\/?page_id=8904"},"modified":"2025-02-24T18:26:22","modified_gmt":"2025-02-24T23:26:22","slug":"galleria-ona","status":"publish","type":"page","link":"https:\/\/artejoven.org\/it\/beneficiarios\/ona-galeria\/","title":{"rendered":"Galleria ONA"},"content":{"rendered":"","protected":false},"excerpt":{"rendered":"<p>Collettivo curatoriale con sede nello studio-laboratorio dello scultore e artista Aramis Justiz, concepito per la diffusione e la promozione di artisti emergenti e dell'arte contemporanea a Cuba. <\/p>","protected":false},"author":1,"featured_media":8905,"parent":931,"menu_order":0,"comment_status":"closed","ping_status":"closed","template":"","meta":{"_acf_changed":false,"footnotes":"","_links_to":"","_links_to_target":""},"categories":[13,33],"tags":[63,58],"class_list":["post-8904","page","type-page","status-publish","has-post-thumbnail","hentry","category-beneficiarios","category-emprendimientos-beneficiarios","tag-63","tag-segundo-programa","post","post-with-thumbnail","post-with-thumbnail-large"],"acf":[],"aioseo_notices":[],"jetpack-related-posts":[{"id":9897,"url":"https:\/\/www.instagram.com\/uneacuba\/","url_meta":{"origin":8904,"position":0},"title":"Uni\u00f3n de Escritores y Artistas de Cuba (UNEAC) (Unione degli scrittori e degli artisti di Cuba)","author":"Ren\u00e9 Manuel Puig","date":"9 de Ottobre de 2025","format":false,"excerpt":"Associazione professionale, culturale e sociale che riunisce e rappresenta scrittori e artisti cubani.","rel":"","context":"In &quot;Aliados&quot;","block_context":{"text":"Aliados","link":"https:\/\/artejoven.org\/it\/category\/aliados\/"},"img":{"alt_text":"Uni\u00f3n de Escritores y Artistas de Cuba (UNEAC)","src":"https:\/\/i0.wp.com\/artejoven.org\/wp-content\/uploads\/2025\/10\/UNEAC.webp?resize=350%2C200&ssl=1","width":350,"height":200,"srcset":"https:\/\/i0.wp.com\/artejoven.org\/wp-content\/uploads\/2025\/10\/UNEAC.webp?resize=350%2C200&ssl=1 1x, https:\/\/i0.wp.com\/artejoven.org\/wp-content\/uploads\/2025\/10\/UNEAC.webp?resize=525%2C300&ssl=1 1.5x"},"classes":[]},{"id":10231,"url":"https:\/\/drive.google.com\/drive\/folders\/1d0mwx6zAfkG_zs7JL7x7d7S_RmvtM4jX","url_meta":{"origin":8904,"position":1},"title":"\u00abNada\u00bb, catalogo dell'artista visiva Clara Mass\u00f3","author":"Ren\u00e9 Manuel Puig","date":"10 de Dicembre de 2025","format":false,"excerpt":"Vincitrice della prima edizione di malaYerba. Concorso d'arte per giovani artisti.","rel":"","context":"In &quot;Artes Visuales&quot;","block_context":{"text":"Artes Visuales","link":"https:\/\/artejoven.org\/it\/category\/recursos\/artes-visuales-recursos\/"},"img":{"alt_text":"","src":"","width":0,"height":0},"classes":[]},{"id":7329,"url":"https:\/\/artejoven.org\/it\/beneficiarios\/estaciones\/","url_meta":{"origin":8904,"position":2},"title":"Stazioni","author":"Ren\u00e9 Manuel Puig","date":"10 de Aprile de 2024","format":false,"excerpt":"Questa iniziativa della giovane artista visiva Mar\u00eda Karla Gonz\u00e1lez (Villa Clara, 2003) mira a generare eventi artistici assumendo il non-estetico come base dell'evento artistico.","rel":"","context":"In &quot;Artes Visuales&quot;","block_context":{"text":"Artes Visuales","link":"https:\/\/artejoven.org\/it\/category\/beneficiarios\/artes-visuales-beneficiarios\/"},"img":{"alt_text":"Estaciones","src":"https:\/\/i0.wp.com\/artejoven.org\/wp-content\/uploads\/2024\/04\/Estaciones-jpg.webp?resize=350%2C200&ssl=1","width":350,"height":200},"classes":[]},{"id":6519,"url":"https:\/\/artejoven.org\/it\/beneficiarios\/victoria-onelien\/","url_meta":{"origin":8904,"position":3},"title":"Victoria On\u00e9lien","author":"Ren\u00e9 Manuel Puig","date":"5 de Dicembre de 2023","format":false,"excerpt":"Giovane e talentuosa artista visiva. \u00c8 pittrice e street artist.","rel":"","context":"In &quot;Artes Visuales&quot;","block_context":{"text":"Artes Visuales","link":"https:\/\/artejoven.org\/it\/category\/beneficiarios\/artes-visuales-beneficiarios\/"},"img":{"alt_text":"Victoria On\u00e9lien","src":"https:\/\/i0.wp.com\/artejoven.org\/wp-content\/uploads\/2023\/12\/Vicky--jpg.webp?resize=350%2C200&ssl=1","width":350,"height":200},"classes":[]},{"id":3679,"url":"https:\/\/www.fundacioncarolina.es\/","url_meta":{"origin":8904,"position":4},"title":"Sito web della Fondazione Carolina","author":"Ren\u00e9 Manuel Puig","date":"12 de Giugno de 2023","format":false,"excerpt":"Borse di studio artistiche per i latinoamericani, tra gli altri argomenti.","rel":"","context":"In &quot;M\u00fasica&quot;","block_context":{"text":"M\u00fasica","link":"https:\/\/artejoven.org\/it\/category\/recursos\/musica-recursos\/"},"img":{"alt_text":"","src":"","width":0,"height":0},"classes":[]},{"id":6486,"url":"https:\/\/artejoven.org\/it\/beneficiarios\/sylvania-sylvain\/","url_meta":{"origin":8904,"position":5},"title":"Sylvania Sylvain","author":"Ren\u00e9 Manuel Puig","date":"5 de Dicembre de 2023","format":false,"excerpt":"Artista e chitarrista, appassionato di musica; spinto dalla costante ricerca dell'espressione artistica.","rel":"","context":"In &quot;Beneficiarios&quot;","block_context":{"text":"Beneficiarios","link":"https:\/\/artejoven.org\/it\/category\/beneficiarios\/"},"img":{"alt_text":"Sylvania Sylvain","src":"https:\/\/i0.wp.com\/artejoven.org\/wp-content\/uploads\/2023\/12\/Vava-jpg.webp?resize=350%2C200&ssl=1","width":350,"height":200,"srcset":"https:\/\/i0.wp.com\/artejoven.org\/wp-content\/uploads\/2023\/12\/Vava-jpg.webp?resize=350%2C200&ssl=1 1x, https:\/\/i0.wp.com\/artejoven.org\/wp-content\/uploads\/2023\/12\/Vava-jpg.webp?resize=525%2C300&ssl=1 1.5x"},"classes":[]}],"jetpack_sharing_enabled":true,"_links":{"self":[{"href":"https:\/\/artejoven.org\/it\/wp-json\/wp\/v2\/pages\/8904","targetHints":{"allow":["GET"]}}],"collection":[{"href":"https:\/\/artejoven.org\/it\/wp-json\/wp\/v2\/pages"}],"about":[{"href":"https:\/\/artejoven.org\/it\/wp-json\/wp\/v2\/types\/page"}],"author":[{"embeddable":true,"href":"https:\/\/artejoven.org\/it\/wp-json\/wp\/v2\/users\/1"}],"replies":[{"embeddable":true,"href":"https:\/\/artejoven.org\/it\/wp-json\/wp\/v2\/comments?post=8904"}],"version-history":[{"count":0,"href":"https:\/\/artejoven.org\/it\/wp-json\/wp\/v2\/pages\/8904\/revisions"}],"up":[{"embeddable":true,"href":"https:\/\/artejoven.org\/it\/wp-json\/wp\/v2\/pages\/931"}],"wp:featuredmedia":[{"embeddable":true,"href":"https:\/\/artejoven.org\/it\/wp-json\/wp\/v2\/media\/8905"}],"wp:attachment":[{"href":"https:\/\/artejoven.org\/it\/wp-json\/wp\/v2\/media?parent=8904"}],"wp:term":[{"taxonomy":"category","embeddable":true,"href":"https:\/\/artejoven.org\/it\/wp-json\/wp\/v2\/categories?post=8904"},{"taxonomy":"post_tag","embeddable":true,"href":"https:\/\/artejoven.org\/it\/wp-json\/wp\/v2\/tags?post=8904"}],"curies":[{"name":"wp","href":"https:\/\/api.w.org\/{rel}","templated":true}]}}