{"id":8928,"date":"2025-02-24T19:23:20","date_gmt":"2025-02-25T00:23:20","guid":{"rendered":"https:\/\/artejoven.org\/?page_id=8928"},"modified":"2025-02-25T09:01:18","modified_gmt":"2025-02-25T14:01:18","slug":"metanoia-un-percorso-verso-le-radici","status":"publish","type":"page","link":"https:\/\/artejoven.org\/it\/beneficiarios\/metanoia-una-ruta-hacia-las-raices\/","title":{"rendered":"Metanoia, un percorso verso le radici"},"content":{"rendered":"","protected":false},"excerpt":{"rendered":"<p>Iniziativa socio-culturale che promuove i valori del patrimonio culturale di Guanabacoa con la partecipazione di bambini, adolescenti e giovani.<\/p>","protected":false},"author":1,"featured_media":8941,"parent":931,"menu_order":0,"comment_status":"closed","ping_status":"closed","template":"","meta":{"_acf_changed":false,"footnotes":"","_links_to":"","_links_to_target":""},"categories":[13,33],"tags":[63,58],"class_list":["post-8928","page","type-page","status-publish","has-post-thumbnail","hentry","category-beneficiarios","category-emprendimientos-beneficiarios","tag-63","tag-segundo-programa","post","post-with-thumbnail","post-with-thumbnail-large"],"acf":[],"aioseo_notices":[],"jetpack-related-posts":[{"id":9396,"url":"https:\/\/festivalhabanaclasica.org\/","url_meta":{"origin":8928,"position":0},"title":"Associazione Culturale Classica dell'Avana (ACHC)","author":"Ren\u00e9 Manuel Puig","date":"3 de Maggio de 2025","format":false,"excerpt":"L'Asociaci\u00f3n Cultural Habana Cl\u00e1sica \u00e8 stata fondata nel 2017 su iniziativa del pianista cubano Marcos Madrigal.","rel":"","context":"In &quot;Socios&quot;","block_context":{"text":"Socios","link":"https:\/\/artejoven.org\/it\/category\/socios\/"},"img":{"alt_text":"","src":"https:\/\/i0.wp.com\/artejoven.org\/wp-content\/uploads\/2025\/05\/Habana-Clasica.webp?resize=350%2C200&ssl=1","width":350,"height":200},"classes":[]},{"id":9881,"url":"https:\/\/www.instagram.com\/catedra.musicasacra\/","url_meta":{"origin":8928,"position":1},"title":"Centro culturale Padre F\u00e9lix Varela","author":"Ren\u00e9 Manuel Puig","date":"9 de Ottobre de 2025","format":false,"excerpt":"Un'associazione indipendente di natura civile, non governativa e autonoma con la capacit\u00e0, senza fini di lucro, di possedere il proprio patrimonio e di essere soggetta ai diritti e agli obblighi previsti dalla legislazione vigente.","rel":"","context":"In &quot;Aliados&quot;","block_context":{"text":"Aliados","link":"https:\/\/artejoven.org\/it\/category\/aliados\/"},"img":{"alt_text":"Centro Cultural Padre F\u00e9lix Varela","src":"https:\/\/i0.wp.com\/artejoven.org\/wp-content\/uploads\/2025\/10\/Centro-Cultural-Padre-Felix-Varela.webp?resize=350%2C200&ssl=1","width":350,"height":200,"srcset":"https:\/\/i0.wp.com\/artejoven.org\/wp-content\/uploads\/2025\/10\/Centro-Cultural-Padre-Felix-Varela.webp?resize=350%2C200&ssl=1 1x, https:\/\/i0.wp.com\/artejoven.org\/wp-content\/uploads\/2025\/10\/Centro-Cultural-Padre-Felix-Varela.webp?resize=525%2C300&ssl=1 1.5x"},"classes":[]},{"id":12,"url":"https:\/\/artejoven.org\/it\/","url_meta":{"origin":8928,"position":2},"title":"Casa","author":"Ren\u00e9 Manuel Puig","date":"15 de Marzo de 2023","format":false,"excerpt":"Siamo una piattaforma culturale che sostiene e promuove l'arte cubana emergente e le imprese culturali che realizzano i loro progetti creativi da Cuba.","rel":"","context":"Articolo simile","block_context":{"text":"Articolo simile","link":""},"img":{"alt_text":"CIERIC","src":"https:\/\/i0.wp.com\/artejoven.org\/wp-content\/uploads\/2025\/03\/CIERIC-png.webp?resize=350%2C200&ssl=1","width":350,"height":200,"srcset":"https:\/\/i0.wp.com\/artejoven.org\/wp-content\/uploads\/2025\/03\/CIERIC-png.webp?resize=350%2C200&ssl=1 1x, https:\/\/i0.wp.com\/artejoven.org\/wp-content\/uploads\/2025\/03\/CIERIC-png.webp?resize=525%2C300&ssl=1 1.5x, https:\/\/i0.wp.com\/artejoven.org\/wp-content\/uploads\/2025\/03\/CIERIC-png.webp?resize=700%2C400&ssl=1 2x"},"classes":[]},{"id":8919,"url":"https:\/\/artejoven.org\/it\/beneficiarios\/aguacero\/","url_meta":{"origin":8928,"position":3},"title":"Acquazzone","author":"Ren\u00e9 Manuel Puig","date":"24 de Febbraio de 2025","format":false,"excerpt":"\u00c8 un progetto di promozione culturale e un luogo di incontro per gli amanti dell'arte.","rel":"","context":"In &quot;Beneficiarios&quot;","block_context":{"text":"Beneficiarios","link":"https:\/\/artejoven.org\/it\/category\/beneficiarios\/"},"img":{"alt_text":"Aguacero","src":"https:\/\/i0.wp.com\/artejoven.org\/wp-content\/uploads\/2025\/02\/Aguacero.webp?resize=350%2C200&ssl=1","width":350,"height":200,"srcset":"https:\/\/i0.wp.com\/artejoven.org\/wp-content\/uploads\/2025\/02\/Aguacero.webp?resize=350%2C200&ssl=1 1x, https:\/\/i0.wp.com\/artejoven.org\/wp-content\/uploads\/2025\/02\/Aguacero.webp?resize=525%2C300&ssl=1 1.5x"},"classes":[]},{"id":8922,"url":"https:\/\/artejoven.org\/it\/beneficiarios\/zarpe\/","url_meta":{"origin":8928,"position":4},"title":"ZARPE","author":"Ren\u00e9 Manuel Puig","date":"24 de Febbraio de 2025","format":false,"excerpt":"Una piattaforma culturale che intende contribuire alla promozione delle carriere musicali dei giovani.","rel":"","context":"In &quot;Beneficiarios&quot;","block_context":{"text":"Beneficiarios","link":"https:\/\/artejoven.org\/it\/category\/beneficiarios\/"},"img":{"alt_text":"ZARPE","src":"https:\/\/i0.wp.com\/artejoven.org\/wp-content\/uploads\/2025\/02\/ZARPE.webp?resize=350%2C200&ssl=1","width":350,"height":200,"srcset":"https:\/\/i0.wp.com\/artejoven.org\/wp-content\/uploads\/2025\/02\/ZARPE.webp?resize=350%2C200&ssl=1 1x, https:\/\/i0.wp.com\/artejoven.org\/wp-content\/uploads\/2025\/02\/ZARPE.webp?resize=525%2C300&ssl=1 1.5x"},"classes":[]},{"id":8912,"url":"https:\/\/artejoven.org\/it\/beneficiarios\/la-tribu\/","url_meta":{"origin":8928,"position":5},"title":"La Trib\u00f9","author":"Ren\u00e9 Manuel Puig","date":"24 de Febbraio de 2025","format":false,"excerpt":"Progetto socio-culturale incentrato sulla musica elettronica, in cui si mescolano diverse manifestazioni artistiche.","rel":"","context":"In &quot;Beneficiarios&quot;","block_context":{"text":"Beneficiarios","link":"https:\/\/artejoven.org\/it\/category\/beneficiarios\/"},"img":{"alt_text":"La Tribu","src":"https:\/\/i0.wp.com\/artejoven.org\/wp-content\/uploads\/2025\/02\/La-Tribu.webp?resize=350%2C200&ssl=1","width":350,"height":200,"srcset":"https:\/\/i0.wp.com\/artejoven.org\/wp-content\/uploads\/2025\/02\/La-Tribu.webp?resize=350%2C200&ssl=1 1x, https:\/\/i0.wp.com\/artejoven.org\/wp-content\/uploads\/2025\/02\/La-Tribu.webp?resize=525%2C300&ssl=1 1.5x"},"classes":[]}],"jetpack_sharing_enabled":true,"_links":{"self":[{"href":"https:\/\/artejoven.org\/it\/wp-json\/wp\/v2\/pages\/8928","targetHints":{"allow":["GET"]}}],"collection":[{"href":"https:\/\/artejoven.org\/it\/wp-json\/wp\/v2\/pages"}],"about":[{"href":"https:\/\/artejoven.org\/it\/wp-json\/wp\/v2\/types\/page"}],"author":[{"embeddable":true,"href":"https:\/\/artejoven.org\/it\/wp-json\/wp\/v2\/users\/1"}],"replies":[{"embeddable":true,"href":"https:\/\/artejoven.org\/it\/wp-json\/wp\/v2\/comments?post=8928"}],"version-history":[{"count":0,"href":"https:\/\/artejoven.org\/it\/wp-json\/wp\/v2\/pages\/8928\/revisions"}],"up":[{"embeddable":true,"href":"https:\/\/artejoven.org\/it\/wp-json\/wp\/v2\/pages\/931"}],"wp:featuredmedia":[{"embeddable":true,"href":"https:\/\/artejoven.org\/it\/wp-json\/wp\/v2\/media\/8941"}],"wp:attachment":[{"href":"https:\/\/artejoven.org\/it\/wp-json\/wp\/v2\/media?parent=8928"}],"wp:term":[{"taxonomy":"category","embeddable":true,"href":"https:\/\/artejoven.org\/it\/wp-json\/wp\/v2\/categories?post=8928"},{"taxonomy":"post_tag","embeddable":true,"href":"https:\/\/artejoven.org\/it\/wp-json\/wp\/v2\/tags?post=8928"}],"curies":[{"name":"wp","href":"https:\/\/api.w.org\/{rel}","templated":true}]}}