{"id":9058,"date":"2025-03-20T19:18:40","date_gmt":"2025-03-20T23:18:40","guid":{"rendered":"https:\/\/artejoven.org\/?page_id=9058"},"modified":"2025-03-20T20:24:29","modified_gmt":"2025-03-21T00:24:29","slug":"informativa-sulla-privacy","status":"publish","type":"page","link":"https:\/\/artejoven.org\/it\/politica-de-privacidad\/","title":{"rendered":"Informativa sulla privacy"},"content":{"rendered":"<div data-elementor-type=\"wp-page\" data-elementor-id=\"9058\" class=\"elementor elementor-9058\" data-elementor-post-type=\"page\">\n\t\t\t\t\t\t<section class=\"elementor-section elementor-top-section elementor-element elementor-element-5040834 elementor-section-boxed elementor-section-height-default elementor-section-height-default\" data-id=\"5040834\" data-element_type=\"section\" data-e-type=\"section\" data-settings=\"{&quot;background_background&quot;:&quot;classic&quot;}\">\n\t\t\t\t\t\t<div class=\"elementor-container elementor-column-gap-default\">\n\t\t\t\t\t<div class=\"elementor-column elementor-col-100 elementor-top-column elementor-element elementor-element-8dfd707\" data-id=\"8dfd707\" data-element_type=\"column\" data-e-type=\"column\">\n\t\t\t<div class=\"elementor-widget-wrap elementor-element-populated\">\n\t\t\t\t\t\t<div class=\"elementor-element elementor-element-0c08dd0 elementor-widget elementor-widget-text-editor\" data-id=\"0c08dd0\" data-element_type=\"widget\" data-e-type=\"widget\" data-widget_type=\"text-editor.default\">\n\t\t\t\t<div class=\"elementor-widget-container\">\n\t\t\t\t\t\t\t\t\t<p data-pm-slice=\"1 1 []\"><strong>Informativa sulla privacy<\/strong><\/p><p><strong>Data di entrata in vigore:<\/strong> 20 marzo 2025.<\/p><p><strong>1. Introduzione<\/strong><br \/>Nel <strong>Fondo per l'arte giovanile (FAJ)<\/strong>Ci impegniamo a proteggere la vostra privacy e a garantire la sicurezza dei vostri dati personali. La presente Informativa sulla privacy spiega come raccogliamo, utilizziamo, conserviamo e proteggiamo le vostre informazioni.<\/p><p><strong>2. Informazioni raccolte<\/strong><br \/>Possiamo raccogliere ed elaborare i seguenti tipi di informazioni:<\/p><ul data-spread=\"false\"><li><p><strong>Informazioni personali:<\/strong> Nome, indirizzo e-mail e altri dati di contatto forniti volontariamente dall'utente.<\/p><\/li><li><p><strong>Dati di navigazione:<\/strong> Indirizzo IP, tipo di browser, sistema operativo, orari di accesso e pagine visitate.<\/p><\/li><li><p><strong>Cookie e tecnologie simili:<\/strong> Per migliorare la vostra esperienza sul nostro sito web.<\/p><\/li><\/ul><p><strong>3. Utilizzo delle informazioni<\/strong><br \/>Utilizziamo le informazioni raccolte per:<\/p><ul data-spread=\"false\"><li><p>Per fornire e migliorare i nostri servizi.<\/p><\/li><li><p>Comunicare con voi in risposta alle vostre richieste.<\/p><\/li><li><p>Personalizzare la vostra esperienza sul nostro sito web.<\/p><\/li><li><p>Garantire la sicurezza e la funzionalit\u00e0 del sito.<\/p><\/li><li><p>Rispettare gli obblighi di legge.<\/p><\/li><\/ul><p><strong>4. Condivisione delle informazioni<\/strong><br \/>Non vendiamo, affittiamo o condividiamo le vostre informazioni personali con terze parti, tranne nei casi seguenti:<\/p><ul data-spread=\"false\"><li><p>Ove necessario per ottemperare alle norme di legge.<\/p><\/li><li><p>Con i fornitori di servizi che ci aiutano a gestire il sito web e che devono rispettare la presente informativa sulla privacy.<\/p><\/li><li><p>Con terzi che fungono da giurati nei nostri inviti a presentare proposte.<\/p><\/li><\/ul><p><strong>5. Sicurezza delle informazioni<\/strong><br \/>Implementiamo misure tecniche e organizzative per proteggere i vostri dati personali dall'accesso non autorizzato, dall'alterazione o dalla distruzione.<\/p><p><strong>6. I vostri diritti<\/strong><br \/>Avete il diritto di:<\/p><ul data-spread=\"false\"><li><p>Accedere ai propri dati personali.<\/p><\/li><li><p>Richiedere la correzione o la cancellazione dei propri dati.<\/p><\/li><li><p>opporsi al trattamento dei propri dati personali.<\/p><\/li><\/ul><p>Per esercitare questi diritti, contattateci all'indirizzo <a>info@artejoven.org<\/a>.<\/p><p><strong>7. Modifiche a questa politica<\/strong><br \/>Possiamo aggiornare la presente Informativa sulla privacy in qualsiasi momento. Eventuali modifiche saranno pubblicate su questa pagina con una nuova data di entrata in vigore.<\/p><p><strong>8. Contatto<\/strong><br \/>In caso di domande sulla presente Informativa sulla privacy, potete scriverci a <a>info@artejoven.org<\/a>.<\/p>\t\t\t\t\t\t\t\t<\/div>\n\t\t\t\t<\/div>\n\t\t\t\t\t<\/div>\n\t\t<\/div>\n\t\t\t\t\t<\/div>\n\t\t<\/section>\n\t\t\t\t<\/div>","protected":false},"excerpt":{"rendered":"<p>Pol\u00edtica de Privacidad Fecha de entrada en vigencia: 20 de marzo de 2025. 1. Introducci\u00f3nEn el Fondo de Arte Joven (FAJ), nos comprometemos a proteger su privacidad y garantizar la seguridad de sus datos personales. Esta Pol\u00edtica de Privacidad explica c\u00f3mo recopilamos, usamos, almacenamos y protegemos su informaci\u00f3n. 2. Informaci\u00f3n que recopilamosPodemos recopilar y procesar [&hellip;]<\/p>\n","protected":false},"author":1,"featured_media":0,"parent":0,"menu_order":0,"comment_status":"closed","ping_status":"closed","template":"","meta":{"_acf_changed":false,"footnotes":"","_links_to":"","_links_to_target":""},"categories":[],"tags":[],"class_list":["post-9058","page","type-page","status-publish","hentry","post"],"acf":[],"aioseo_notices":[],"jetpack-related-posts":[{"id":6717,"url":"https:\/\/drive.google.com\/file\/d\/1np4SMoMfGtysNAnvK9bpRB1H-NpRKMpe\/view?usp=sharing","url_meta":{"origin":9058,"position":0},"title":"La direzione orchestrale sinfonica. La sua espressione a Cuba","author":"Ren\u00e9 Manuel Puig","date":"19 de Dicembre de 2023","format":false,"excerpt":"Este trabajo, sin duda, marca una cumbre en la esencia pedag\u00f3gica que siempre ha acompa\u00f1ado a Guido L\u00f3pez-Gavil\u00e1n: quien antes de una partitura decidi\u00f3 ense\u00f1ar letras, quien antes de subir a un p\u00f3dium subi\u00f3 monta\u00f1as para compartir lo aprendido, quien antes de tocar melod\u00edas ya lograba tocar corazones.","rel":"","context":"In &quot;M\u00fasica&quot;","block_context":{"text":"M\u00fasica","link":"https:\/\/artejoven.org\/it\/category\/recursos\/musica-recursos\/"},"img":{"alt_text":"","src":"","width":0,"height":0},"classes":[]},{"id":7965,"url":"https:\/\/artejoven.org\/it\/convocatorias\/concurso-nacional-de-musica\/","url_meta":{"origin":9058,"position":1},"title":"Concorso nazionale di musica","author":"Ren\u00e9 Manuel Puig","date":"30 de Agosto de 2024","format":false,"excerpt":"Modulo di iscrizione alla prima edizione del Concorso nazionale di musica","rel":"","context":"In &quot;Convocatorias&quot;","block_context":{"text":"Convocatorias","link":"https:\/\/artejoven.org\/it\/category\/convocatoria\/"},"img":{"alt_text":"","src":"https:\/\/i0.wp.com\/artejoven.org\/wp-content\/uploads\/2023\/05\/Banner-Web.jpg?resize=350%2C200&ssl=1","width":350,"height":200,"srcset":"https:\/\/i0.wp.com\/artejoven.org\/wp-content\/uploads\/2023\/05\/Banner-Web.jpg?resize=350%2C200&ssl=1 1x, https:\/\/i0.wp.com\/artejoven.org\/wp-content\/uploads\/2023\/05\/Banner-Web.jpg?resize=525%2C300&ssl=1 1.5x, https:\/\/i0.wp.com\/artejoven.org\/wp-content\/uploads\/2023\/05\/Banner-Web.jpg?resize=700%2C400&ssl=1 2x"},"classes":[]},{"id":935,"url":"https:\/\/artejoven.org\/it\/noticias\/","url_meta":{"origin":9058,"position":2},"title":"Notizie","author":"Ren\u00e9 Manuel Puig","date":"17 de Aprile de 2023","format":false,"excerpt":"Tenetevi aggiornati sulle nostre novit\u00e0.","rel":"","context":"Articolo simile","block_context":{"text":"Articolo simile","link":""},"img":{"alt_text":"Residencia Acad\u00e9mica Hait\u00ed - Cuba","src":"https:\/\/i0.wp.com\/artejoven.org\/wp-content\/uploads\/2023\/12\/Residencia-Academica-Haiti-Cuba.webp?resize=350%2C200&ssl=1","width":350,"height":200,"srcset":"https:\/\/i0.wp.com\/artejoven.org\/wp-content\/uploads\/2023\/12\/Residencia-Academica-Haiti-Cuba.webp?resize=350%2C200&ssl=1 1x, https:\/\/i0.wp.com\/artejoven.org\/wp-content\/uploads\/2023\/12\/Residencia-Academica-Haiti-Cuba.webp?resize=525%2C300&ssl=1 1.5x, https:\/\/i0.wp.com\/artejoven.org\/wp-content\/uploads\/2023\/12\/Residencia-Academica-Haiti-Cuba.webp?resize=700%2C400&ssl=1 2x, https:\/\/i0.wp.com\/artejoven.org\/wp-content\/uploads\/2023\/12\/Residencia-Academica-Haiti-Cuba.webp?resize=1050%2C600&ssl=1 3x, https:\/\/i0.wp.com\/artejoven.org\/wp-content\/uploads\/2023\/12\/Residencia-Academica-Haiti-Cuba.webp?resize=1400%2C800&ssl=1 4x"},"classes":[]},{"id":9339,"url":"#element","url_meta":{"origin":9058,"position":3},"title":"Barbara Profeta","author":"Ren\u00e9 Manuel Puig","date":"3 de Maggio de 2025","format":false,"excerpt":"Specialista in politiche di salute pubblica. Responsabile degli affari di cooperazione internazionale presso l'Ambasciata di Svizzera a Pechino (Cina), tesoriere del Fondo per i giovani artisti.","rel":"","context":"In &quot;Organizaci\u00f3n&quot;","block_context":{"text":"Organizaci\u00f3n","link":"https:\/\/artejoven.org\/it\/category\/organizacion\/"},"img":{"alt_text":"B\u00e1rbara Profeta","src":"https:\/\/i0.wp.com\/artejoven.org\/wp-content\/uploads\/2023\/04\/Barbara-Profeta.webp?resize=350%2C200&ssl=1","width":350,"height":200,"srcset":"https:\/\/i0.wp.com\/artejoven.org\/wp-content\/uploads\/2023\/04\/Barbara-Profeta.webp?resize=350%2C200&ssl=1 1x, https:\/\/i0.wp.com\/artejoven.org\/wp-content\/uploads\/2023\/04\/Barbara-Profeta.webp?resize=525%2C300&ssl=1 1.5x, https:\/\/i0.wp.com\/artejoven.org\/wp-content\/uploads\/2023\/04\/Barbara-Profeta.webp?resize=700%2C400&ssl=1 2x, https:\/\/i0.wp.com\/artejoven.org\/wp-content\/uploads\/2023\/04\/Barbara-Profeta.webp?resize=1050%2C600&ssl=1 3x"},"classes":[]},{"id":7368,"url":"https:\/\/artejoven.org\/it\/beneficiarios\/yasmani-castro-caballero\/","url_meta":{"origin":9058,"position":4},"title":"Yasmani Castro Caballero","author":"Ren\u00e9 Manuel Puig","date":"17 de Aprile de 2024","format":false,"excerpt":"Yasmani Castro Caballero (Santiago de Cuba, 1992) \u00e8 laureata in Scienze dell'Educazione e frequenta il quarto anno di Comunicazione Audiovisiva nel campo della regia presso la sede di Holgu\u00edn dell'Universit\u00e0 delle Arti.","rel":"","context":"In &quot;Beneficiarios&quot;","block_context":{"text":"Beneficiarios","link":"https:\/\/artejoven.org\/it\/category\/beneficiarios\/"},"img":{"alt_text":"Yasmani Castro","src":"https:\/\/i0.wp.com\/artejoven.org\/wp-content\/uploads\/2024\/04\/Yasmani-Castro.jpg?resize=350%2C200&ssl=1","width":350,"height":200},"classes":[]},{"id":9401,"url":"https:\/\/dcubamusica.cult.cu\/","url_meta":{"origin":9058,"position":5},"title":"Istituto cubano di musica","author":"Ren\u00e9 Manuel Puig","date":"3 de Maggio de 2025","format":false,"excerpt":"L'Istituto Cubano di Musica (ICM) \u00e8 un'istituzione governativa cubana fondata nel 1989 con l'obiettivo di organizzare, promuovere, sponsorizzare e proteggere il patrimonio musicale cubano.","rel":"","context":"In &quot;Socios&quot;","block_context":{"text":"Socios","link":"https:\/\/artejoven.org\/it\/category\/socios\/"},"img":{"alt_text":"","src":"https:\/\/i0.wp.com\/artejoven.org\/wp-content\/uploads\/2025\/05\/ICM.webp?resize=350%2C200&ssl=1","width":350,"height":200},"classes":[]}],"jetpack_sharing_enabled":true,"_links":{"self":[{"href":"https:\/\/artejoven.org\/it\/wp-json\/wp\/v2\/pages\/9058","targetHints":{"allow":["GET"]}}],"collection":[{"href":"https:\/\/artejoven.org\/it\/wp-json\/wp\/v2\/pages"}],"about":[{"href":"https:\/\/artejoven.org\/it\/wp-json\/wp\/v2\/types\/page"}],"author":[{"embeddable":true,"href":"https:\/\/artejoven.org\/it\/wp-json\/wp\/v2\/users\/1"}],"replies":[{"embeddable":true,"href":"https:\/\/artejoven.org\/it\/wp-json\/wp\/v2\/comments?post=9058"}],"version-history":[{"count":0,"href":"https:\/\/artejoven.org\/it\/wp-json\/wp\/v2\/pages\/9058\/revisions"}],"wp:attachment":[{"href":"https:\/\/artejoven.org\/it\/wp-json\/wp\/v2\/media?parent=9058"}],"wp:term":[{"taxonomy":"category","embeddable":true,"href":"https:\/\/artejoven.org\/it\/wp-json\/wp\/v2\/categories?post=9058"},{"taxonomy":"post_tag","embeddable":true,"href":"https:\/\/artejoven.org\/it\/wp-json\/wp\/v2\/tags?post=9058"}],"curies":[{"name":"wp","href":"https:\/\/api.w.org\/{rel}","templated":true}]}}